{"id":1072,"date":"2020-03-19T19:28:51","date_gmt":"2020-03-19T22:28:51","guid":{"rendered":"http:\/\/www.indaial.sc.gov.br\/empreendedor\/?page_id=1072"},"modified":"2020-03-19T19:28:51","modified_gmt":"2020-03-19T22:28:51","slug":"consulta-de-empresas","status":"publish","type":"page","link":"http:\/\/www.indaial.sc.gov.br\/empreendedor\/index.php\/consulta-de-empresas\/","title":{"rendered":"Consulta de Empresas"},"content":{"rendered":"\n<p>Buscando uma empresa na cidade de Indaial, disponibilizamos para voc\u00ea uma rela\u00e7\u00e3o com todas am empresas cadastradas no munic\u00edpio.<\/p>\n\n\n\n<p><a href=\"https:\/\/indaial.atende.net\/?pg=autoatendimento#!\/tipo\/servico\/valor\/142\/padrao\/1\/load\/1\" target=\"_blank\" rel=\"noreferrer noopener\" aria-label=\"Consulta de Empresas - Indaial (abre numa nova aba)\">Consulta de Empresas &#8211; Indaial<\/a><\/p>\n","protected":false},"excerpt":{"rendered":"<p>Buscando uma empresa na cidade de Indaial, disponibilizamos para voc\u00ea uma rela\u00e7\u00e3o com todas am empresas cadastradas no munic\u00edpio. Consulta de Empresas &#8211; Indaial<\/p>\n","protected":false},"author":1,"featured_media":0,"parent":0,"menu_order":0,"comment_status":"closed","ping_status":"closed","template":"","meta":{"footnotes":""},"class_list":["post-1072","page","type-page","status-publish","hentry"],"_links":{"self":[{"href":"http:\/\/www.indaial.sc.gov.br\/empreendedor\/index.php\/wp-json\/wp\/v2\/pages\/1072","targetHints":{"allow":["GET"]}}],"collection":[{"href":"http:\/\/www.indaial.sc.gov.br\/empreendedor\/index.php\/wp-json\/wp\/v2\/pages"}],"about":[{"href":"http:\/\/www.indaial.sc.gov.br\/empreendedor\/index.php\/wp-json\/wp\/v2\/types\/page"}],"author":[{"embeddable":true,"href":"http:\/\/www.indaial.sc.gov.br\/empreendedor\/index.php\/wp-json\/wp\/v2\/users\/1"}],"replies":[{"embeddable":true,"href":"http:\/\/www.indaial.sc.gov.br\/empreendedor\/index.php\/wp-json\/wp\/v2\/comments?post=1072"}],"version-history":[{"count":1,"href":"http:\/\/www.indaial.sc.gov.br\/empreendedor\/index.php\/wp-json\/wp\/v2\/pages\/1072\/revisions"}],"predecessor-version":[{"id":1073,"href":"http:\/\/www.indaial.sc.gov.br\/empreendedor\/index.php\/wp-json\/wp\/v2\/pages\/1072\/revisions\/1073"}],"wp:attachment":[{"href":"http:\/\/www.indaial.sc.gov.br\/empreendedor\/index.php\/wp-json\/wp\/v2\/media?parent=1072"}],"curies":[{"name":"wp","href":"https:\/\/api.w.org\/{rel}","templated":true}]}}