{"id":124,"date":"2020-02-26T14:04:36","date_gmt":"2020-02-26T17:04:36","guid":{"rendered":"http:\/\/www.indaial.sc.gov.br\/empreendedor\/?page_id=124"},"modified":"2020-05-13T10:58:18","modified_gmt":"2020-05-13T13:58:18","slug":"alteracao-de-endereco-e-ou-atividade-de-empresas","status":"publish","type":"page","link":"http:\/\/www.indaial.sc.gov.br\/empreendedor\/index.php\/alteracao-de-endereco-e-ou-atividade-de-empresas\/","title":{"rendered":"Altera\u00e7\u00e3o de Endere\u00e7o e\/ou Atividade de Empresas"},"content":{"rendered":"\n<p>Para altera\u00e7\u00e3o de empresas no munic\u00edpio de Indaial, quando esta envolver a mudan\u00e7a de endere\u00e7o e\/ou atividade ser\u00e1 necess\u00e1rio, no primeiro momento, o encaminhamento de viabilidade no sistema REGIN (<a rel=\"noreferrer noopener\" aria-label=\" (abre numa nova aba)\" href=\"http:\/\/www.jucesc.sc.gov.br\/index.php\/servicos\/regin\" target=\"_blank\">JUCESC<\/a>) e,  posteriormente, dever\u00e3o ser enviados, pelo Auto Atendimento (<a href=\"https:\/\/indaial.atende.net\/?pg=autoatendimento#!\/tipo\/servico\/valor\/26\/padrao\/1\/load\/1\" target=\"_blank\" rel=\"noreferrer noopener\" aria-label=\" (abre numa nova aba)\">Emiss\u00e3o de Protocolos<\/a>) ou entregues na Sala do Empreendedor, os seguintes documentos:<\/p>\n\n\n\n<ul class=\"wp-block-list\"><li>FAC Municipal &#8211; preenchida com a senha do contador na <a rel=\"noreferrer noopener\" aria-label=\" (abre numa nova aba)\" href=\"https:\/\/indaial.atende.net\/?pg=autoatendimento#!\/tipo\/servico\/valor\/84\/padrao\/1\/load\/1\" target=\"_blank\">Escrita <\/a><a href=\"https:\/\/indaial.atende.net\/?pg=autoatendimento#!\/tipo\/servico\/valor\/84\/padrao\/1\/load\/1\">Fiscal <\/a> &#8211; Como Acessar a FAC;<\/li><li>Cart\u00e3o de CNPJ (<a rel=\"noreferrer noopener\" aria-label=\" (abre numa nova aba)\" href=\"http:\/\/www.receita.fazenda.gov.br\/PessoaJuridica\/CNPJ\/cnpjreva\/Cnpjreva_Solicitacao.asp\" target=\"_blank\">CNPJ<\/a>);<\/li><li>Altera\u00e7\u00e3o Contratual;<\/li><li>Viabilidade do Sistema REGIN (<a rel=\"noreferrer noopener\" aria-label=\" (abre numa nova aba)\" href=\"http:\/\/regin.jucesc.sc.gov.br\/regin.externo\/CON_ViabilidadeSelecaoExternoV4.aspx?\" target=\"_blank\">Acompanhamento Viabilidade<\/a>) &#8211; Como Solicitar Viabilidade;<\/li><li>Auto Declara\u00e7\u00e3o prevista no Anexo I do Decreto Municipal 2084\/2020, caso a viabilidade tenha sido aprovada com base neste decreto (<a href=\"https:\/\/leismunicipais.com.br\/a1\/sc\/i\/indaial\/decreto\/2020\/209\/2084\/decreto-n-2084-2020-regulamenta-a-aplicacao-da-lei-de-liberdade-economica-e-da-lei-de-enquadramento-empresarial-simplificado-bem-como-disciplina-os-procedimentos-para-dispensa-e-concessao-de-alvara-de-licenca-para-instalacao-e-funcionamento-conforme-graus-de-risco-institui-a-autodeclaracao-e-da-outras-providencias?q=2084\" target=\"_blank\" rel=\"noreferrer noopener\">Auto Declara\u00e7\u00e3o<\/a>).<\/li><\/ul>\n\n\n\n<p>\nImportante:\no contador dever\u00e1 logar com a senha da contabilidade e selecionar\nseu cliente antes de acessar a op\u00e7\u00e3o de \u201cEmiss\u00e3o de Protocolo\u201d,\ncaso contr\u00e1rio o protocolo ser\u00e1 gerado em nome da contabilidade e\nn\u00e3o de seu cliente.<\/p>\n","protected":false},"excerpt":{"rendered":"<p>Para altera\u00e7\u00e3o de empresas no munic\u00edpio de Indaial, quando esta envolver a mudan\u00e7a de endere\u00e7o e\/ou atividade ser\u00e1 necess\u00e1rio, no primeiro momento, o encaminhamento de viabilidade no sistema REGIN (JUCESC) e, posteriormente, dever\u00e3o ser enviados, pelo Auto Atendimento (Emiss\u00e3o de Protocolos) ou entregues na Sala do Empreendedor, os seguintes documentos: FAC Municipal &#8211; preenchida com [&hellip;]<\/p>\n","protected":false},"author":1,"featured_media":0,"parent":0,"menu_order":0,"comment_status":"closed","ping_status":"closed","template":"","meta":{"footnotes":""},"class_list":["post-124","page","type-page","status-publish","hentry"],"_links":{"self":[{"href":"http:\/\/www.indaial.sc.gov.br\/empreendedor\/index.php\/wp-json\/wp\/v2\/pages\/124","targetHints":{"allow":["GET"]}}],"collection":[{"href":"http:\/\/www.indaial.sc.gov.br\/empreendedor\/index.php\/wp-json\/wp\/v2\/pages"}],"about":[{"href":"http:\/\/www.indaial.sc.gov.br\/empreendedor\/index.php\/wp-json\/wp\/v2\/types\/page"}],"author":[{"embeddable":true,"href":"http:\/\/www.indaial.sc.gov.br\/empreendedor\/index.php\/wp-json\/wp\/v2\/users\/1"}],"replies":[{"embeddable":true,"href":"http:\/\/www.indaial.sc.gov.br\/empreendedor\/index.php\/wp-json\/wp\/v2\/comments?post=124"}],"version-history":[{"count":9,"href":"http:\/\/www.indaial.sc.gov.br\/empreendedor\/index.php\/wp-json\/wp\/v2\/pages\/124\/revisions"}],"predecessor-version":[{"id":2420,"href":"http:\/\/www.indaial.sc.gov.br\/empreendedor\/index.php\/wp-json\/wp\/v2\/pages\/124\/revisions\/2420"}],"wp:attachment":[{"href":"http:\/\/www.indaial.sc.gov.br\/empreendedor\/index.php\/wp-json\/wp\/v2\/media?parent=124"}],"curies":[{"name":"wp","href":"https:\/\/api.w.org\/{rel}","templated":true}]}}