{"id":133,"date":"2020-02-26T14:58:10","date_gmt":"2020-02-26T17:58:10","guid":{"rendered":"http:\/\/www.indaial.sc.gov.br\/empreendedor\/?page_id=133"},"modified":"2020-06-03T08:13:40","modified_gmt":"2020-06-03T11:13:40","slug":"escritorio-virtual","status":"publish","type":"page","link":"http:\/\/www.indaial.sc.gov.br\/empreendedor\/index.php\/escritorio-virtual\/","title":{"rendered":"Escrit\u00f3rio Virtual"},"content":{"rendered":"\n<p>Os contribuintes, MEI, ME ou EPP que exercerem suas atividades exclusivamente no estabelecimento do cliente, sem estabelecimento f\u00edsico, na condi\u00e7\u00e3o de &#8220;Escrit\u00f3rio Virtual&#8221;, e se enquadrarem nas previs\u00f5es do art. 24 da LC 216\/2018 (<a href=\"https:\/\/leismunicipais.com.br\/a1\/sc\/i\/indaial\/lei-complementar\/2018\/22\/216\/lei-complementar-n-216-2018-revoga-a-lei-complementar-n-161-2014-e-cria-a-nova-lei-geral-municipal-da-microempresa-empresa-de-pequeno-porte-e-microempreendedor-individual-e-da-outras-providencias?q=216\">LC 216\/2018<\/a>), poder\u00e3o apresentar o Termo de N\u00e3o Incid\u00eancia de Taxas para que o valor do Alvar\u00e1 Sanit\u00e1rio n\u00e3o lhes seja exigido, devendo enviar, pelo Auto Atendimento (op\u00e7\u00e3o \u201c<a href=\"https:\/\/indaial.atende.net\/?pg=autoatendimento#!\/tipo\/servico\/valor\/26\/padrao\/1\/load\/1\" target=\"_blank\" rel=\"noreferrer noopener\">Emiss\u00e3o de Processo Digital<\/a>\u201d) ou entregar na Sala do Empreendedor, os seguintes documentos<\/p>\n\n\n\n<ul class=\"wp-block-list\"><li>Requerimento de enquadramento<\/li><li>Auto Declara\u00e7\u00e3o (<a href=\"https:\/\/leismunicipais.com.br\/a1\/sc\/i\/indaial\/decreto\/2020\/209\/2084\/decreto-n-2084-2020-regulamenta-a-aplicacao-da-lei-de-liberdade-economica-e-da-lei-de-enquadramento-empresarial-simplificado-bem-como-disciplina-os-procedimentos-para-dispensa-e-concessao-de-alvara-de-licenca-para-instalacao-e-funcionamento-conforme-graus-de-risco-institui-a-autodeclaracao-e-da-outras-providencias?q=2084\">Anexo II \u2013 Decreto Municipal 2084\/2020<\/a>)<\/li><\/ul>\n\n\n\n<p>Importante: o contador dever\u00e1 logar com a senha da contabilidade e selecionar seu cliente antes de acessar a op\u00e7\u00e3o de \u201cEmiss\u00e3o de Protocolo\u201d, caso contr\u00e1rio o protocolo ser\u00e1 gerado em nome da contabilidade e n\u00e3o de seu cliente.<\/p>\n","protected":false},"excerpt":{"rendered":"<p>Os contribuintes, MEI, ME ou EPP que exercerem suas atividades exclusivamente no estabelecimento do cliente, sem estabelecimento f\u00edsico, na condi\u00e7\u00e3o de &#8220;Escrit\u00f3rio Virtual&#8221;, e se enquadrarem nas previs\u00f5es do art. 24 da LC 216\/2018 (LC 216\/2018), poder\u00e3o apresentar o Termo de N\u00e3o Incid\u00eancia de Taxas para que o valor do Alvar\u00e1 Sanit\u00e1rio n\u00e3o lhes seja [&hellip;]<\/p>\n","protected":false},"author":1,"featured_media":0,"parent":0,"menu_order":0,"comment_status":"closed","ping_status":"closed","template":"","meta":{"footnotes":""},"class_list":["post-133","page","type-page","status-publish","hentry"],"_links":{"self":[{"href":"http:\/\/www.indaial.sc.gov.br\/empreendedor\/index.php\/wp-json\/wp\/v2\/pages\/133","targetHints":{"allow":["GET"]}}],"collection":[{"href":"http:\/\/www.indaial.sc.gov.br\/empreendedor\/index.php\/wp-json\/wp\/v2\/pages"}],"about":[{"href":"http:\/\/www.indaial.sc.gov.br\/empreendedor\/index.php\/wp-json\/wp\/v2\/types\/page"}],"author":[{"embeddable":true,"href":"http:\/\/www.indaial.sc.gov.br\/empreendedor\/index.php\/wp-json\/wp\/v2\/users\/1"}],"replies":[{"embeddable":true,"href":"http:\/\/www.indaial.sc.gov.br\/empreendedor\/index.php\/wp-json\/wp\/v2\/comments?post=133"}],"version-history":[{"count":4,"href":"http:\/\/www.indaial.sc.gov.br\/empreendedor\/index.php\/wp-json\/wp\/v2\/pages\/133\/revisions"}],"predecessor-version":[{"id":2488,"href":"http:\/\/www.indaial.sc.gov.br\/empreendedor\/index.php\/wp-json\/wp\/v2\/pages\/133\/revisions\/2488"}],"wp:attachment":[{"href":"http:\/\/www.indaial.sc.gov.br\/empreendedor\/index.php\/wp-json\/wp\/v2\/media?parent=133"}],"curies":[{"name":"wp","href":"https:\/\/api.w.org\/{rel}","templated":true}]}}