{"id":138,"date":"2020-02-26T15:13:06","date_gmt":"2020-02-26T18:13:06","guid":{"rendered":"http:\/\/www.indaial.sc.gov.br\/empreendedor\/?page_id=138"},"modified":"2021-08-12T16:23:15","modified_gmt":"2021-08-12T19:23:15","slug":"desativacao-de-cadastro","status":"publish","type":"page","link":"http:\/\/www.indaial.sc.gov.br\/empreendedor\/index.php\/desativacao-de-cadastro\/","title":{"rendered":"Desativa\u00e7\u00e3o de Cadastro"},"content":{"rendered":"\n<p>No caso de uma empresa estabelecida em Indaial ter encerrado suas atividades, mas por qualquer motivo n\u00e3o possa ou queira baixar sua inscri\u00e7\u00e3o federal, poder\u00e1 solicitar a desativa\u00e7\u00e3o de seu cadastro at\u00e9 que possa encaminhar sua baixa definitiva, evitando a cobran\u00e7a de alvar\u00e1 durante este per\u00edodo, para tanto dever\u00e1 enviar, pelo Auto Atendimento (<a href=\"https:\/\/indaial.atende.net\/?pg=autoatendimento#!\/tipo\/servico\/valor\/26\/padrao\/1\/load\/1\">Emiss\u00e3o de Protocolos<\/a>) ou entregar na Sala do Empreendedor, os seguintes documentos:<\/p>\n\n\n\n<ul class=\"wp-block-list\"><li>Requerimento de Desativa\u00e7\u00e3o (modelo abaixo).<\/li><\/ul>\n\n\n\n<p>Importante: o contador dever\u00e1 logar com a senha da contabilidade e selecionar seu cliente antes de acessar a op\u00e7\u00e3o de \u201cEmiss\u00e3o de Protocolo\u201d, caso contr\u00e1rio o protocolo ser\u00e1 gerado em nome da contabilidade e n\u00e3o de seu cliente.<\/p>\n\n\n\n<p><\/p>\n\n\n\n<p><\/p>\n\n\n\n<p class=\"has-text-align-center\"><strong>MODELO <\/strong>REQUERIMENTO DE DESATIVA\u00c7\u00c3O<\/p>\n\n\n\n<p>Nome\/Raz\u00e3o:<br>Endere\u00e7o:<br>Cep:<br>CPF\/CNPJ:<\/p>\n\n\n\n<p>XXXXXX pessoa Jur\u00eddica, atrav\u00e9s do respons\u00e1vel, solicita a desativa\u00e7\u00e3o no Cadastro Municipal de Contribuintes &#8211; CMC desta prefeitura, uma vez que deixou de exercer suas atividades em XX\/XX\/XXX.<br><br><\/p>\n\n\n\n<p>Nestes Termos,<br>Pede Deferimento<br><br><\/p>\n\n\n\n<p class=\"has-text-align-right\">Indaial\/SC, XX\/XX\/XXXX<\/p>\n\n\n\n<p class=\"has-text-align-center\">XXXXXXXXXXXXXXXXXXXXXXXXXXXXX<br>RESPONS\u00c1VEL LEGAL<\/p>\n","protected":false},"excerpt":{"rendered":"<p>No caso de uma empresa estabelecida em Indaial ter encerrado suas atividades, mas por qualquer motivo n\u00e3o possa ou queira baixar sua inscri\u00e7\u00e3o federal, poder\u00e1 solicitar a desativa\u00e7\u00e3o de seu cadastro at\u00e9 que possa encaminhar sua baixa definitiva, evitando a cobran\u00e7a de alvar\u00e1 durante este per\u00edodo, para tanto dever\u00e1 enviar, pelo Auto Atendimento (Emiss\u00e3o de [&hellip;]<\/p>\n","protected":false},"author":1,"featured_media":0,"parent":0,"menu_order":0,"comment_status":"closed","ping_status":"closed","template":"","meta":{"footnotes":""},"class_list":["post-138","page","type-page","status-publish","hentry"],"_links":{"self":[{"href":"http:\/\/www.indaial.sc.gov.br\/empreendedor\/index.php\/wp-json\/wp\/v2\/pages\/138","targetHints":{"allow":["GET"]}}],"collection":[{"href":"http:\/\/www.indaial.sc.gov.br\/empreendedor\/index.php\/wp-json\/wp\/v2\/pages"}],"about":[{"href":"http:\/\/www.indaial.sc.gov.br\/empreendedor\/index.php\/wp-json\/wp\/v2\/types\/page"}],"author":[{"embeddable":true,"href":"http:\/\/www.indaial.sc.gov.br\/empreendedor\/index.php\/wp-json\/wp\/v2\/users\/1"}],"replies":[{"embeddable":true,"href":"http:\/\/www.indaial.sc.gov.br\/empreendedor\/index.php\/wp-json\/wp\/v2\/comments?post=138"}],"version-history":[{"count":3,"href":"http:\/\/www.indaial.sc.gov.br\/empreendedor\/index.php\/wp-json\/wp\/v2\/pages\/138\/revisions"}],"predecessor-version":[{"id":5417,"href":"http:\/\/www.indaial.sc.gov.br\/empreendedor\/index.php\/wp-json\/wp\/v2\/pages\/138\/revisions\/5417"}],"wp:attachment":[{"href":"http:\/\/www.indaial.sc.gov.br\/empreendedor\/index.php\/wp-json\/wp\/v2\/media?parent=138"}],"curies":[{"name":"wp","href":"https:\/\/api.w.org\/{rel}","templated":true}]}}