{"id":140,"date":"2020-02-26T15:19:36","date_gmt":"2020-02-26T18:19:36","guid":{"rendered":"http:\/\/www.indaial.sc.gov.br\/empreendedor\/?page_id=140"},"modified":"2022-02-28T10:46:07","modified_gmt":"2022-02-28T13:46:07","slug":"baixa-de-cadastro-municipal","status":"publish","type":"page","link":"http:\/\/www.indaial.sc.gov.br\/empreendedor\/index.php\/baixa-de-cadastro-municipal\/","title":{"rendered":"Baixa de Cadastro Municipal &#8211; Aut\u00f4nomos"},"content":{"rendered":"\n<p>O Aut\u00f4nomo que encerrar suas atividades dever\u00e1 encaminhar pedido de baixa junto ao munic\u00edpio para que seu cadastro municipal seja baixado, para tanto o profissional poder\u00e1 comparecer na Sala do Emprendedor ou poder\u00e1 enviar seu pedido de baixa on-line pelo Auto Atendimento (<a rel=\"noreferrer noopener\" href=\"https:\/\/indaial.atende.net\/?pg=autoatendimento#!\/tipo\/servico\/valor\/111\/padrao\/2\/load\/1\" target=\"_blank\">Emiss\u00e3o de Protocolos<\/a>), sendo necess\u00e1rio anexar ao pedido:<\/p>\n\n\n\n<p><\/p>\n\n\n\n<ul class=\"wp-block-list\"><li>Requerimento de Baixa (modelo abaixo)<\/li><\/ul>\n\n\n\n<p>Obs.: Para acessar o servi\u00e7o no Portal ser\u00e1 necess\u00e1rio ter acesso ao Auto Atendimento, veja como solicitar o acesso clicando <a href=\"http:\/\/www.indaial.sc.gov.br\/empreendedor\/index.php\/solicitacao-de-acesso-demais-contribuintes\/\" data-type=\"page\" data-id=\"248\">aqui<\/a><\/p>\n\n\n\n<p><\/p>\n\n\n\n<p>Aten\u00e7\u00e3o: Para que o alvar\u00e1 do ano n\u00e3o seja cobrado o pedido deve ser encaminhado at\u00e9 no m\u00e1ximo 30 dias do vencimento do alvar\u00e1 anterior, em caso de d\u00e9bitos os mesmos devem ser verificados com a fiscaliza\u00e7\u00e3o tribut\u00e1ria ou, caso esteja em d\u00edvida ativa, com a Unidade de Concilia\u00e7\u00e3o.<\/p>\n\n\n\n<p><\/p>\n\n\n\n<p class=\"has-text-align-center\"><strong>MODELO <\/strong>REQUERIMENTO DE BAIXA<\/p>\n\n\n\n<p>Nome\/Raz\u00e3o:<br>Endere\u00e7o:<br>Cep:<br>CPF\/CNPJ:<\/p>\n\n\n\n<p>XXXXXX pessoa Jur\u00eddica, atrav\u00e9s do respons\u00e1vel, solicita a baixa no Cadastro Municipal de Contribuintes &#8211; CMC desta prefeitura, uma vez que deixou de exercer suas atividades em XX\/XX\/XXX.<br><br><\/p>\n\n\n\n<p>Nestes Termos,<br>Pede Deferimento<br><br><\/p>\n\n\n\n<p class=\"has-text-align-right\">Indaial\/SC, XX\/XX\/XXXX<\/p>\n\n\n\n<p class=\"has-text-align-center\">XXXXXXXXXXXXXXXXXXXXXXXXXXXXX<br>RESPONS\u00c1VEL LEGAL<\/p>\n","protected":false},"excerpt":{"rendered":"<p>O Aut\u00f4nomo que encerrar suas atividades dever\u00e1 encaminhar pedido de baixa junto ao munic\u00edpio para que seu cadastro municipal seja baixado, para tanto o profissional poder\u00e1 comparecer na Sala do Emprendedor ou poder\u00e1 enviar seu pedido de baixa on-line pelo Auto Atendimento (Emiss\u00e3o de Protocolos), sendo necess\u00e1rio anexar ao pedido: Requerimento de Baixa (modelo abaixo) [&hellip;]<\/p>\n","protected":false},"author":1,"featured_media":0,"parent":0,"menu_order":0,"comment_status":"closed","ping_status":"closed","template":"","meta":{"footnotes":""},"class_list":["post-140","page","type-page","status-publish","hentry"],"_links":{"self":[{"href":"http:\/\/www.indaial.sc.gov.br\/empreendedor\/index.php\/wp-json\/wp\/v2\/pages\/140","targetHints":{"allow":["GET"]}}],"collection":[{"href":"http:\/\/www.indaial.sc.gov.br\/empreendedor\/index.php\/wp-json\/wp\/v2\/pages"}],"about":[{"href":"http:\/\/www.indaial.sc.gov.br\/empreendedor\/index.php\/wp-json\/wp\/v2\/types\/page"}],"author":[{"embeddable":true,"href":"http:\/\/www.indaial.sc.gov.br\/empreendedor\/index.php\/wp-json\/wp\/v2\/users\/1"}],"replies":[{"embeddable":true,"href":"http:\/\/www.indaial.sc.gov.br\/empreendedor\/index.php\/wp-json\/wp\/v2\/comments?post=140"}],"version-history":[{"count":12,"href":"http:\/\/www.indaial.sc.gov.br\/empreendedor\/index.php\/wp-json\/wp\/v2\/pages\/140\/revisions"}],"predecessor-version":[{"id":6257,"href":"http:\/\/www.indaial.sc.gov.br\/empreendedor\/index.php\/wp-json\/wp\/v2\/pages\/140\/revisions\/6257"}],"wp:attachment":[{"href":"http:\/\/www.indaial.sc.gov.br\/empreendedor\/index.php\/wp-json\/wp\/v2\/media?parent=140"}],"curies":[{"name":"wp","href":"https:\/\/api.w.org\/{rel}","templated":true}]}}