{"id":143,"date":"2020-02-26T16:22:45","date_gmt":"2020-02-26T19:22:45","guid":{"rendered":"http:\/\/www.indaial.sc.gov.br\/empreendedor\/?page_id=143"},"modified":"2020-03-14T01:20:26","modified_gmt":"2020-03-14T04:20:26","slug":"solicitacao-de-acesso-contadores","status":"publish","type":"page","link":"http:\/\/www.indaial.sc.gov.br\/empreendedor\/index.php\/solicitacao-de-acesso-contadores\/","title":{"rendered":"Solicita\u00e7\u00e3o de acesso \u2013 Contadores"},"content":{"rendered":"\n<p> <\/p>\n\n\n\n<p>Alguns servi\u00e7os do Auto Atendimento exigem o login, e contadores que precisem preencher da FAC Municipal, ou enviar a Declara\u00e7\u00e3o de Servi\u00e7os, tanto de prestados, quanto prestados, dos clientes os escrit\u00f3rios de contabilidade ou contadores aut\u00f4nomos, dever\u00e3o solicitar o acesso para o sistema de Escrita Fiscal com os dados da contabilidade ou do contador.<\/p>\n\n\n\n<p><a href=\"http:\/\/www.indaial.sc.gov.br\/empreendedor\/index.php\/solicitacao-de-acesso-contadores-2\/\">Como solicitar acesso &#8211; Contadores<\/a><\/p>\n\n\n\n<p><a href=\"https:\/\/indaial.atende.net\/?pg=autoatendimento#!\/tipo\/servico\/valor\/77\/padrao\/1\/load\/1\">Solicita\u00e7\u00e3o de acesso \u2013 Contadores<\/a><\/p>\n","protected":false},"excerpt":{"rendered":"<p>Alguns servi\u00e7os do Auto Atendimento exigem o login, e contadores que precisem preencher da FAC Municipal, ou enviar a Declara\u00e7\u00e3o de Servi\u00e7os, tanto de prestados, quanto prestados, dos clientes os escrit\u00f3rios de contabilidade ou contadores aut\u00f4nomos, dever\u00e3o solicitar o acesso para o sistema de Escrita Fiscal com os dados da contabilidade ou do contador. Como [&hellip;]<\/p>\n","protected":false},"author":1,"featured_media":0,"parent":0,"menu_order":0,"comment_status":"closed","ping_status":"closed","template":"","meta":{"footnotes":""},"class_list":["post-143","page","type-page","status-publish","hentry"],"_links":{"self":[{"href":"http:\/\/www.indaial.sc.gov.br\/empreendedor\/index.php\/wp-json\/wp\/v2\/pages\/143","targetHints":{"allow":["GET"]}}],"collection":[{"href":"http:\/\/www.indaial.sc.gov.br\/empreendedor\/index.php\/wp-json\/wp\/v2\/pages"}],"about":[{"href":"http:\/\/www.indaial.sc.gov.br\/empreendedor\/index.php\/wp-json\/wp\/v2\/types\/page"}],"author":[{"embeddable":true,"href":"http:\/\/www.indaial.sc.gov.br\/empreendedor\/index.php\/wp-json\/wp\/v2\/users\/1"}],"replies":[{"embeddable":true,"href":"http:\/\/www.indaial.sc.gov.br\/empreendedor\/index.php\/wp-json\/wp\/v2\/comments?post=143"}],"version-history":[{"count":2,"href":"http:\/\/www.indaial.sc.gov.br\/empreendedor\/index.php\/wp-json\/wp\/v2\/pages\/143\/revisions"}],"predecessor-version":[{"id":375,"href":"http:\/\/www.indaial.sc.gov.br\/empreendedor\/index.php\/wp-json\/wp\/v2\/pages\/143\/revisions\/375"}],"wp:attachment":[{"href":"http:\/\/www.indaial.sc.gov.br\/empreendedor\/index.php\/wp-json\/wp\/v2\/media?parent=143"}],"curies":[{"name":"wp","href":"https:\/\/api.w.org\/{rel}","templated":true}]}}