{"id":145,"date":"2020-02-26T16:26:39","date_gmt":"2020-02-26T19:26:39","guid":{"rendered":"http:\/\/www.indaial.sc.gov.br\/empreendedor\/?page_id=145"},"modified":"2020-03-14T01:23:55","modified_gmt":"2020-03-14T04:23:55","slug":"solicitacao-de-acesso-para-nota-fiscal-de-servico-eletronica-nfs-e","status":"publish","type":"page","link":"http:\/\/www.indaial.sc.gov.br\/empreendedor\/index.php\/solicitacao-de-acesso-para-nota-fiscal-de-servico-eletronica-nfs-e\/","title":{"rendered":"Solicita\u00e7\u00e3o de acesso para Nota Fiscal de Servi\u00e7o Eletr\u00f4nica &#8211; NFS-e"},"content":{"rendered":"\n<p>Empresas prestadoras de servi\u00e7o, antes de acessar a op\u00e7\u00e3o de <a href=\"http:\/\/www.indaial.sc.gov.br\/empreendedor\/index.php\/nota-eletronica-de-servico-nfs-e\/\">Emiss\u00e3o de NFS-e<\/a>, dever\u00e3o solicitar o acesso pelo portal do munic\u00edpio ou comparecer a Sala do Empreendedor.<\/p>\n\n\n\n<p>Obs.: Pessoas f\u00edsicas que tenham prestado servi\u00e7os e precisem emitir nota fiscal dever\u00e3o comparecer a Sala do Empreendedor para emiss\u00e3o da Nota Fiscal de Servi\u00e7o Eletr\u00f4nica.<\/p>\n\n\n\n<p><a href=\"http:\/\/www.indaial.sc.gov.br\/empreendedor\/index.php\/solicitacao-de-acesso-demais-contribuintes\/\">Como Solicitar Acesso &#8211; Demais Contribuintes<\/a><\/p>\n\n\n\n<p><a href=\"https:\/\/indaial.atende.net\/?pg=autoatendimento#!\/tipo\/servico\/valor\/77\/padrao\/1\/load\/1\">Solicita\u00e7\u00e3o de acesso para Nota Fiscal de Servi\u00e7o Eletr\u00f4nica &#8211; NFS-e<\/a><\/p>\n","protected":false},"excerpt":{"rendered":"<p>Empresas prestadoras de servi\u00e7o, antes de acessar a op\u00e7\u00e3o de Emiss\u00e3o de NFS-e, dever\u00e3o solicitar o acesso pelo portal do munic\u00edpio ou comparecer a Sala do Empreendedor. Obs.: Pessoas f\u00edsicas que tenham prestado servi\u00e7os e precisem emitir nota fiscal dever\u00e3o comparecer a Sala do Empreendedor para emiss\u00e3o da Nota Fiscal de Servi\u00e7o Eletr\u00f4nica. Como Solicitar [&hellip;]<\/p>\n","protected":false},"author":1,"featured_media":0,"parent":0,"menu_order":0,"comment_status":"closed","ping_status":"closed","template":"","meta":{"footnotes":""},"class_list":["post-145","page","type-page","status-publish","hentry"],"_links":{"self":[{"href":"http:\/\/www.indaial.sc.gov.br\/empreendedor\/index.php\/wp-json\/wp\/v2\/pages\/145","targetHints":{"allow":["GET"]}}],"collection":[{"href":"http:\/\/www.indaial.sc.gov.br\/empreendedor\/index.php\/wp-json\/wp\/v2\/pages"}],"about":[{"href":"http:\/\/www.indaial.sc.gov.br\/empreendedor\/index.php\/wp-json\/wp\/v2\/types\/page"}],"author":[{"embeddable":true,"href":"http:\/\/www.indaial.sc.gov.br\/empreendedor\/index.php\/wp-json\/wp\/v2\/users\/1"}],"replies":[{"embeddable":true,"href":"http:\/\/www.indaial.sc.gov.br\/empreendedor\/index.php\/wp-json\/wp\/v2\/comments?post=145"}],"version-history":[{"count":3,"href":"http:\/\/www.indaial.sc.gov.br\/empreendedor\/index.php\/wp-json\/wp\/v2\/pages\/145\/revisions"}],"predecessor-version":[{"id":379,"href":"http:\/\/www.indaial.sc.gov.br\/empreendedor\/index.php\/wp-json\/wp\/v2\/pages\/145\/revisions\/379"}],"wp:attachment":[{"href":"http:\/\/www.indaial.sc.gov.br\/empreendedor\/index.php\/wp-json\/wp\/v2\/media?parent=145"}],"curies":[{"name":"wp","href":"https:\/\/api.w.org\/{rel}","templated":true}]}}