{"id":2184,"date":"2020-05-08T07:40:01","date_gmt":"2020-05-08T10:40:01","guid":{"rendered":"http:\/\/www.indaial.sc.gov.br\/empreendedor\/?page_id=2184"},"modified":"2020-05-12T09:17:45","modified_gmt":"2020-05-12T12:17:45","slug":"fabricacao-de-alimentos-sem-atendimento-ao-publico-na-sua-residencia","status":"publish","type":"page","link":"http:\/\/www.indaial.sc.gov.br\/empreendedor\/index.php\/fabricacao-de-alimentos-sem-atendimento-ao-publico-na-sua-residencia\/","title":{"rendered":"Fabrica\u00e7\u00e3o de alimentos sem atendimento ao p\u00fablico (na sua resid\u00eancia)"},"content":{"rendered":"\n<p>1- A \u00e1rea de manipula\u00e7\u00e3o dos alimentos dever\u00e1 ser em um ambiente exclusivo para a atividade, sem comunica\u00e7\u00e3o direta para dentro da sua resid\u00eancia (ex: pode ser nos fundos, na garagem, na frente, o importante \u00e9 que possamos acessar esse espa\u00e7o sem ter que passar por dentro da sua casa).<br>2- Banheiros somente se tiver funcion\u00e1rios;<br>3- vesti\u00e1rios somente se tiver funcion\u00e1rios;<br>4- Prote\u00e7\u00e3o contra queda e explos\u00e3o nas l\u00e2mpadas na \u00e1rea de manipula\u00e7\u00e3o;<br>5- Prote\u00e7\u00e3o contra entrada de insetos e roedores em todas as aberturas da \u00e1rea de manipula\u00e7\u00e3o (telas milim\u00e9tricas) e se tiver ralos os mesmos devem possuir tampa (abre\/fecha);<br>6- Pia exclusiva para higieniza\u00e7\u00e3o das m\u00e3os na \u00e1rea de manipula\u00e7\u00e3o, com papel toalha de 1\u00ba uso e sabonete l\u00edquido inodoro antiss\u00e9ptico, (ou seja, voc\u00ea ter\u00e1 que ter duas pias dentro da sua cozinha);<br>7- Paredes lisas, lav\u00e1veis, imperme\u00e1veis de cor clara, livres de mofo e rachaduras, (n\u00e3o \u00e9 obrigat\u00f3rio o uso de piso cer\u00e2mico);<br>8- Lixeira com tampa acionada sem contato manual (lixeira com pedal);<br>9-Balc\u00f5es, mesas, arm\u00e1rios e prateleiras com revestimento liso, lav\u00e1vel, imperme\u00e1vel; <br>10 Sistema de exaust\u00e3o, quando houver frituras e\/ou cozimentos;<br>11 N\u00e3o utilizar utens\u00edlios de madeira (ex: t\u00e1bua para cortar alimentos e\/ou colher de pau);<br>12 Todos os equipamentos, m\u00f3veis e utens\u00edlios, dever\u00e3o estar em bom estado de conserva\u00e7\u00e3o.<br>13- Todo manipulador de alimentos deve usar uniforme completo, jaleco ou avental de cor clara, prote\u00e7\u00e3o nos cabelos (touca ou rede) e cal\u00e7ado fechado.<br>14- Carteira de sa\u00fade para manipuladores de alimentos; (assistir palestra ou fazer curso on line)<br>15- Controle de pragas e vetores realizado por empresa especializada e legalizada;<br>16- Registro da limpeza da caixa da \u00e1gua;<br>17- Licen\u00e7a Sanit\u00e1ria de Transporte para ve\u00edculo que faz entrega de alimentos (quando for o caso);<br>18 Rotulagem para produtos (quando for o caso).<br>19- Os alimentos dever\u00e3o ser preparados somente com \u00e1gua pot\u00e1vel. (proibido \u00e1gua de po\u00e7o)<\/p>\n\n\n\n<p>Legisla\u00e7\u00f5es: Lei Complementar Municipal 121\/11; RDC 216\/2004; Decreto Estadual 31.455\/87.<\/p>\n","protected":false},"excerpt":{"rendered":"<p>1- A \u00e1rea de manipula\u00e7\u00e3o dos alimentos dever\u00e1 ser em um ambiente exclusivo para a atividade, sem comunica\u00e7\u00e3o direta para dentro da sua resid\u00eancia (ex: pode ser nos fundos, na garagem, na frente, o importante \u00e9 que possamos acessar esse espa\u00e7o sem ter que passar por dentro da sua casa).2- Banheiros somente se tiver funcion\u00e1rios;3- [&hellip;]<\/p>\n","protected":false},"author":1,"featured_media":0,"parent":0,"menu_order":0,"comment_status":"closed","ping_status":"closed","template":"","meta":{"footnotes":""},"class_list":["post-2184","page","type-page","status-publish","hentry"],"_links":{"self":[{"href":"http:\/\/www.indaial.sc.gov.br\/empreendedor\/index.php\/wp-json\/wp\/v2\/pages\/2184","targetHints":{"allow":["GET"]}}],"collection":[{"href":"http:\/\/www.indaial.sc.gov.br\/empreendedor\/index.php\/wp-json\/wp\/v2\/pages"}],"about":[{"href":"http:\/\/www.indaial.sc.gov.br\/empreendedor\/index.php\/wp-json\/wp\/v2\/types\/page"}],"author":[{"embeddable":true,"href":"http:\/\/www.indaial.sc.gov.br\/empreendedor\/index.php\/wp-json\/wp\/v2\/users\/1"}],"replies":[{"embeddable":true,"href":"http:\/\/www.indaial.sc.gov.br\/empreendedor\/index.php\/wp-json\/wp\/v2\/comments?post=2184"}],"version-history":[{"count":2,"href":"http:\/\/www.indaial.sc.gov.br\/empreendedor\/index.php\/wp-json\/wp\/v2\/pages\/2184\/revisions"}],"predecessor-version":[{"id":2362,"href":"http:\/\/www.indaial.sc.gov.br\/empreendedor\/index.php\/wp-json\/wp\/v2\/pages\/2184\/revisions\/2362"}],"wp:attachment":[{"href":"http:\/\/www.indaial.sc.gov.br\/empreendedor\/index.php\/wp-json\/wp\/v2\/media?parent=2184"}],"curies":[{"name":"wp","href":"https:\/\/api.w.org\/{rel}","templated":true}]}}