{"id":2191,"date":"2020-05-08T07:48:32","date_gmt":"2020-05-08T10:48:32","guid":{"rendered":"http:\/\/www.indaial.sc.gov.br\/empreendedor\/?page_id=2191"},"modified":"2020-05-08T07:48:32","modified_gmt":"2020-05-08T10:48:32","slug":"servicos-de-interesse-da-saude-saloes-de-beleza","status":"publish","type":"page","link":"http:\/\/www.indaial.sc.gov.br\/empreendedor\/index.php\/servicos-de-interesse-da-saude-saloes-de-beleza\/","title":{"rendered":"Servi\u00e7os de interesse da sa\u00fade &#8211; Sal\u00f5es de beleza"},"content":{"rendered":"\n<p>1- \u00c9 obrigat\u00f3rio o profissional apresentar certificado de qualifica\u00e7\u00e3o compat\u00edvel com a(s) atividade(s) desenvolvida(s) no momento da vistoria;<br>2- Comprovante de esquema vacinal completo, com \u00eanfase para as vacinas de DT (difteria, t\u00e9tano) e Hepatite B;<br>3- Comprovante de limpeza e desinfec\u00e7\u00e3o da caixa d&#8217; \u00e1gua realizado por empresa legalizada;<br>4- comprovante de desinsetiza\u00e7\u00e3o e desratiza\u00e7\u00e3o realizado por empresa especializada e legalizada;<br>5- Dispor de depend\u00eancias e instala\u00e7\u00f5es m\u00ednimas adequadas \u00e0s finalidades espec\u00edficas e ao n\u00famero de profissionais, n\u00e3o podendo servir de acesso a resid\u00eancias;<br>6- A estrutura f\u00edsica deve possuir piso e paredes \u00edntegros, de cor clara, lisos, lav\u00e1veis e imperme\u00e1veis;<br>7- Dispor de local exclusivo para guarda de produtos e materiais de limpeza.<br>8- Caso necess\u00e1rio, disponibilizar local adequado para os trabalhadores efetuarem seus lanches (local exclusivo com pia, mesa, assentos, equipamento para aquecer e equipamento para resfriar alimentos);<br>9- Dispor de pia com \u00e1gua corrente, sabonete l\u00edquido, toalha descart\u00e1vel e lixeiras com tampa acionada sem contato manual (lixeira com pedal) em todas as salas de procedimentos;<br>10-Possuir sanit\u00e1rio exclusivo, provido de lavat\u00f3rio com \u00e1gua corrente, lixeira com tampa acionada sem contato manual (lixeira com pedal), toalha descart\u00e1vel e sabonete l\u00edquido.<br>11- Acessibilidade para portadores de necessidades especiais, (verificar com setor de Planejamento).<br>12- Superf\u00edcie dos equipamentos e bancadas dever\u00e1 ser imperme\u00e1vel, \u00edntegra, lisa e resistente ao processo de limpeza e desinfec\u00e7\u00e3o;<br>13- Utilizar autoclave para esteriliza\u00e7\u00e3o de materiais ou orientar os clientes a utilizarem produtos e instrumentos pr\u00f3prios, criando o seu kit individual. A estufa n\u00e3o \u00e9 permitida para esteriliza\u00e7\u00e3o;<br>14- Os profissionais devem utilizar equipamentos de prote\u00e7\u00e3o individual (EPI), de acordo com a atividade desenvolvida, bem como uniformes higienizados, preferencialmente de cor clara;<br>15 Fazer desinfec\u00e7\u00e3o de pentes, escovas, tesouras, toalhas entre outros, disponibilizando a cada cliente os produtos devidamente desinfetados e protegidos contra poeira e outras sujidades;<br>16- As manicures devem utilizar kit descart\u00e1vel para remo\u00e7\u00e3o de cut\u00edculas, ou cubas de imers\u00e3o de m\u00e3os e p\u00e9s sempre protegidas com material imperme\u00e1vel e descart\u00e1vel;<br>17- As camas, macas, cadeiras e travesseiros usados para massagem, depila\u00e7\u00e3o, est\u00e9tica corporal\/facial, etc., devem possuir revestimento imperme\u00e1vel e \u00edntegro, len\u00e7ol e toalha de uso individual ou descart\u00e1vel;<br>18- As l\u00e2minas de barbear devem ser de uso \u00fanico e ap\u00f3s sua utiliza\u00e7\u00e3o devem ser acondicionadas em recipientes r\u00edgidos e dar destino final adequado (RDC 222\/18)<br>19 Possuir bebedouro com \u00e1gua pot\u00e1vel para clientes e profissionais.<\/p>\n\n\n\n<p>Legisla\u00e7\u00f5es: Lei Complementar 121\/2011; Instru\u00e7\u00e3o Normativa N\u00ba 004\/DIVS\/2013.<\/p>\n","protected":false},"excerpt":{"rendered":"<p>1- \u00c9 obrigat\u00f3rio o profissional apresentar certificado de qualifica\u00e7\u00e3o compat\u00edvel com a(s) atividade(s) desenvolvida(s) no momento da vistoria;2- Comprovante de esquema vacinal completo, com \u00eanfase para as vacinas de DT (difteria, t\u00e9tano) e Hepatite B;3- Comprovante de limpeza e desinfec\u00e7\u00e3o da caixa d&#8217; \u00e1gua realizado por empresa legalizada;4- comprovante de desinsetiza\u00e7\u00e3o e desratiza\u00e7\u00e3o realizado por [&hellip;]<\/p>\n","protected":false},"author":1,"featured_media":0,"parent":0,"menu_order":0,"comment_status":"closed","ping_status":"closed","template":"","meta":{"footnotes":""},"class_list":["post-2191","page","type-page","status-publish","hentry"],"_links":{"self":[{"href":"http:\/\/www.indaial.sc.gov.br\/empreendedor\/index.php\/wp-json\/wp\/v2\/pages\/2191","targetHints":{"allow":["GET"]}}],"collection":[{"href":"http:\/\/www.indaial.sc.gov.br\/empreendedor\/index.php\/wp-json\/wp\/v2\/pages"}],"about":[{"href":"http:\/\/www.indaial.sc.gov.br\/empreendedor\/index.php\/wp-json\/wp\/v2\/types\/page"}],"author":[{"embeddable":true,"href":"http:\/\/www.indaial.sc.gov.br\/empreendedor\/index.php\/wp-json\/wp\/v2\/users\/1"}],"replies":[{"embeddable":true,"href":"http:\/\/www.indaial.sc.gov.br\/empreendedor\/index.php\/wp-json\/wp\/v2\/comments?post=2191"}],"version-history":[{"count":1,"href":"http:\/\/www.indaial.sc.gov.br\/empreendedor\/index.php\/wp-json\/wp\/v2\/pages\/2191\/revisions"}],"predecessor-version":[{"id":2192,"href":"http:\/\/www.indaial.sc.gov.br\/empreendedor\/index.php\/wp-json\/wp\/v2\/pages\/2191\/revisions\/2192"}],"wp:attachment":[{"href":"http:\/\/www.indaial.sc.gov.br\/empreendedor\/index.php\/wp-json\/wp\/v2\/media?parent=2191"}],"curies":[{"name":"wp","href":"https:\/\/api.w.org\/{rel}","templated":true}]}}