{"id":2193,"date":"2020-05-08T07:49:13","date_gmt":"2020-05-08T10:49:13","guid":{"rendered":"http:\/\/www.indaial.sc.gov.br\/empreendedor\/?page_id=2193"},"modified":"2020-05-08T07:49:13","modified_gmt":"2020-05-08T10:49:13","slug":"servicos-de-interesse-da-saude-tatuagem-e-piercng","status":"publish","type":"page","link":"http:\/\/www.indaial.sc.gov.br\/empreendedor\/index.php\/servicos-de-interesse-da-saude-tatuagem-e-piercng\/","title":{"rendered":"Servi\u00e7os de interesse da sa\u00fade &#8211; Tatuagem e Piercng"},"content":{"rendered":"\n<p>1- Fazer e manter registro do cadastro de clientes;<br>2- Livro de registro de acidentes;<br>3- Arquivo pr\u00f3prio contendo as autoriza\u00e7\u00f5es, com firma reconhecida dos pais ou respons\u00e1veis, para os maiores de 16 anos e menores de 18 anos de idade;<br>4-Certificado de desinsetiza\u00e7\u00e3o e desratiza\u00e7\u00e3o por empresa especializada e legalizada;<br>5- Manual de Boas Pr\u00e1ticas;<br>6- PGRSS (Plano de gerenciamento de res\u00edduos de servi\u00e7o de sa\u00fade), fazer pelo site www.vigilanciasanitaria.sc.gov.br<br>7-Contrato de presta\u00e7\u00e3o de servi\u00e7o com a empresa que ir\u00e1 recolher os res\u00edduos de servi\u00e7os de sa\u00fade;<br>8-Acessibilidade para portadores de necessidades especiais (verificar com o setor de Planejamento).<br>9- Sala de procedimento de tatuagem e de piercing, com dimens\u00e3o m\u00ednima de 6m\u00b2 e largura m\u00ednima de 2,5 metros lineares;<br>10 Piso, teto e paredes revestidos com materiais lisos, lav\u00e1veis, imperme\u00e1veis, resistentes a corros\u00e3o de f\u00e1cil desinfec\u00e7\u00e3o e de cor clara;<br>11 Pia com bancada e \u00e1gua corrente, toalha descart\u00e1vel e lixeira com tampa acionada sem contato manual (lixeira com pedal) na sala de procedimentos;<br>12 Ambiente devidamente identificado e equipado (ex: autoclave) destinado aos processos de descontamina\u00e7\u00e3o, limpeza e esteriliza\u00e7\u00e3o de artigos;<br>13- Banheiro com lavat\u00f3rio para higieniza\u00e7\u00e3o das m\u00e3os, sabonete l\u00edquido, toalha descart\u00e1vel e lixeira com tampa acionada sem contato manual (lixeira com pedal);<br>14- Nos gabinetes de tatuagem e de piercing, os produtos, artigos e materiais descart\u00e1veis destinados \u00e0 execu\u00e7\u00e3o de procedimentos dever\u00e3o ser acondicionados em arm\u00e1rios exclusivos para tal finalidade, limpos, sem umidade e mantidos fechados;<br>15 Os produtos e materiais de higieniza\u00e7\u00e3o do ambiente dever\u00e3o ser acondicionados em locais pr\u00f3prios;<br>16 O acondicionamento e descarte dos res\u00edduos infectantes dever\u00e3o ser realizados de acordo com a legisla\u00e7\u00e3o espec\u00edfica (RDC 222\/18).<\/p>\n\n\n\n<p>Legisla\u00e7\u00f5es: Lei Complementar Municipal 121\/2011; Lei Estadual 15.122\/2010; RDC 222\/18.<\/p>\n","protected":false},"excerpt":{"rendered":"<p>1- Fazer e manter registro do cadastro de clientes;2- Livro de registro de acidentes;3- Arquivo pr\u00f3prio contendo as autoriza\u00e7\u00f5es, com firma reconhecida dos pais ou respons\u00e1veis, para os maiores de 16 anos e menores de 18 anos de idade;4-Certificado de desinsetiza\u00e7\u00e3o e desratiza\u00e7\u00e3o por empresa especializada e legalizada;5- Manual de Boas Pr\u00e1ticas;6- PGRSS (Plano de [&hellip;]<\/p>\n","protected":false},"author":1,"featured_media":0,"parent":0,"menu_order":0,"comment_status":"closed","ping_status":"closed","template":"","meta":{"footnotes":""},"class_list":["post-2193","page","type-page","status-publish","hentry"],"_links":{"self":[{"href":"http:\/\/www.indaial.sc.gov.br\/empreendedor\/index.php\/wp-json\/wp\/v2\/pages\/2193","targetHints":{"allow":["GET"]}}],"collection":[{"href":"http:\/\/www.indaial.sc.gov.br\/empreendedor\/index.php\/wp-json\/wp\/v2\/pages"}],"about":[{"href":"http:\/\/www.indaial.sc.gov.br\/empreendedor\/index.php\/wp-json\/wp\/v2\/types\/page"}],"author":[{"embeddable":true,"href":"http:\/\/www.indaial.sc.gov.br\/empreendedor\/index.php\/wp-json\/wp\/v2\/users\/1"}],"replies":[{"embeddable":true,"href":"http:\/\/www.indaial.sc.gov.br\/empreendedor\/index.php\/wp-json\/wp\/v2\/comments?post=2193"}],"version-history":[{"count":1,"href":"http:\/\/www.indaial.sc.gov.br\/empreendedor\/index.php\/wp-json\/wp\/v2\/pages\/2193\/revisions"}],"predecessor-version":[{"id":2194,"href":"http:\/\/www.indaial.sc.gov.br\/empreendedor\/index.php\/wp-json\/wp\/v2\/pages\/2193\/revisions\/2194"}],"wp:attachment":[{"href":"http:\/\/www.indaial.sc.gov.br\/empreendedor\/index.php\/wp-json\/wp\/v2\/media?parent=2193"}],"curies":[{"name":"wp","href":"https:\/\/api.w.org\/{rel}","templated":true}]}}