{"id":2195,"date":"2020-05-08T07:49:40","date_gmt":"2020-05-08T10:49:40","guid":{"rendered":"http:\/\/www.indaial.sc.gov.br\/empreendedor\/?page_id=2195"},"modified":"2020-05-08T07:49:40","modified_gmt":"2020-05-08T10:49:40","slug":"servicos-de-interesse-da-saude-academias-e-atividades-de-condicionamento-fisico","status":"publish","type":"page","link":"http:\/\/www.indaial.sc.gov.br\/empreendedor\/index.php\/servicos-de-interesse-da-saude-academias-e-atividades-de-condicionamento-fisico\/","title":{"rendered":"Servi\u00e7os de interesse da sa\u00fade &#8211; Academias e atividades de condicionamento f\u00edsico"},"content":{"rendered":"\n<p>1- Respons\u00e1vel T\u00e9cnico devidamente habilitado;<br>2- Certificado de desinsetiza\u00e7\u00e3o e desratiza\u00e7\u00e3o por empresa especializada e legalizada;<br>3- Comprovante de limpeza e desinfec\u00e7\u00e3o da caixa da \u00e1gua;<br>4- Comprovante de limpeza e manuten\u00e7\u00e3o dos aparelhos de ar condicionado.<br>5- Banheiros separados por sexo, pia com \u00e1gua corrente, papel toalha, sabonete l\u00edquido e lixeira com tampa sem acionamento manual, (lixeira com pedal);<br>6- Vesti\u00e1rios separados por sexo, com acessos independentes;<br>7- \u00c1rea administrativa para guarda de prontu\u00e1rios, fichas de avalia\u00e7\u00e3o etc.;<br>8- Dep\u00f3sito para guardar produtos e materiais de limpeza com tanque exclusivo para lavagem de panos e objetos de limpeza;<br>9- \u00c1reas comuns de pr\u00e1tica das atividades f\u00edsicas com piso adequado ao desenvolvimento de cada atividade, livres de rachaduras e imperfei\u00e7\u00f5es;<br>10-Paredes, tetos e bancadas, com acabamento liso, lav\u00e1vel, imperme\u00e1vel, resistente de f\u00e1cil higieniza\u00e7\u00e3o e limpeza;<br>11- Refeit\u00f3rio equipado para trabalhadores, caso se fa\u00e7a lanche no local;<br>12-Acessibilidade para portadores de necessidades especiais;( verificar com setor de Planejamento);<br>13- Arm\u00e1rio com chave para guardar objetos de uso pessoal dos clientes e profissionais;<br>14- Colch\u00f5es, travesseiros, sof\u00e1s, macas e similares, revestidos com material imperme\u00e1vel e \u00edntegro;<br>15- Disponibilizar \u00e1gua pot\u00e1vel e copos descart\u00e1veis para clientes e profissionais.<\/p>\n\n\n\n<p>Legisla\u00e7\u00f5es: Lei Complementar Municipal 121\/2011; Resolu\u00e7\u00e3o Normativa DIVS\/SUV\/SES N\u00ba 001 de 01 de mar\u00e7o de 2016.<\/p>\n","protected":false},"excerpt":{"rendered":"<p>1- Respons\u00e1vel T\u00e9cnico devidamente habilitado;2- Certificado de desinsetiza\u00e7\u00e3o e desratiza\u00e7\u00e3o por empresa especializada e legalizada;3- Comprovante de limpeza e desinfec\u00e7\u00e3o da caixa da \u00e1gua;4- Comprovante de limpeza e manuten\u00e7\u00e3o dos aparelhos de ar condicionado.5- Banheiros separados por sexo, pia com \u00e1gua corrente, papel toalha, sabonete l\u00edquido e lixeira com tampa sem acionamento manual, (lixeira com [&hellip;]<\/p>\n","protected":false},"author":1,"featured_media":0,"parent":0,"menu_order":0,"comment_status":"closed","ping_status":"closed","template":"","meta":{"footnotes":""},"class_list":["post-2195","page","type-page","status-publish","hentry"],"_links":{"self":[{"href":"http:\/\/www.indaial.sc.gov.br\/empreendedor\/index.php\/wp-json\/wp\/v2\/pages\/2195","targetHints":{"allow":["GET"]}}],"collection":[{"href":"http:\/\/www.indaial.sc.gov.br\/empreendedor\/index.php\/wp-json\/wp\/v2\/pages"}],"about":[{"href":"http:\/\/www.indaial.sc.gov.br\/empreendedor\/index.php\/wp-json\/wp\/v2\/types\/page"}],"author":[{"embeddable":true,"href":"http:\/\/www.indaial.sc.gov.br\/empreendedor\/index.php\/wp-json\/wp\/v2\/users\/1"}],"replies":[{"embeddable":true,"href":"http:\/\/www.indaial.sc.gov.br\/empreendedor\/index.php\/wp-json\/wp\/v2\/comments?post=2195"}],"version-history":[{"count":1,"href":"http:\/\/www.indaial.sc.gov.br\/empreendedor\/index.php\/wp-json\/wp\/v2\/pages\/2195\/revisions"}],"predecessor-version":[{"id":2196,"href":"http:\/\/www.indaial.sc.gov.br\/empreendedor\/index.php\/wp-json\/wp\/v2\/pages\/2195\/revisions\/2196"}],"wp:attachment":[{"href":"http:\/\/www.indaial.sc.gov.br\/empreendedor\/index.php\/wp-json\/wp\/v2\/media?parent=2195"}],"curies":[{"name":"wp","href":"https:\/\/api.w.org\/{rel}","templated":true}]}}