{"id":2197,"date":"2020-05-08T07:50:20","date_gmt":"2020-05-08T10:50:20","guid":{"rendered":"http:\/\/www.indaial.sc.gov.br\/empreendedor\/?page_id=2197"},"modified":"2020-05-12T10:19:17","modified_gmt":"2020-05-12T13:19:17","slug":"servicos-de-interesse-da-saude-tabacarias","status":"publish","type":"page","link":"http:\/\/www.indaial.sc.gov.br\/empreendedor\/index.php\/servicos-de-interesse-da-saude-tabacarias\/","title":{"rendered":"Servi\u00e7os de interesse da sa\u00fade &#8211; Tabacarias"},"content":{"rendered":"\n<p>1- \u00c1rea exclusiva para uso de produtos fum\u00edgenos com dimens\u00e3o m\u00ednima de 4,8 m\u00b2, sendo a \u00e1rea m\u00ednima por fumante de 1,2 m\u00b2, sem aberturas para o interior do estabelecimento, separada das demais \u00e1reas por paredes, devendo uma dessas paredes ser constru\u00edda com materiais que permitam a visualiza\u00e7\u00e3o completa de seu interior, com acesso efetuado por uma \u00fanica porta;<br>2- Constru\u00e7\u00e3o com materiais adequados para revestimento de paredes, pisos, tetos e bancadas resistentes \u00e0 lavagem e ao uso de desinfetantes, com menor n\u00famero poss\u00edvel de ranhuras ou frestas;<br>3- Porta com mecanismo de fechamento autom\u00e1tico, de forma a se evitar vazamentos de ar da \u00e1rea exclusiva para uso de produtos fum\u00edgenos para o restante do estabelecimento;<br>4-Mobili\u00e1rio feito de material n\u00e3o combust\u00edvel, de f\u00e1cil limpeza e que minimize a absorvi\u00e7\u00e3o das part\u00edculas emitidas pelos produtos fum\u00edgenos;<br>5- Sistema de ventila\u00e7\u00e3o por exaust\u00e3o conforme legisla\u00e7\u00e3o;<br>6- Sistema de climatiza\u00e7\u00e3o conforme legisla\u00e7\u00e3o;<br>7- \u00c9 proibida a comercializa\u00e7\u00e3o, a distribui\u00e7\u00e3o e o fornecimento de produtos aliment\u00edcios e produtos fum\u00edgenos no interior da \u00e1rea exclusiva para fumar;<br>8- \u00c9 permitido o com\u00e9rcio de alimentos e demais produtos no mesmo estabelecimento, com tanto que o espa\u00e7o destinado ao com\u00e9rcio seja isolado da \u00e1rea de fumar e que tenham acessos independentes.<\/p>\n\n\n\n<p>Obs: Para o com\u00e9rcio de alimentos \u00e9 exigido entre outros:<\/p>\n\n\n\n<p>1- Carteira de sa\u00fade para manipuladores de alimentos;<br>2- Controle de pragas e vetores, realizado por empresa especializada e legalizada;<\/p>\n\n\n\n<p>Banheiros: Todo estabelecimento deve dispor de pelo menos 1 banheiro. Quando h\u00e1 consumo de alimentos e\/ou bebidas ser\u00e1 exigido banheiros separados por sexo e os mesmos dever\u00e3o possuir pia com \u00e1gua corrente, papel toalha, sabonete l\u00edquido e lixeira com tampa acionada sem contato manual ( lixeira com pedal).<\/p>\n\n\n\n<p>Legisla\u00e7\u00f5es: Lei Complementar Municipal 121\/2011; Decreto 8.262\/2014; Portaria Interministerial 2.647\/2014.<\/p>\n","protected":false},"excerpt":{"rendered":"<p>1- \u00c1rea exclusiva para uso de produtos fum\u00edgenos com dimens\u00e3o m\u00ednima de 4,8 m\u00b2, sendo a \u00e1rea m\u00ednima por fumante de 1,2 m\u00b2, sem aberturas para o interior do estabelecimento, separada das demais \u00e1reas por paredes, devendo uma dessas paredes ser constru\u00edda com materiais que permitam a visualiza\u00e7\u00e3o completa de seu interior, com acesso efetuado [&hellip;]<\/p>\n","protected":false},"author":1,"featured_media":0,"parent":0,"menu_order":0,"comment_status":"closed","ping_status":"closed","template":"","meta":{"footnotes":""},"class_list":["post-2197","page","type-page","status-publish","hentry"],"_links":{"self":[{"href":"http:\/\/www.indaial.sc.gov.br\/empreendedor\/index.php\/wp-json\/wp\/v2\/pages\/2197","targetHints":{"allow":["GET"]}}],"collection":[{"href":"http:\/\/www.indaial.sc.gov.br\/empreendedor\/index.php\/wp-json\/wp\/v2\/pages"}],"about":[{"href":"http:\/\/www.indaial.sc.gov.br\/empreendedor\/index.php\/wp-json\/wp\/v2\/types\/page"}],"author":[{"embeddable":true,"href":"http:\/\/www.indaial.sc.gov.br\/empreendedor\/index.php\/wp-json\/wp\/v2\/users\/1"}],"replies":[{"embeddable":true,"href":"http:\/\/www.indaial.sc.gov.br\/empreendedor\/index.php\/wp-json\/wp\/v2\/comments?post=2197"}],"version-history":[{"count":2,"href":"http:\/\/www.indaial.sc.gov.br\/empreendedor\/index.php\/wp-json\/wp\/v2\/pages\/2197\/revisions"}],"predecessor-version":[{"id":2363,"href":"http:\/\/www.indaial.sc.gov.br\/empreendedor\/index.php\/wp-json\/wp\/v2\/pages\/2197\/revisions\/2363"}],"wp:attachment":[{"href":"http:\/\/www.indaial.sc.gov.br\/empreendedor\/index.php\/wp-json\/wp\/v2\/media?parent=2197"}],"curies":[{"name":"wp","href":"https:\/\/api.w.org\/{rel}","templated":true}]}}