{"id":2199,"date":"2020-05-08T07:50:52","date_gmt":"2020-05-08T10:50:52","guid":{"rendered":"http:\/\/www.indaial.sc.gov.br\/empreendedor\/?page_id=2199"},"modified":"2020-05-08T07:50:52","modified_gmt":"2020-05-08T10:50:52","slug":"servicos-de-interesse-da-saude-pet-shop-banho-e-tosa","status":"publish","type":"page","link":"http:\/\/www.indaial.sc.gov.br\/empreendedor\/index.php\/servicos-de-interesse-da-saude-pet-shop-banho-e-tosa\/","title":{"rendered":"Servi\u00e7os de interesse da sa\u00fade &#8211; Pet shop \u2013 Banho e Tosa"},"content":{"rendered":"\n<p>1- Comprovante de limpeza e desinfec\u00e7\u00e3o da caixa da \u00e1gua;<br>2- Desinsetiza\u00e7\u00e3o e desratiza\u00e7\u00e3o por empresa legalizada;.<br>3- Sala de espera \/ recep\u00e7\u00e3o;<br>4- Fluxo (ambiente sujo\/ ambiente limpo) pode ser feitas divis\u00f3rias, com material liso, Lav\u00e1vel e imperme\u00e1vel de cor clara;<br>5- Ambientes com ventila\u00e7\u00e3o natural ou artificial.<br>6- Piso teto e paredes revestidos de material liso, lav\u00e1vel, imperme\u00e1vel, resistente \u00e0 desinfec\u00e7\u00e3o, de cor clara em bom estado de higiene e conserva\u00e7\u00e3o;<br>7- O mobili\u00e1rio deve ser de material imperme\u00e1vel, resistente \u00e0 desinfec\u00e7\u00e3o e estar em bom estado de higiene e conserva\u00e7\u00e3o;<br>8- Lavat\u00f3rios destinados a higiene das m\u00e3os e providos de dispensadores de sabonete l\u00edquido e papel toalha n\u00e3o reciclado;<br>9- Lixeiras com tampa, acionada sem contato manual (lixeira com pedal), providas de saco pl\u00e1stico;<br>10 Caixa de conten\u00e7\u00e3o de pelos e filtro na sa\u00edda de \u00e1gua da banheira;<br>11 Banheiro para clientes com lavat\u00f3rio para higieniza\u00e7\u00e3o das m\u00e3os, sabonete l\u00edquido, toalha descart\u00e1vel e lixeira com tampa acionada sem contato manual (lixeira com pedal);<\/p>\n\n\n\n<p>Legisla\u00e7\u00f5es: Lei Complementar Municipal 121\/2011; Resolu\u00e7\u00e3o 1069\/14; Manual ANVISA.<\/p>\n","protected":false},"excerpt":{"rendered":"<p>1- Comprovante de limpeza e desinfec\u00e7\u00e3o da caixa da \u00e1gua;2- Desinsetiza\u00e7\u00e3o e desratiza\u00e7\u00e3o por empresa legalizada;.3- Sala de espera \/ recep\u00e7\u00e3o;4- Fluxo (ambiente sujo\/ ambiente limpo) pode ser feitas divis\u00f3rias, com material liso, Lav\u00e1vel e imperme\u00e1vel de cor clara;5- Ambientes com ventila\u00e7\u00e3o natural ou artificial.6- Piso teto e paredes revestidos de material liso, lav\u00e1vel, imperme\u00e1vel, [&hellip;]<\/p>\n","protected":false},"author":1,"featured_media":0,"parent":0,"menu_order":0,"comment_status":"closed","ping_status":"closed","template":"","meta":{"footnotes":""},"class_list":["post-2199","page","type-page","status-publish","hentry"],"_links":{"self":[{"href":"http:\/\/www.indaial.sc.gov.br\/empreendedor\/index.php\/wp-json\/wp\/v2\/pages\/2199","targetHints":{"allow":["GET"]}}],"collection":[{"href":"http:\/\/www.indaial.sc.gov.br\/empreendedor\/index.php\/wp-json\/wp\/v2\/pages"}],"about":[{"href":"http:\/\/www.indaial.sc.gov.br\/empreendedor\/index.php\/wp-json\/wp\/v2\/types\/page"}],"author":[{"embeddable":true,"href":"http:\/\/www.indaial.sc.gov.br\/empreendedor\/index.php\/wp-json\/wp\/v2\/users\/1"}],"replies":[{"embeddable":true,"href":"http:\/\/www.indaial.sc.gov.br\/empreendedor\/index.php\/wp-json\/wp\/v2\/comments?post=2199"}],"version-history":[{"count":1,"href":"http:\/\/www.indaial.sc.gov.br\/empreendedor\/index.php\/wp-json\/wp\/v2\/pages\/2199\/revisions"}],"predecessor-version":[{"id":2200,"href":"http:\/\/www.indaial.sc.gov.br\/empreendedor\/index.php\/wp-json\/wp\/v2\/pages\/2199\/revisions\/2200"}],"wp:attachment":[{"href":"http:\/\/www.indaial.sc.gov.br\/empreendedor\/index.php\/wp-json\/wp\/v2\/media?parent=2199"}],"curies":[{"name":"wp","href":"https:\/\/api.w.org\/{rel}","templated":true}]}}