{"id":243,"date":"2020-03-04T17:08:21","date_gmt":"2020-03-04T20:08:21","guid":{"rendered":"http:\/\/www.indaial.sc.gov.br\/empreendedor\/?page_id=243"},"modified":"2020-03-16T11:43:47","modified_gmt":"2020-03-16T14:43:47","slug":"solicitacao-de-acesso-contadores-2","status":"publish","type":"page","link":"http:\/\/www.indaial.sc.gov.br\/empreendedor\/index.php\/solicitacao-de-acesso-contadores-2\/","title":{"rendered":"Como Solicitar Acesso &#8211; Contadores"},"content":{"rendered":"\n<p>Os contadores dever\u00e3o, para acessar informa\u00e7\u00f5es de seus clientes, preencher a Ficha de Atualiza\u00e7\u00e3o Cadastral (FAC), enviar a declara\u00e7\u00e3o mensal de servi\u00e7os tomados e prestados, entre outros servi\u00e7os, solicitar acesso aos servi\u00e7os do Auto Atendimento.<\/p>\n\n\n\n<p> Para tanto este dever\u00e1 seguir os seguintes passos: <\/p>\n\n\n\n<ul class=\"wp-block-list\"><li>Acessar o site do munic\u00edpio <a href=\"http:\/\/www.indaial.sc.gov.br\/\" target=\"_blank\" rel=\"noreferrer noopener\" aria-label=\" (abre numa nova aba)\">www.indaial.sc.gov.br<\/a>;<\/li><li> Clicar na op\u00e7\u00e3o Cadastrar-se no canto superior direito da tela <\/li><\/ul>\n\n\n\n<figure class=\"wp-block-image size-large\"><img fetchpriority=\"high\" decoding=\"async\" width=\"1024\" height=\"485\" src=\"http:\/\/www.indaial.sc.gov.br\/empreendedor\/wp-content\/uploads\/2020\/03\/image-1024x485.png\" alt=\"\" class=\"wp-image-244\" srcset=\"http:\/\/www.indaial.sc.gov.br\/empreendedor\/wp-content\/uploads\/2020\/03\/image-1024x485.png 1024w, http:\/\/www.indaial.sc.gov.br\/empreendedor\/wp-content\/uploads\/2020\/03\/image-300x142.png 300w, http:\/\/www.indaial.sc.gov.br\/empreendedor\/wp-content\/uploads\/2020\/03\/image-768x364.png 768w, http:\/\/www.indaial.sc.gov.br\/empreendedor\/wp-content\/uploads\/2020\/03\/image.png 1437w\" sizes=\"(max-width: 1024px) 100vw, 1024px\" \/><\/figure>\n\n\n\n<ul class=\"wp-block-list\"><li> Selecionar a op\u00e7\u00e3o de Escrita Fiscal<\/li><\/ul>\n\n\n\n<figure class=\"wp-block-image size-large\"><img decoding=\"async\" width=\"1024\" height=\"562\" src=\"http:\/\/www.indaial.sc.gov.br\/empreendedor\/wp-content\/uploads\/2020\/03\/image-1-1024x562.png\" alt=\"\" class=\"wp-image-245\" srcset=\"http:\/\/www.indaial.sc.gov.br\/empreendedor\/wp-content\/uploads\/2020\/03\/image-1-1024x562.png 1024w, http:\/\/www.indaial.sc.gov.br\/empreendedor\/wp-content\/uploads\/2020\/03\/image-1-300x165.png 300w, http:\/\/www.indaial.sc.gov.br\/empreendedor\/wp-content\/uploads\/2020\/03\/image-1-768x422.png 768w, http:\/\/www.indaial.sc.gov.br\/empreendedor\/wp-content\/uploads\/2020\/03\/image-1.png 1461w\" sizes=\"(max-width: 1024px) 100vw, 1024px\" \/><\/figure>\n\n\n\n<ul class=\"wp-block-list\"><li> Preencher os dados pessoas, sendo que \u00e9 importante n\u00e3o deixar de informa o CRC, caso o contador j\u00e1 tenha acesso para alguma cidade que utiliza o sistema IPM sugerimos utilizar a mesma senha pois o acesso a Escrita Fiscal \u00e9 comum a todas a cidades, podendo, por\u00e9m, alternar a senha do Auto Atendimento<\/li><\/ul>\n\n\n\n<figure class=\"wp-block-image size-large\"><img decoding=\"async\" width=\"1024\" height=\"817\" src=\"http:\/\/www.indaial.sc.gov.br\/empreendedor\/wp-content\/uploads\/2020\/03\/image-2-1024x817.png\" alt=\"\" class=\"wp-image-246\" srcset=\"http:\/\/www.indaial.sc.gov.br\/empreendedor\/wp-content\/uploads\/2020\/03\/image-2-1024x817.png 1024w, http:\/\/www.indaial.sc.gov.br\/empreendedor\/wp-content\/uploads\/2020\/03\/image-2-300x239.png 300w, http:\/\/www.indaial.sc.gov.br\/empreendedor\/wp-content\/uploads\/2020\/03\/image-2-768x612.png 768w, http:\/\/www.indaial.sc.gov.br\/empreendedor\/wp-content\/uploads\/2020\/03\/image-2.png 1066w\" sizes=\"(max-width: 1024px) 100vw, 1024px\" \/><\/figure>\n\n\n\n<ul class=\"wp-block-list\"><li>Posteriormente ser\u00e3o enviados 3 e-mail para confirmar o acesso, o primeiro ser\u00e1 autom\u00e1tico para confirma\u00e7\u00e3o do e-mail informado pelo contador, caso n\u00e3o receba favor verificar a caixa de lixo eletr\u00f4nico, em seguida o acesso ao portal do Auto Atendimento ser\u00e1 analisado pelo Setor de Inform\u00e1tica e, por ultimo, o Setor de Fiscaliza\u00e7\u00e3o Tribu\u00e1ria realizar\u00e1 a aprova\u00e7\u00e3o do acesso para a Escrita Fsical.<\/li><\/ul>\n\n\n\n<p><\/p>\n","protected":false},"excerpt":{"rendered":"<p>Os contadores dever\u00e3o, para acessar informa\u00e7\u00f5es de seus clientes, preencher a Ficha de Atualiza\u00e7\u00e3o Cadastral (FAC), enviar a declara\u00e7\u00e3o mensal de servi\u00e7os tomados e prestados, entre outros servi\u00e7os, solicitar acesso aos servi\u00e7os do Auto Atendimento. Para tanto este dever\u00e1 seguir os seguintes passos: Acessar o site do munic\u00edpio www.indaial.sc.gov.br; Clicar na op\u00e7\u00e3o Cadastrar-se no canto [&hellip;]<\/p>\n","protected":false},"author":1,"featured_media":0,"parent":0,"menu_order":0,"comment_status":"closed","ping_status":"closed","template":"","meta":{"footnotes":""},"class_list":["post-243","page","type-page","status-publish","hentry"],"_links":{"self":[{"href":"http:\/\/www.indaial.sc.gov.br\/empreendedor\/index.php\/wp-json\/wp\/v2\/pages\/243","targetHints":{"allow":["GET"]}}],"collection":[{"href":"http:\/\/www.indaial.sc.gov.br\/empreendedor\/index.php\/wp-json\/wp\/v2\/pages"}],"about":[{"href":"http:\/\/www.indaial.sc.gov.br\/empreendedor\/index.php\/wp-json\/wp\/v2\/types\/page"}],"author":[{"embeddable":true,"href":"http:\/\/www.indaial.sc.gov.br\/empreendedor\/index.php\/wp-json\/wp\/v2\/users\/1"}],"replies":[{"embeddable":true,"href":"http:\/\/www.indaial.sc.gov.br\/empreendedor\/index.php\/wp-json\/wp\/v2\/comments?post=243"}],"version-history":[{"count":4,"href":"http:\/\/www.indaial.sc.gov.br\/empreendedor\/index.php\/wp-json\/wp\/v2\/pages\/243\/revisions"}],"predecessor-version":[{"id":667,"href":"http:\/\/www.indaial.sc.gov.br\/empreendedor\/index.php\/wp-json\/wp\/v2\/pages\/243\/revisions\/667"}],"wp:attachment":[{"href":"http:\/\/www.indaial.sc.gov.br\/empreendedor\/index.php\/wp-json\/wp\/v2\/media?parent=243"}],"curies":[{"name":"wp","href":"https:\/\/api.w.org\/{rel}","templated":true}]}}