{"id":248,"date":"2020-03-04T17:28:45","date_gmt":"2020-03-04T20:28:45","guid":{"rendered":"http:\/\/www.indaial.sc.gov.br\/empreendedor\/?page_id=248"},"modified":"2026-04-23T11:26:20","modified_gmt":"2026-04-23T14:26:20","slug":"solicitacao-de-acesso-demais-contribuintes","status":"publish","type":"page","link":"http:\/\/www.indaial.sc.gov.br\/empreendedor\/index.php\/solicitacao-de-acesso-demais-contribuintes\/","title":{"rendered":"Como solicitar acesso &#8211; Demais contribuintes"},"content":{"rendered":"\n<p>As pessoas f\u00edsicas ou jur\u00eddicas que n\u00e3o forem contadores podem solicitar seu acesso para diversos servi\u00e7os como emiss\u00e3o do Extrato de D\u00e9bito, Emiss\u00e3o de guias de Alvar\u00e1, Acesso para Emiss\u00e3o de NFS-e, dentre outros.<\/p>\n\n\n\n<p><strong>ATEN\u00c7\u00c3O:<\/strong> Caso o pedido de acesso seja para emiss\u00e3o da nota fiscal de servi\u00e7o \u00e9 necess\u00e1rio que a empresa j\u00e1 esteja cadastrada no munic\u00edpio, caso ainda n\u00e3o esteja ser\u00e1 necess\u00e1rio primeiro encaminhar a documenta\u00e7\u00e3o de cadastro:<br><a href=\"http:\/\/www.indaial.sc.gov.br\/empreendedor\/index.php\/como-abrir-sua-empresa\/\" data-type=\"page\" data-id=\"119\" target=\"_blank\" rel=\"noreferrer noopener\">Como cadastrar Empresas MEI, ME, EPP e Demais portes &#8211; Contadores<\/a><br><a href=\"http:\/\/www.indaial.sc.gov.br\/empreendedor\/index.php\/cadastro-municipal-de-mei-sem-contador\/\" data-type=\"page\" data-id=\"4565\" target=\"_blank\" rel=\"noreferrer noopener\">Como cadastrar Empresa MEI sem contador<\/a><\/p>\n\n\n\n<p> Para tanto este dever\u00e1 seguir os seguintes passos:<\/p>\n\n\n\n<ul class=\"wp-block-list\">\n<li>Acessar o site do munic\u00edpio <a href=\"https:\/\/indaial.atende.net\/\">www.indaial.sc.gov.br<\/a>;<\/li>\n\n\n\n<li>Clicar na op\u00e7\u00e3o Cadastrar-se no canto superior direito da tela<\/li>\n<\/ul>\n\n\n\n<figure class=\"wp-block-image size-large\"><img fetchpriority=\"high\" decoding=\"async\" width=\"1024\" height=\"485\" src=\"http:\/\/www.indaial.sc.gov.br\/empreendedor\/wp-content\/uploads\/2020\/03\/image-3-1024x485.png\" alt=\"\" class=\"wp-image-249\" srcset=\"http:\/\/www.indaial.sc.gov.br\/empreendedor\/wp-content\/uploads\/2020\/03\/image-3-1024x485.png 1024w, http:\/\/www.indaial.sc.gov.br\/empreendedor\/wp-content\/uploads\/2020\/03\/image-3-300x142.png 300w, http:\/\/www.indaial.sc.gov.br\/empreendedor\/wp-content\/uploads\/2020\/03\/image-3-768x364.png 768w, http:\/\/www.indaial.sc.gov.br\/empreendedor\/wp-content\/uploads\/2020\/03\/image-3.png 1437w\" sizes=\"(max-width: 1024px) 100vw, 1024px\" \/><\/figure>\n\n\n\n<ul class=\"wp-block-list\">\n<li>Selecionar o acesso desejado;<\/li>\n<\/ul>\n\n\n\n<figure class=\"wp-block-image size-large\"><img decoding=\"async\" width=\"1024\" height=\"583\" src=\"http:\/\/www.indaial.sc.gov.br\/empreendedor\/wp-content\/uploads\/2020\/03\/image-4-1024x583.png\" alt=\"\" class=\"wp-image-250\" srcset=\"http:\/\/www.indaial.sc.gov.br\/empreendedor\/wp-content\/uploads\/2020\/03\/image-4-1024x583.png 1024w, http:\/\/www.indaial.sc.gov.br\/empreendedor\/wp-content\/uploads\/2020\/03\/image-4-300x171.png 300w, http:\/\/www.indaial.sc.gov.br\/empreendedor\/wp-content\/uploads\/2020\/03\/image-4-768x437.png 768w, http:\/\/www.indaial.sc.gov.br\/empreendedor\/wp-content\/uploads\/2020\/03\/image-4.png 1167w\" sizes=\"(max-width: 1024px) 100vw, 1024px\" \/><\/figure>\n\n\n\n<ul class=\"wp-block-list\">\n<li>Preencher os dados pessoais, importante alterar o tipo de pessoa para jur\u00eddica pretenda solicitar o acesso para a empresa.<\/li>\n<\/ul>\n\n\n\n<figure class=\"wp-block-image size-large\"><img decoding=\"async\" width=\"1024\" height=\"817\" src=\"http:\/\/www.indaial.sc.gov.br\/empreendedor\/wp-content\/uploads\/2020\/03\/image-5-1024x817.png\" alt=\"\" class=\"wp-image-251\" srcset=\"http:\/\/www.indaial.sc.gov.br\/empreendedor\/wp-content\/uploads\/2020\/03\/image-5-1024x817.png 1024w, http:\/\/www.indaial.sc.gov.br\/empreendedor\/wp-content\/uploads\/2020\/03\/image-5-300x239.png 300w, http:\/\/www.indaial.sc.gov.br\/empreendedor\/wp-content\/uploads\/2020\/03\/image-5-768x612.png 768w, http:\/\/www.indaial.sc.gov.br\/empreendedor\/wp-content\/uploads\/2020\/03\/image-5.png 1066w\" sizes=\"(max-width: 1024px) 100vw, 1024px\" \/><\/figure>\n\n\n\n<ul class=\"wp-block-list\">\n<li>Posteriormente ser\u00e3o enviados 3 e-mail para confirmar o acesso, o primeiro ser\u00e1 autom\u00e1tico para confirma\u00e7\u00e3o do e-mail informado pelo contador, caso n\u00e3o receba favor verificar a caixa de lixo eletr\u00f4nico, em seguida o acesso ao portal do Auto Atendimento ser\u00e1 analisado pelo Setor de Inform\u00e1tica e, por ultimo, o Setor de Fiscaliza\u00e7\u00e3o Tribu\u00e1ria realizar\u00e1 a aprova\u00e7\u00e3o do acesso para a Nota Fiscal de Servi\u00e7o &#8211; NFS-e.<\/li>\n<\/ul>\n\n\n\n<p><\/p>\n","protected":false},"excerpt":{"rendered":"<p>As pessoas f\u00edsicas ou jur\u00eddicas que n\u00e3o forem contadores podem solicitar seu acesso para diversos servi\u00e7os como emiss\u00e3o do Extrato de D\u00e9bito, Emiss\u00e3o de guias de Alvar\u00e1, Acesso para Emiss\u00e3o de NFS-e, dentre outros. ATEN\u00c7\u00c3O: Caso o pedido de acesso seja para emiss\u00e3o da nota fiscal de servi\u00e7o \u00e9 necess\u00e1rio que a empresa j\u00e1 esteja [&hellip;]<\/p>\n","protected":false},"author":1,"featured_media":0,"parent":0,"menu_order":0,"comment_status":"closed","ping_status":"closed","template":"","meta":{"footnotes":""},"class_list":["post-248","page","type-page","status-publish","hentry"],"_links":{"self":[{"href":"http:\/\/www.indaial.sc.gov.br\/empreendedor\/index.php\/wp-json\/wp\/v2\/pages\/248","targetHints":{"allow":["GET"]}}],"collection":[{"href":"http:\/\/www.indaial.sc.gov.br\/empreendedor\/index.php\/wp-json\/wp\/v2\/pages"}],"about":[{"href":"http:\/\/www.indaial.sc.gov.br\/empreendedor\/index.php\/wp-json\/wp\/v2\/types\/page"}],"author":[{"embeddable":true,"href":"http:\/\/www.indaial.sc.gov.br\/empreendedor\/index.php\/wp-json\/wp\/v2\/users\/1"}],"replies":[{"embeddable":true,"href":"http:\/\/www.indaial.sc.gov.br\/empreendedor\/index.php\/wp-json\/wp\/v2\/comments?post=248"}],"version-history":[{"count":6,"href":"http:\/\/www.indaial.sc.gov.br\/empreendedor\/index.php\/wp-json\/wp\/v2\/pages\/248\/revisions"}],"predecessor-version":[{"id":6832,"href":"http:\/\/www.indaial.sc.gov.br\/empreendedor\/index.php\/wp-json\/wp\/v2\/pages\/248\/revisions\/6832"}],"wp:attachment":[{"href":"http:\/\/www.indaial.sc.gov.br\/empreendedor\/index.php\/wp-json\/wp\/v2\/media?parent=248"}],"curies":[{"name":"wp","href":"https:\/\/api.w.org\/{rel}","templated":true}]}}