{"id":2508,"date":"2020-06-24T12:26:25","date_gmt":"2020-06-24T15:26:25","guid":{"rendered":"http:\/\/www.indaial.sc.gov.br\/empreendedor\/?page_id=2508"},"modified":"2020-06-24T12:26:25","modified_gmt":"2020-06-24T15:26:25","slug":"atividade-de-lavacao-veicular","status":"publish","type":"page","link":"http:\/\/www.indaial.sc.gov.br\/empreendedor\/index.php\/atividade-de-lavacao-veicular\/","title":{"rendered":"Atividade de Lava\u00e7\u00e3o Veicular"},"content":{"rendered":"\n<p>1. Solicitar Autoriza\u00e7\u00e3o Ambiental (AuA) para a atividade lava\u00e7\u00e3o de ve\u00edculos atrav\u00e9s de requerimento na <strong>Central de Atendimento<\/strong>.<\/p>\n\n\n\n<p>2. O local para realiza\u00e7\u00e3o das atividades deve possuir rampa ou piso impermeabilizado para a lava\u00e7\u00e3o.<\/p>\n\n\n\n<p>3. Capta\u00e7\u00e3o de toda a \u00e1gua utilizada na lava\u00e7\u00e3o que deve ser destinada para o sistema de decanta\u00e7\u00e3o, separa\u00e7\u00e3o de \u00e1gua e \u00f3leo e filtragem, antes de serem lan\u00e7ados em rede p\u00fablica, ou corpo d\u2019\u00e1gua.<\/p>\n\n\n\n<p>4. Os sistemas de decanta\u00e7\u00e3o, separa\u00e7\u00e3o de \u00e1gua e \u00f3leo e filtragem utilizada devem ser, preferencialmente, sistemas compactos prontos <em>(anexar imagem ao requerimento do modelo a ser adquirido)<\/em>.<\/p>\n\n\n\n<p>5. Para atividade de lava\u00e7\u00e3o de ve\u00edculos de grande porte (Ex: caminh\u00f5es, \u00f4nibus, etc) o sistema de tratamento dever\u00e1 ser dimensionado de forma a tratar todo o volume de \u00e1gua utilizado nos processos adequadamente, e se constru\u00eddo em alvenaria, dever\u00e1 ser apresentado projeto com a respectiva Anota\u00e7\u00e3o de Responsabilidade T\u00e9cnica (ART);<\/p>\n\n\n\n<p>5. O sistema Separador de \u00c1gua e \u00d3leo \u2013 SSAO, tanto os compactos quanto os constru\u00eddos em alvenaria, dever\u00e3o possuir capacidade adequada de acordo com a vaz\u00e3o de efluente gerado pelo empreendimento, ou seja, o sistema dever\u00e1 ter capacidade para tratar toda a \u00e1gua utilizada na lava\u00e7\u00e3o dos ve\u00edculos. (Exemplo do c\u00e1lculo: quantidade estimada de ve\u00edculos lavados por dia X quantidade estimada de \u00e1gua por ve\u00edculo = quantidade estimada de \u00e1gua a ser tratada)<\/p>\n\n\n\n<p>6. Usar na lava\u00e7\u00e3o apenas produtos aprovados pela ANVISA;<\/p>\n\n\n\n<p>7. Os trabalhadores devem usar EPI (Equipamento de Prote\u00e7\u00e3o Individual) adequado;<\/p>\n\n\n\n<p>8. O local de refei\u00e7\u00f5es dos trabalhadores deve ser adequado e separado do local de trabalho.<\/p>\n\n\n\n<p>9. Os res\u00edduos s\u00f3lidos gerados nas atividades dever\u00e3o ser destinados de forma ambientalmente adequada.<\/p>\n\n\n\n<p>10. Dever\u00e3o ser mantidos os comprovantes de destina\u00e7\u00e3o dos res\u00edduos para posterior apresenta\u00e7\u00e3o em fiscaliza\u00e7\u00f5es.<\/p>\n\n\n\n<p>11. Os n\u00edveis de produ\u00e7\u00e3o de ru\u00eddos e press\u00e3o sonora e de resultante das atividades dever\u00e3o manter seus limites externos dentro dos padr\u00f5es estabelecidos na Norma T\u00e9cnica Brasileira ABNT\/NBR 10.151 e Zoneamento arbitrado pela municipalidade.<\/p>\n\n\n\n<figure class=\"wp-block-image size-large\"><img fetchpriority=\"high\" decoding=\"async\" width=\"724\" height=\"1024\" src=\"http:\/\/www.indaial.sc.gov.br\/empreendedor\/wp-content\/uploads\/2020\/06\/image-724x1024.png\" alt=\"\" class=\"wp-image-2509\" srcset=\"http:\/\/www.indaial.sc.gov.br\/empreendedor\/wp-content\/uploads\/2020\/06\/image-724x1024.png 724w, http:\/\/www.indaial.sc.gov.br\/empreendedor\/wp-content\/uploads\/2020\/06\/image-212x300.png 212w, http:\/\/www.indaial.sc.gov.br\/empreendedor\/wp-content\/uploads\/2020\/06\/image-768x1086.png 768w, http:\/\/www.indaial.sc.gov.br\/empreendedor\/wp-content\/uploads\/2020\/06\/image.png 794w\" sizes=\"(max-width: 724px) 100vw, 724px\" \/><\/figure>\n\n\n\n<p>Legisla\u00e7\u00e3o DECRETO N\u00ba 2119, DE 09 DE OUTUBRO DE 2008<br>Imagem somente ilustrativa. O projeto deve ser realizado conforme realidade de cada empreendimento.<br><\/p>\n\n\n\n<p><\/p>\n","protected":false},"excerpt":{"rendered":"<p>1. Solicitar Autoriza\u00e7\u00e3o Ambiental (AuA) para a atividade lava\u00e7\u00e3o de ve\u00edculos atrav\u00e9s de requerimento na Central de Atendimento. 2. O local para realiza\u00e7\u00e3o das atividades deve possuir rampa ou piso impermeabilizado para a lava\u00e7\u00e3o. 3. Capta\u00e7\u00e3o de toda a \u00e1gua utilizada na lava\u00e7\u00e3o que deve ser destinada para o sistema de decanta\u00e7\u00e3o, separa\u00e7\u00e3o de \u00e1gua [&hellip;]<\/p>\n","protected":false},"author":1,"featured_media":0,"parent":0,"menu_order":0,"comment_status":"closed","ping_status":"closed","template":"","meta":{"footnotes":""},"class_list":["post-2508","page","type-page","status-publish","hentry"],"_links":{"self":[{"href":"http:\/\/www.indaial.sc.gov.br\/empreendedor\/index.php\/wp-json\/wp\/v2\/pages\/2508","targetHints":{"allow":["GET"]}}],"collection":[{"href":"http:\/\/www.indaial.sc.gov.br\/empreendedor\/index.php\/wp-json\/wp\/v2\/pages"}],"about":[{"href":"http:\/\/www.indaial.sc.gov.br\/empreendedor\/index.php\/wp-json\/wp\/v2\/types\/page"}],"author":[{"embeddable":true,"href":"http:\/\/www.indaial.sc.gov.br\/empreendedor\/index.php\/wp-json\/wp\/v2\/users\/1"}],"replies":[{"embeddable":true,"href":"http:\/\/www.indaial.sc.gov.br\/empreendedor\/index.php\/wp-json\/wp\/v2\/comments?post=2508"}],"version-history":[{"count":1,"href":"http:\/\/www.indaial.sc.gov.br\/empreendedor\/index.php\/wp-json\/wp\/v2\/pages\/2508\/revisions"}],"predecessor-version":[{"id":2511,"href":"http:\/\/www.indaial.sc.gov.br\/empreendedor\/index.php\/wp-json\/wp\/v2\/pages\/2508\/revisions\/2511"}],"wp:attachment":[{"href":"http:\/\/www.indaial.sc.gov.br\/empreendedor\/index.php\/wp-json\/wp\/v2\/media?parent=2508"}],"curies":[{"name":"wp","href":"https:\/\/api.w.org\/{rel}","templated":true}]}}