{"id":2512,"date":"2020-06-24T12:27:01","date_gmt":"2020-06-24T15:27:01","guid":{"rendered":"http:\/\/www.indaial.sc.gov.br\/empreendedor\/?page_id=2512"},"modified":"2020-06-24T12:27:12","modified_gmt":"2020-06-24T15:27:12","slug":"atividades-de-manutencao-veicular-oficinas-mecanicas","status":"publish","type":"page","link":"http:\/\/www.indaial.sc.gov.br\/empreendedor\/index.php\/atividades-de-manutencao-veicular-oficinas-mecanicas\/","title":{"rendered":"Atividades de Manuten\u00e7\u00e3o Veicular (Oficinas Mec\u00e2nicas)"},"content":{"rendered":"\n<ol class=\"wp-block-list\"><li>O local para realiza\u00e7\u00e3o das atividades de manuten\u00e7\u00e3o veicular deve possuir piso impermeabilizado, com conten\u00e7\u00e3o para evitar poss\u00edveis vazamentos.<\/li><li>Os res\u00edduos s\u00f3lidos gerados nas atividades, tais como estopas, pe\u00e7as met\u00e1licas, sobras de produtos qu\u00edmicos, embalagens contaminadas com \u00f3leo, pneus, metais, baterias, devem ser acondicionados corretamente e ter destina\u00e7\u00e3o ambientalmente adequada. Os res\u00edduos dever\u00e3o ser mantidos em local com piso impermeabilizado, contendo bacia de conten\u00e7\u00e3o (estrutura que possa conter o \u00f3leo em caso de vazamento) e abrigado de intemp\u00e9ries (Ex: sol, chuvas, enchentes, etc).<\/li><li>Armazenar os res\u00edduos oleosos em recipiente fechado at\u00e9 a destina\u00e7\u00e3o ambientalmente adequada. O recipiente dever\u00e1 permanecer em local com piso imperme\u00e1vel e abrigado de intemp\u00e9ries contendo bacia de conten\u00e7\u00e3o para evitar poss\u00edveis vazamentos.<\/li><li>Dever\u00e3o ser mantidos os comprovantes de destina\u00e7\u00e3o dos res\u00edduos para posterior apresenta\u00e7\u00e3o em fiscaliza\u00e7\u00f5es.<\/li><li>Os n\u00edveis de produ\u00e7\u00e3o de ru\u00eddos e press\u00e3o sonora resultante das atividades dever\u00e3o manter seus limites externos dentro dos padr\u00f5es estabelecidos na Norma T\u00e9cnica Brasileira ABNT\/NBR 10.151 e Zoneamento arbitrado pela municipalidade.<\/li><\/ol>\n\n\n\n<p>Lei Federal 12.305\/2010 (Pol\u00edtica Nacional de Res\u00edduos S\u00f3lidos), Norma T\u00e9cnica Brasileira ABNT\/NBR 10.151<\/p>\n","protected":false},"excerpt":{"rendered":"<p>O local para realiza\u00e7\u00e3o das atividades de manuten\u00e7\u00e3o veicular deve possuir piso impermeabilizado, com conten\u00e7\u00e3o para evitar poss\u00edveis vazamentos. Os res\u00edduos s\u00f3lidos gerados nas atividades, tais como estopas, pe\u00e7as met\u00e1licas, sobras de produtos qu\u00edmicos, embalagens contaminadas com \u00f3leo, pneus, metais, baterias, devem ser acondicionados corretamente e ter destina\u00e7\u00e3o ambientalmente adequada. Os res\u00edduos dever\u00e3o ser mantidos [&hellip;]<\/p>\n","protected":false},"author":1,"featured_media":0,"parent":0,"menu_order":0,"comment_status":"closed","ping_status":"closed","template":"","meta":{"footnotes":""},"class_list":["post-2512","page","type-page","status-publish","hentry"],"_links":{"self":[{"href":"http:\/\/www.indaial.sc.gov.br\/empreendedor\/index.php\/wp-json\/wp\/v2\/pages\/2512","targetHints":{"allow":["GET"]}}],"collection":[{"href":"http:\/\/www.indaial.sc.gov.br\/empreendedor\/index.php\/wp-json\/wp\/v2\/pages"}],"about":[{"href":"http:\/\/www.indaial.sc.gov.br\/empreendedor\/index.php\/wp-json\/wp\/v2\/types\/page"}],"author":[{"embeddable":true,"href":"http:\/\/www.indaial.sc.gov.br\/empreendedor\/index.php\/wp-json\/wp\/v2\/users\/1"}],"replies":[{"embeddable":true,"href":"http:\/\/www.indaial.sc.gov.br\/empreendedor\/index.php\/wp-json\/wp\/v2\/comments?post=2512"}],"version-history":[{"count":1,"href":"http:\/\/www.indaial.sc.gov.br\/empreendedor\/index.php\/wp-json\/wp\/v2\/pages\/2512\/revisions"}],"predecessor-version":[{"id":2513,"href":"http:\/\/www.indaial.sc.gov.br\/empreendedor\/index.php\/wp-json\/wp\/v2\/pages\/2512\/revisions\/2513"}],"wp:attachment":[{"href":"http:\/\/www.indaial.sc.gov.br\/empreendedor\/index.php\/wp-json\/wp\/v2\/media?parent=2512"}],"curies":[{"name":"wp","href":"https:\/\/api.w.org\/{rel}","templated":true}]}}