{"id":2514,"date":"2020-06-24T12:27:35","date_gmt":"2020-06-24T15:27:35","guid":{"rendered":"http:\/\/www.indaial.sc.gov.br\/empreendedor\/?page_id=2514"},"modified":"2020-06-24T12:27:35","modified_gmt":"2020-06-24T15:27:35","slug":"atividade-de-lanternagem-funilaria-e-pintura","status":"publish","type":"page","link":"http:\/\/www.indaial.sc.gov.br\/empreendedor\/index.php\/atividade-de-lanternagem-funilaria-e-pintura\/","title":{"rendered":"Atividade de Lanternagem, Funilaria e Pintura"},"content":{"rendered":"\n<ol class=\"wp-block-list\"><li>Dever\u00e1, obrigatoriamente, providenciar <strong>licen\u00e7a ambienta<\/strong>l para a atividade, conforme Resolu\u00e7\u00e3o do Conselho Estadual de Meio Ambiente (CONSEMA) 98\/2017 e Resolu\u00e7\u00e3o do Conselho Estadual de Meio Ambiente (CONSEMA) 99\/2017.<\/li><li>Dever\u00e1, obrigatoriamente, <em>providenciar a contrata\u00e7\u00e3o de profissional da \u00e1rea de Meio Ambiente<\/em> (Ex: engenheiro ambiental, bi\u00f3logo, etc) que ser\u00e1 o t\u00e9cnico habilitado respons\u00e1vel pelo acompanhamento das atividades e controles ambientais do empreendimento, conforme exig\u00eancia da legisla\u00e7\u00e3o.<\/li><li>Os formul\u00e1rios e documenta\u00e7\u00e3o a serem preenchidos e apresentadas para fins de obten\u00e7\u00e3o da licen\u00e7a ambiental ser\u00e3o de responsabilidade do t\u00e9cnico habilitado contratado em conjunto ao empreendedor.<\/li><li>A documenta\u00e7\u00e3o para fins de licenciamento, dever\u00e1 ser protocolada junto \u00e0 Central de Atendimento do Munic\u00edpio de Indaial ou no Cons\u00f3rcio Intermunicipal do M\u00e9dio Vale Itaja\u00ed (CIMVI).<\/li><li>O local para realiza\u00e7\u00e3o das atividades de pintura deve possuir piso impermeabilizado, conforme orienta\u00e7\u00e3o do t\u00e9cnico respons\u00e1vel contratado.<\/li><li>A pintura dever\u00e1 ser realizada exclusivamente dentro de local\/ estrutura exclusivos para tal finalidade, conforme orienta\u00e7\u00e3o do t\u00e9cnico respons\u00e1vel.<\/li><li>O local onde ser\u00e1 realizada a pintura veicular dever\u00e1 ser dotado de tecnologia (Ex: exaustores, filtros, etc), para conter a emiss\u00e3o de produtos qu\u00edmicos, material particulado e odores no ar, conforme orienta\u00e7\u00e3o do t\u00e9cnico respons\u00e1vel.<\/li><li>Dever\u00e3o ser mantidos os comprovantes de destina\u00e7\u00e3o dos res\u00edduos para posterior apresenta\u00e7\u00e3o em fiscaliza\u00e7\u00f5es.<\/li><li>\u00c9 proibida a pintura veicular ao ar livre ou fora de local espec\u00edfico para este fim.<\/li><li>Os n\u00edveis de produ\u00e7\u00e3o de ru\u00eddos e press\u00e3o sonora resultante das atividades dever\u00e3o manter seus limites externos dentro dos padr\u00f5es estabelecidos na Norma T\u00e9cnica Brasileira ABNT\/NBR 10.151 e Zoneamento arbitrado pela municipalidade.<\/li><\/ol>\n\n\n\n<p>Resolu\u00e7\u00e3o CONSEMA 98\/2017, Resolu\u00e7\u00e3o CONSEMA 99\/2017, Lei Federal 12.305\/2010 (Pol\u00edtica Nacional de Res\u00edduos S\u00f3lidos), Norma T\u00e9cnica Brasileira ABNT\/NBR 10.151<\/p>\n","protected":false},"excerpt":{"rendered":"<p>Dever\u00e1, obrigatoriamente, providenciar licen\u00e7a ambiental para a atividade, conforme Resolu\u00e7\u00e3o do Conselho Estadual de Meio Ambiente (CONSEMA) 98\/2017 e Resolu\u00e7\u00e3o do Conselho Estadual de Meio Ambiente (CONSEMA) 99\/2017. Dever\u00e1, obrigatoriamente, providenciar a contrata\u00e7\u00e3o de profissional da \u00e1rea de Meio Ambiente (Ex: engenheiro ambiental, bi\u00f3logo, etc) que ser\u00e1 o t\u00e9cnico habilitado respons\u00e1vel pelo acompanhamento das atividades [&hellip;]<\/p>\n","protected":false},"author":1,"featured_media":0,"parent":0,"menu_order":0,"comment_status":"closed","ping_status":"closed","template":"","meta":{"footnotes":""},"class_list":["post-2514","page","type-page","status-publish","hentry"],"_links":{"self":[{"href":"http:\/\/www.indaial.sc.gov.br\/empreendedor\/index.php\/wp-json\/wp\/v2\/pages\/2514","targetHints":{"allow":["GET"]}}],"collection":[{"href":"http:\/\/www.indaial.sc.gov.br\/empreendedor\/index.php\/wp-json\/wp\/v2\/pages"}],"about":[{"href":"http:\/\/www.indaial.sc.gov.br\/empreendedor\/index.php\/wp-json\/wp\/v2\/types\/page"}],"author":[{"embeddable":true,"href":"http:\/\/www.indaial.sc.gov.br\/empreendedor\/index.php\/wp-json\/wp\/v2\/users\/1"}],"replies":[{"embeddable":true,"href":"http:\/\/www.indaial.sc.gov.br\/empreendedor\/index.php\/wp-json\/wp\/v2\/comments?post=2514"}],"version-history":[{"count":1,"href":"http:\/\/www.indaial.sc.gov.br\/empreendedor\/index.php\/wp-json\/wp\/v2\/pages\/2514\/revisions"}],"predecessor-version":[{"id":2515,"href":"http:\/\/www.indaial.sc.gov.br\/empreendedor\/index.php\/wp-json\/wp\/v2\/pages\/2514\/revisions\/2515"}],"wp:attachment":[{"href":"http:\/\/www.indaial.sc.gov.br\/empreendedor\/index.php\/wp-json\/wp\/v2\/media?parent=2514"}],"curies":[{"name":"wp","href":"https:\/\/api.w.org\/{rel}","templated":true}]}}