{"id":2517,"date":"2020-06-24T12:28:35","date_gmt":"2020-06-24T15:28:35","guid":{"rendered":"http:\/\/www.indaial.sc.gov.br\/empreendedor\/?page_id=2517"},"modified":"2020-06-24T12:28:35","modified_gmt":"2020-06-24T15:28:35","slug":"atividades-de-confeccao-de-roupas","status":"publish","type":"page","link":"http:\/\/www.indaial.sc.gov.br\/empreendedor\/index.php\/atividades-de-confeccao-de-roupas\/","title":{"rendered":"Atividades de Confec\u00e7\u00e3o de Roupas"},"content":{"rendered":"\n<ol class=\"wp-block-list\"><li>Dever\u00e1 providenciar destina\u00e7\u00e3o final ambientalmente adequada dos res\u00edduos s\u00f3lidos (Ex: res\u00edduos de malha, retalhos, etc).<\/li><li>Os n\u00edveis de produ\u00e7\u00e3o de ru\u00eddos e press\u00e3o sonora resultante das atividades dever\u00e3o manter seus limites externos dentro dos padr\u00f5es estabelecidos na Norma T\u00e9cnica Brasileira ABNT\/NBR 10.151 e Zoneamento arbitrado pela municipalidade.<\/li><\/ol>\n\n\n\n<p>Lei Federal 12.305\/2010 (Pol\u00edtica Nacional de Res\u00edduos S\u00f3lidos), art. 3\u00b0, IX<\/p>\n\n\n\n<p>Lei Estadual 14.675\/2009 (C\u00f3digo Estadual do Meio Ambiente), art. 243.<\/p>\n\n\n\n<p>Norma T\u00e9cnica Brasileira ABNT\/NBR 10.151<\/p>\n","protected":false},"excerpt":{"rendered":"<p>Dever\u00e1 providenciar destina\u00e7\u00e3o final ambientalmente adequada dos res\u00edduos s\u00f3lidos (Ex: res\u00edduos de malha, retalhos, etc). Os n\u00edveis de produ\u00e7\u00e3o de ru\u00eddos e press\u00e3o sonora resultante das atividades dever\u00e3o manter seus limites externos dentro dos padr\u00f5es estabelecidos na Norma T\u00e9cnica Brasileira ABNT\/NBR 10.151 e Zoneamento arbitrado pela municipalidade. Lei Federal 12.305\/2010 (Pol\u00edtica Nacional de Res\u00edduos S\u00f3lidos), [&hellip;]<\/p>\n","protected":false},"author":1,"featured_media":0,"parent":0,"menu_order":0,"comment_status":"closed","ping_status":"closed","template":"","meta":{"footnotes":""},"class_list":["post-2517","page","type-page","status-publish","hentry"],"_links":{"self":[{"href":"http:\/\/www.indaial.sc.gov.br\/empreendedor\/index.php\/wp-json\/wp\/v2\/pages\/2517","targetHints":{"allow":["GET"]}}],"collection":[{"href":"http:\/\/www.indaial.sc.gov.br\/empreendedor\/index.php\/wp-json\/wp\/v2\/pages"}],"about":[{"href":"http:\/\/www.indaial.sc.gov.br\/empreendedor\/index.php\/wp-json\/wp\/v2\/types\/page"}],"author":[{"embeddable":true,"href":"http:\/\/www.indaial.sc.gov.br\/empreendedor\/index.php\/wp-json\/wp\/v2\/users\/1"}],"replies":[{"embeddable":true,"href":"http:\/\/www.indaial.sc.gov.br\/empreendedor\/index.php\/wp-json\/wp\/v2\/comments?post=2517"}],"version-history":[{"count":1,"href":"http:\/\/www.indaial.sc.gov.br\/empreendedor\/index.php\/wp-json\/wp\/v2\/pages\/2517\/revisions"}],"predecessor-version":[{"id":2518,"href":"http:\/\/www.indaial.sc.gov.br\/empreendedor\/index.php\/wp-json\/wp\/v2\/pages\/2517\/revisions\/2518"}],"wp:attachment":[{"href":"http:\/\/www.indaial.sc.gov.br\/empreendedor\/index.php\/wp-json\/wp\/v2\/media?parent=2517"}],"curies":[{"name":"wp","href":"https:\/\/api.w.org\/{rel}","templated":true}]}}