{"id":254,"date":"2020-03-06T11:56:04","date_gmt":"2020-03-06T14:56:04","guid":{"rendered":"http:\/\/www.indaial.sc.gov.br\/empreendedor\/?page_id=254"},"modified":"2020-03-06T11:57:55","modified_gmt":"2020-03-06T14:57:55","slug":"declaracao-de-servicos-prestados-contadores","status":"publish","type":"page","link":"http:\/\/www.indaial.sc.gov.br\/empreendedor\/index.php\/declaracao-de-servicos-prestados-contadores\/","title":{"rendered":"Declara\u00e7\u00e3o de Servi\u00e7os Prestados &#8211; Contadores"},"content":{"rendered":"\n<p>Os contadores de empresas prestadoras de servi\u00e7o estabelecidas em Indaial dever\u00e3o mensalmente protocolar o faturamento destas, sendo que caso estas sejam optantes pelo Simples Nacional o sistema identificar\u00e1 tal situa\u00e7\u00e3o e n\u00e3o gerar\u00e1 valores a serem pagos, devendo o ISS ser recolhido na guia DAS, enquanto que das empresas que n\u00e3o sejam optantes do Simples Nacional o sistema gerar\u00e1 a guia para recolhimento do ISS.<\/p>\n\n\n\n<p>Para realizar o acesso o contador j\u00e1 dever\u00e1 ter sua senha como contador e ter seu cliente vinculado a esta.<\/p>\n\n\n\n<p><a href=\"http:\/\/www.indaial.sc.gov.br\/empreendedor\/index.php\/solicitacao-de-acesso-contadores-2\/\">Como Solicitar Acesso &#8211; Contadores ?<\/a><\/p>\n\n\n\n<p>Importante: A declara\u00e7\u00e3o deve ser protocolada sempre at\u00e9 o dia 10 do m\u00eas subsequente a emiss\u00e3o da NFS, e o recolhimento do ISS, quando a empresa n\u00e3o for optante pelo Simples Nacional, dever\u00e1 ser feito at\u00e9 o dia 15.<\/p>\n\n\n\n<p>Para realizar a declara\u00e7\u00e3o o contador dever\u00e1 realizar os seguintes passos:<\/p>\n\n\n\n<ul class=\"wp-block-list\"><li> Acessar o site do munic\u00edpio \u2013 <a href=\"http:\/\/www.indaial.sc.gov.br\/\">www.indaial.sc.gov.br<\/a><\/li><li> Logar na op\u00e7\u00e3o de Auto Atendimento com a senha do contador  <\/li><\/ul>\n\n\n\n<figure class=\"wp-block-image size-large\"><img fetchpriority=\"high\" decoding=\"async\" width=\"1024\" height=\"649\" src=\"http:\/\/www.indaial.sc.gov.br\/empreendedor\/wp-content\/uploads\/2020\/03\/image-6-1024x649.png\" alt=\"\" class=\"wp-image-255\" srcset=\"http:\/\/www.indaial.sc.gov.br\/empreendedor\/wp-content\/uploads\/2020\/03\/image-6-1024x649.png 1024w, http:\/\/www.indaial.sc.gov.br\/empreendedor\/wp-content\/uploads\/2020\/03\/image-6-300x190.png 300w, http:\/\/www.indaial.sc.gov.br\/empreendedor\/wp-content\/uploads\/2020\/03\/image-6-768x487.png 768w, http:\/\/www.indaial.sc.gov.br\/empreendedor\/wp-content\/uploads\/2020\/03\/image-6.png 1434w\" sizes=\"(max-width: 1024px) 100vw, 1024px\" \/><\/figure>\n\n\n\n<ul class=\"wp-block-list\"><li> Acessar a op\u00e7\u00e3o de Escrita Fiscal no canto superior Esquerdo<\/li><\/ul>\n\n\n\n<figure class=\"wp-block-image size-large\"><img decoding=\"async\" width=\"1024\" height=\"460\" src=\"http:\/\/www.indaial.sc.gov.br\/empreendedor\/wp-content\/uploads\/2020\/03\/image-7-1024x460.png\" alt=\"\" class=\"wp-image-256\" srcset=\"http:\/\/www.indaial.sc.gov.br\/empreendedor\/wp-content\/uploads\/2020\/03\/image-7-1024x460.png 1024w, http:\/\/www.indaial.sc.gov.br\/empreendedor\/wp-content\/uploads\/2020\/03\/image-7-300x135.png 300w, http:\/\/www.indaial.sc.gov.br\/empreendedor\/wp-content\/uploads\/2020\/03\/image-7-768x345.png 768w, http:\/\/www.indaial.sc.gov.br\/empreendedor\/wp-content\/uploads\/2020\/03\/image-7.png 1055w\" sizes=\"(max-width: 1024px) 100vw, 1024px\" \/><\/figure>\n\n\n\n<ul class=\"wp-block-list\"><li> Caso seja necess\u00e1rio, digitar novamente o Login e senha do contador na op\u00e7\u00e3o que ser\u00e1 apresentada na tela, \u00e9 importante mencionar que o acesso ao Auto Atendimento do munic\u00edpio pode ser realizado com uma senha e o acesso a Escrita Fiscal pode ter outra senha, j\u00e1 que este \u00faltimo \u00e9 comum a todas as cidades que utilizam o sistema IPM, sendo a mesma senha p utilizada ara todas as cidades.<\/li><\/ul>\n\n\n\n<figure class=\"wp-block-image size-large\"><img decoding=\"async\" width=\"1024\" height=\"458\" src=\"http:\/\/www.indaial.sc.gov.br\/empreendedor\/wp-content\/uploads\/2020\/03\/image-8-1024x458.png\" alt=\"\" class=\"wp-image-257\" srcset=\"http:\/\/www.indaial.sc.gov.br\/empreendedor\/wp-content\/uploads\/2020\/03\/image-8-1024x458.png 1024w, http:\/\/www.indaial.sc.gov.br\/empreendedor\/wp-content\/uploads\/2020\/03\/image-8-300x134.png 300w, http:\/\/www.indaial.sc.gov.br\/empreendedor\/wp-content\/uploads\/2020\/03\/image-8-768x344.png 768w, http:\/\/www.indaial.sc.gov.br\/empreendedor\/wp-content\/uploads\/2020\/03\/image-8.png 1448w\" sizes=\"(max-width: 1024px) 100vw, 1024px\" \/><\/figure>\n\n\n\n<ul class=\"wp-block-list\"><li> Ao acessar a Escrita Fiscal dever\u00e1 ser apresentada em uma nova tela, caso isso n\u00e3o ocorra e o sistema n\u00e3o informe que a senha esta incorreta \u00e9 necess\u00e1rio desbloquear a pop-up.<\/li><\/ul>\n\n\n\n<ul class=\"wp-block-list\"><li>Na nova tela \u00e9 importante verificar se a cidade de atua\u00e7\u00e3o apresentada na parte inferior esquerda da tela \u00e9 a cidade de Indaial, caso seja o contador dever\u00e1 clicar no menu Declara\u00e7\u00e3o de Servi\u00e7o \u2192 Prestado \u2192 Homologado.<\/li><\/ul>\n\n\n\n<figure class=\"wp-block-image size-large\"><img loading=\"lazy\" decoding=\"async\" width=\"1024\" height=\"860\" src=\"http:\/\/www.indaial.sc.gov.br\/empreendedor\/wp-content\/uploads\/2020\/03\/image-9-1024x860.png\" alt=\"\" class=\"wp-image-258\" srcset=\"http:\/\/www.indaial.sc.gov.br\/empreendedor\/wp-content\/uploads\/2020\/03\/image-9-1024x860.png 1024w, http:\/\/www.indaial.sc.gov.br\/empreendedor\/wp-content\/uploads\/2020\/03\/image-9-300x252.png 300w, http:\/\/www.indaial.sc.gov.br\/empreendedor\/wp-content\/uploads\/2020\/03\/image-9-768x645.png 768w, http:\/\/www.indaial.sc.gov.br\/empreendedor\/wp-content\/uploads\/2020\/03\/image-9.png 1152w\" sizes=\"(max-width: 1024px) 100vw, 1024px\" \/><\/figure>\n\n\n\n<figure class=\"wp-block-image size-large\"><img loading=\"lazy\" decoding=\"async\" width=\"879\" height=\"438\" src=\"http:\/\/www.indaial.sc.gov.br\/empreendedor\/wp-content\/uploads\/2020\/03\/image-10.png\" alt=\"\" class=\"wp-image-260\" srcset=\"http:\/\/www.indaial.sc.gov.br\/empreendedor\/wp-content\/uploads\/2020\/03\/image-10.png 879w, http:\/\/www.indaial.sc.gov.br\/empreendedor\/wp-content\/uploads\/2020\/03\/image-10-300x149.png 300w, http:\/\/www.indaial.sc.gov.br\/empreendedor\/wp-content\/uploads\/2020\/03\/image-10-768x383.png 768w\" sizes=\"(max-width: 879px) 100vw, 879px\" \/><\/figure>\n\n\n\n<ul class=\"wp-block-list\"><li>Na nova tela apresentada o contador dever\u00e1 localizar o cliente desejado informando a Raz\u00e3o Social, ou alterando o filtro para outra op\u00e7\u00e3o que desejar e ent\u00e3o dever\u00e1 clicar na op\u00e7\u00e3o consultar.<\/li><\/ul>\n\n\n\n<ul class=\"wp-block-list\"><li>Ap\u00f3s a consulta ser\u00e3o apresentadas as compet\u00eancias de janeiro de dezembro de 2020, caso o contador queira consultar outro ano, dever\u00e1 alterar o ano na op\u00e7\u00e3o exerc\u00edcio e consultar novamente.<\/li><\/ul>\n\n\n\n<ul class=\"wp-block-list\"><li>Para realizar a declara\u00e7\u00e3o o contador poder\u00e1 clicar no bot\u00e3o Declarar (primeiro \u00edcone na coluna a\u00e7\u00e3o), ou, caso a empresa possua apenas notas eletr\u00f4nicas, clicar no \u00edcone Protocolar Declara\u00e7\u00e3o (quinto \u00edcone na coluna a\u00e7\u00e3o).<\/li><\/ul>\n\n\n\n<figure class=\"wp-block-image size-large\"><img loading=\"lazy\" decoding=\"async\" width=\"1024\" height=\"382\" src=\"http:\/\/www.indaial.sc.gov.br\/empreendedor\/wp-content\/uploads\/2020\/03\/image-11-1024x382.png\" alt=\"\" class=\"wp-image-261\" srcset=\"http:\/\/www.indaial.sc.gov.br\/empreendedor\/wp-content\/uploads\/2020\/03\/image-11-1024x382.png 1024w, http:\/\/www.indaial.sc.gov.br\/empreendedor\/wp-content\/uploads\/2020\/03\/image-11-300x112.png 300w, http:\/\/www.indaial.sc.gov.br\/empreendedor\/wp-content\/uploads\/2020\/03\/image-11-768x286.png 768w, http:\/\/www.indaial.sc.gov.br\/empreendedor\/wp-content\/uploads\/2020\/03\/image-11-1536x572.png 1536w, http:\/\/www.indaial.sc.gov.br\/empreendedor\/wp-content\/uploads\/2020\/03\/image-11.png 1911w\" sizes=\"(max-width: 1024px) 100vw, 1024px\" \/><\/figure>\n\n\n\n<ul class=\"wp-block-list\"><li>Caso tenha optado por utilizar a op\u00e7\u00e3o declarar poder\u00e1 consultar a notas j\u00e1 declaradas clicando no \u00edcone de lupa na linha Documentos Declarados, caso precise poder\u00e1 declarar as notas emitidas, e para finalizar dever\u00e1 clicar no \u00edcone Protocolar Declara\u00e7\u00e3o (quarto \u00edcone na linha outras a\u00e7\u00f5es).<\/li><\/ul>\n\n\n\n<figure class=\"wp-block-image size-large\"><img loading=\"lazy\" decoding=\"async\" width=\"1024\" height=\"290\" src=\"http:\/\/www.indaial.sc.gov.br\/empreendedor\/wp-content\/uploads\/2020\/03\/image-12-1024x290.png\" alt=\"\" class=\"wp-image-262\" srcset=\"http:\/\/www.indaial.sc.gov.br\/empreendedor\/wp-content\/uploads\/2020\/03\/image-12-1024x290.png 1024w, http:\/\/www.indaial.sc.gov.br\/empreendedor\/wp-content\/uploads\/2020\/03\/image-12-300x85.png 300w, http:\/\/www.indaial.sc.gov.br\/empreendedor\/wp-content\/uploads\/2020\/03\/image-12-768x217.png 768w, http:\/\/www.indaial.sc.gov.br\/empreendedor\/wp-content\/uploads\/2020\/03\/image-12-1536x435.png 1536w, http:\/\/www.indaial.sc.gov.br\/empreendedor\/wp-content\/uploads\/2020\/03\/image-12.png 1612w\" sizes=\"(max-width: 1024px) 100vw, 1024px\" \/><\/figure>\n\n\n\n<p><\/p>\n","protected":false},"excerpt":{"rendered":"<p>Os contadores de empresas prestadoras de servi\u00e7o estabelecidas em Indaial dever\u00e3o mensalmente protocolar o faturamento destas, sendo que caso estas sejam optantes pelo Simples Nacional o sistema identificar\u00e1 tal situa\u00e7\u00e3o e n\u00e3o gerar\u00e1 valores a serem pagos, devendo o ISS ser recolhido na guia DAS, enquanto que das empresas que n\u00e3o sejam optantes do Simples [&hellip;]<\/p>\n","protected":false},"author":1,"featured_media":0,"parent":0,"menu_order":0,"comment_status":"closed","ping_status":"closed","template":"","meta":{"footnotes":""},"class_list":["post-254","page","type-page","status-publish","hentry"],"_links":{"self":[{"href":"http:\/\/www.indaial.sc.gov.br\/empreendedor\/index.php\/wp-json\/wp\/v2\/pages\/254","targetHints":{"allow":["GET"]}}],"collection":[{"href":"http:\/\/www.indaial.sc.gov.br\/empreendedor\/index.php\/wp-json\/wp\/v2\/pages"}],"about":[{"href":"http:\/\/www.indaial.sc.gov.br\/empreendedor\/index.php\/wp-json\/wp\/v2\/types\/page"}],"author":[{"embeddable":true,"href":"http:\/\/www.indaial.sc.gov.br\/empreendedor\/index.php\/wp-json\/wp\/v2\/users\/1"}],"replies":[{"embeddable":true,"href":"http:\/\/www.indaial.sc.gov.br\/empreendedor\/index.php\/wp-json\/wp\/v2\/comments?post=254"}],"version-history":[{"count":2,"href":"http:\/\/www.indaial.sc.gov.br\/empreendedor\/index.php\/wp-json\/wp\/v2\/pages\/254\/revisions"}],"predecessor-version":[{"id":264,"href":"http:\/\/www.indaial.sc.gov.br\/empreendedor\/index.php\/wp-json\/wp\/v2\/pages\/254\/revisions\/264"}],"wp:attachment":[{"href":"http:\/\/www.indaial.sc.gov.br\/empreendedor\/index.php\/wp-json\/wp\/v2\/media?parent=254"}],"curies":[{"name":"wp","href":"https:\/\/api.w.org\/{rel}","templated":true}]}}