{"id":2716,"date":"2020-07-30T09:26:29","date_gmt":"2020-07-30T12:26:29","guid":{"rendered":"http:\/\/www.indaial.sc.gov.br\/empreendedor\/?page_id=2716"},"modified":"2020-10-22T09:12:20","modified_gmt":"2020-10-22T12:12:20","slug":"como-alterar-sua-empresa","status":"publish","type":"page","link":"http:\/\/www.indaial.sc.gov.br\/empreendedor\/index.php\/como-alterar-sua-empresa\/","title":{"rendered":"Como Alterar sua empresa"},"content":{"rendered":"\n<p>Para altera\u00e7\u00e3o dos dados de empresas no munic\u00edpio de Indaial o contador da empresa ou o empres\u00e1rio dever\u00e1, em caso de altera\u00e7\u00e3o de endere\u00e7o ou altera\u00e7\u00e3o\/inclus\u00e3o de atividade solicitar a viabilidade de altera\u00e7\u00e3o no sistema <a rel=\"noreferrer noopener\" href=\"http:\/\/www.jucesc.sc.gov.br\/index.php\/servicos\/regin\" target=\"_blank\">REGIN<\/a>, com o processo de viabilidade conclu\u00eddo dever\u00e1 apresentar, pelo Auto Atendimento (<a href=\"https:\/\/indaial.atende.net\/?pg=autoatendimento#!\/tipo\/servico\/valor\/111\/padrao\/2\/load\/1\" target=\"_blank\" rel=\"noreferrer noopener\">Emiss\u00e3o de Processo Digital &#8211; Sala do Empreendedor<\/a>) ou na Sala do Empreendedor, os seguintes documentos:<\/p>\n\n\n\n<ul class=\"wp-block-list\"><li>FAC Municipal &#8211; preenchida com a senha do contador na <a rel=\"noreferrer noopener\" href=\"https:\/\/indaial.atende.net\/?pg=autoatendimento#!\/tipo\/servico\/valor\/84\/padrao\/1\/load\/1\" target=\"_blank\">Escrita <\/a><a href=\"https:\/\/indaial.atende.net\/?pg=autoatendimento#!\/tipo\/servico\/valor\/84\/padrao\/1\/load\/1\">Fiscal <\/a>&#8211; <a rel=\"noreferrer noopener\" href=\"http:\/\/www.indaial.sc.gov.br\/empreendedor\/index.php\/como-preencher-a-fac\/\" target=\"_blank\">Como Acessar a FAC<\/a>;<\/li><li>Cart\u00e3o de CNPJ (<a rel=\"noreferrer noopener\" href=\"http:\/\/www.receita.fazenda.gov.br\/PessoaJuridica\/CNPJ\/cnpjreva\/Cnpjreva_Solicitacao.asp\" target=\"_blank\">CNPJ<\/a>);<\/li><li>Altera\u00e7\u00e3o contratual;<\/li><li>Viabilidade do Sistema REGIN (<a rel=\"noreferrer noopener\" href=\"http:\/\/www.jucesc.sc.gov.br\/index.php\/servicos\/regin\" target=\"_blank\">JUCESC<\/a>) &#8211; Em caso de altera\u00e7\u00e3o de endere\u00e7o ou atividade &#8211; Como Solicitar Viabilidade;<\/li><li>Auto Declara\u00e7\u00e3o prevista no Anexo I do Decreto Municipal 2084\/2020, caso a viabilidade tenha sido aprovada com base neste decreto ou da Lei Estadual 17071\/2017 (<a rel=\"noreferrer noopener\" href=\"https:\/\/leismunicipais.com.br\/a1\/sc\/i\/indaial\/decreto\/2020\/209\/2084\/decreto-n-2084-2020-regulamenta-a-aplicacao-da-lei-de-liberdade-economica-e-da-lei-de-enquadramento-empresarial-simplificado-bem-como-disciplina-os-procedimentos-para-dispensa-e-concessao-de-alvara-de-licenca-para-instalacao-e-funcionamento-conforme-graus-de-risco-institui-a-autodeclaracao-e-da-outras-providencias?q=2084\" target=\"_blank\">Auto Declara\u00e7\u00e3o<\/a>).<\/li><\/ul>\n\n\n\n<p>Importante: o contador, ap\u00f3s efetuar seu login no <a href=\"https:\/\/indaial.atende.net\/?pg=autoatendimento\" target=\"_blank\" rel=\"noreferrer noopener\">Auto Atendimento<\/a>, deve selecionar seu cliente e apenar ap\u00f3s isso acessar o servi\u00e7o <a href=\"https:\/\/indaial.atende.net\/?pg=autoatendimento#!\/tipo\/servico\/valor\/26\/padrao\/1\/load\/1\" target=\"_blank\" rel=\"noreferrer noopener\">Emiss\u00e3o de Processo Digital<\/a>, para que assim o protocolo seja gerado em nome de seu cliente.<\/p>\n\n\n\n<p>Obs.: caso voc\u00ea seja MEI separamos uma <a href=\"http:\/\/www.indaial.sc.gov.br\/empreendedor\/index.php\/cartilha-do-mei\/\" target=\"_blank\" rel=\"noreferrer noopener\">cartilha <\/a>para lhe orientar.<\/p>\n","protected":false},"excerpt":{"rendered":"<p>Para altera\u00e7\u00e3o dos dados de empresas no munic\u00edpio de Indaial o contador da empresa ou o empres\u00e1rio dever\u00e1, em caso de altera\u00e7\u00e3o de endere\u00e7o ou altera\u00e7\u00e3o\/inclus\u00e3o de atividade solicitar a viabilidade de altera\u00e7\u00e3o no sistema REGIN, com o processo de viabilidade conclu\u00eddo dever\u00e1 apresentar, pelo Auto Atendimento (Emiss\u00e3o de Processo Digital &#8211; Sala do Empreendedor) [&hellip;]<\/p>\n","protected":false},"author":1,"featured_media":0,"parent":0,"menu_order":0,"comment_status":"closed","ping_status":"closed","template":"","meta":{"footnotes":""},"class_list":["post-2716","page","type-page","status-publish","hentry"],"_links":{"self":[{"href":"http:\/\/www.indaial.sc.gov.br\/empreendedor\/index.php\/wp-json\/wp\/v2\/pages\/2716","targetHints":{"allow":["GET"]}}],"collection":[{"href":"http:\/\/www.indaial.sc.gov.br\/empreendedor\/index.php\/wp-json\/wp\/v2\/pages"}],"about":[{"href":"http:\/\/www.indaial.sc.gov.br\/empreendedor\/index.php\/wp-json\/wp\/v2\/types\/page"}],"author":[{"embeddable":true,"href":"http:\/\/www.indaial.sc.gov.br\/empreendedor\/index.php\/wp-json\/wp\/v2\/users\/1"}],"replies":[{"embeddable":true,"href":"http:\/\/www.indaial.sc.gov.br\/empreendedor\/index.php\/wp-json\/wp\/v2\/comments?post=2716"}],"version-history":[{"count":4,"href":"http:\/\/www.indaial.sc.gov.br\/empreendedor\/index.php\/wp-json\/wp\/v2\/pages\/2716\/revisions"}],"predecessor-version":[{"id":4045,"href":"http:\/\/www.indaial.sc.gov.br\/empreendedor\/index.php\/wp-json\/wp\/v2\/pages\/2716\/revisions\/4045"}],"wp:attachment":[{"href":"http:\/\/www.indaial.sc.gov.br\/empreendedor\/index.php\/wp-json\/wp\/v2\/media?parent=2716"}],"curies":[{"name":"wp","href":"https:\/\/api.w.org\/{rel}","templated":true}]}}