{"id":2935,"date":"2020-09-10T12:01:31","date_gmt":"2020-09-10T15:01:31","guid":{"rendered":"http:\/\/www.indaial.sc.gov.br\/empreendedor\/?page_id=2935"},"modified":"2020-09-14T08:19:05","modified_gmt":"2020-09-14T11:19:05","slug":"informacoes-do-setor-de-fiscalizacao-de-postura","status":"publish","type":"page","link":"http:\/\/www.indaial.sc.gov.br\/empreendedor\/index.php\/informacoes-do-setor-de-fiscalizacao-de-postura\/","title":{"rendered":"INFORMA\u00c7\u00d5ES DO SETOR DE FISCALIZA\u00c7\u00c3O DE POSTURA"},"content":{"rendered":"<div data-colibri-id=\"2935-c1\" class=\"style-1307 style-local-2935-c1 position-relative\">\n  <!---->\n  <div data-colibri-component=\"section\" data-colibri-id=\"2935-c2\" id=\"about\" class=\"h-section h-section-global-spacing d-flex align-items-lg-center align-items-md-center align-items-center style-1308 style-local-2935-c2 position-relative\">\n    <!---->\n    <!---->\n    <div class=\"h-section-grid-container h-section-boxed-container\">\n      <!---->\n      <div data-colibri-id=\"2935-c3\" class=\"h-row-container gutters-row-lg-2 gutters-row-md-2 gutters-row-2 gutters-row-v-lg-2 gutters-row-v-md-2 gutters-row-v-2 style-1309 style-local-2935-c3 position-relative\">\n        <!---->\n        <div class=\"h-row justify-content-lg-center justify-content-md-center justify-content-center align-items-lg-stretch align-items-md-stretch align-items-stretch gutters-col-lg-2 gutters-col-md-2 gutters-col-2 gutters-col-v-lg-2 gutters-col-v-md-2 gutters-col-v-2\">\n          <!---->\n          <div class=\"h-column h-column-container d-flex h-col-lg-auto h-col-md-auto h-col-auto style-1310-outer style-local-2935-c4-outer\">\n            <div data-colibri-id=\"2935-c4\" class=\"d-flex h-flex-basis h-column__inner h-px-lg-2 h-px-md-2 h-px-2 v-inner-lg-2 v-inner-md-2 v-inner-2 style-1310 style-local-2935-c4 position-relative\">\n              <!---->\n              <!---->\n              <div class=\"w-100 h-y-container h-column__content h-column__v-align flex-basis-100 align-self-lg-center align-self-md-center align-self-center\">\n                <!---->\n                <div data-colibri-id=\"2935-c5\" class=\"h-global-transition-all h-heading style-1312 style-local-2935-c5 position-relative h-element\">\n                  <!---->\n                  <div class=\"h-heading__outer style-1312 style-local-2935-c5\">\n                    <!---->\n                    <!---->\n                    <h2 class=\"\">QUANDO SE TRATAR DE EDIFICA\u00c7\u00c3O RESIDENCIAL <em style=\"font-family: &quot;Playfair Display&quot;; color: rgb(247, 144, 7);\">MULTIFAMILIAR<\/em><\/h2>\n                  <\/div>\n                <\/div>\n                <div data-colibri-id=\"2935-c6\" class=\"h-text h-text-component style-1313 style-local-2935-c6 position-relative h-element\">\n                  <!---->\n                  <!---->\n                  <div class=\"\">\n                    <p>O respons\u00e1vel pela empresa dever\u00e1 encaminhar documento que comprove a aprova\u00e7\u00e3o dos demais cond\u00f4minos, no que se refere ao exerc\u00edcio da atividade no local. Detalhando as atividades a serem exercidas e hor\u00e1rio de funcionamento, com\n                      a aprova\u00e7\u00e3o do condom\u00ednio.<\/p>\n                    <p>Nos casos em que n\u00e3o houver exerc\u00edcio da atividade comercial no local, sendo o endere\u00e7o utilizado somente para fins de sede de domic\u00edlio fiscal da empresa e\/ou escrit\u00f3rio virtual, sem atendimento e fluxo de ve\u00edculos\/mercadorias no\n                      local, o respons\u00e1vel dever\u00e1 apresentar Declara\u00e7\u00e3o, na qual deve constar esta condi\u00e7\u00e3o.<\/p>\n                  <\/div>\n                <\/div>\n              <\/div>\n            <\/div>\n          <\/div>\n          <div class=\"h-column h-column-container d-flex h-col-lg-auto h-col-md-auto h-col-auto style-1316-outer style-local-2935-c7-outer\">\n            <div data-colibri-id=\"2935-c7\" class=\"d-flex h-flex-basis h-column__inner h-px-lg-2 h-px-md-2 h-px-2 v-inner-lg-2 v-inner-md-2 v-inner-2 style-1316 style-local-2935-c7 position-relative\">\n              <!---->\n              <!---->\n              <div class=\"w-100 h-y-container h-column__content h-column__v-align flex-basis-100 align-self-lg-center align-self-md-center align-self-center\">\n                <!---->\n                <div data-colibri-id=\"2935-c8\" class=\"d-block style-1317 style-local-2935-c8 position-relative h-element\">\n                  <!---->\n                  <div class=\"h-image__frame-container-outer\">\n                    <div class=\"h-image__frame-container\">\n                      <!---->\n                      <!---->\n                      <img decoding=\"async\" src=\"http:\/\/www.indaial.sc.gov.br\/empreendedor\/wp-content\/uploads\/2020\/03\/colibri-image-128.png\" class=\"wp-image-1471 style-1317-image style-local-2935-c8-image\" alt=\"\" \/>\n                      <div class=\"h-image__frame h-hide-sm style-1317-frameImage style-local-2935-c8-frameImage\"><\/div>\n                    <\/div>\n                  <\/div>\n                <\/div>\n              <\/div>\n            <\/div>\n          <\/div>\n        <\/div>\n      <\/div>\n    <\/div>\n  <\/div>\n  <div data-colibri-component=\"section\" data-colibri-id=\"2935-c9\" id=\"features\" class=\"h-section h-section-global-spacing d-flex align-items-lg-center align-items-md-center align-items-center style-1318 style-local-2935-c9 position-relative\">\n    <!---->\n    <!---->\n    <div class=\"h-section-grid-container h-section-boxed-container\">\n      <div data-colibri-id=\"2935-c25\" class=\"h-row-container gutters-row-lg-2 gutters-row-md-2 gutters-row-0 gutters-row-v-lg-2 gutters-row-v-md-2 gutters-row-v-2 style-1327 style-local-2935-c25 position-relative\">\n        <!---->\n        <div class=\"h-row justify-content-lg-center justify-content-md-center justify-content-center align-items-lg-stretch align-items-md-stretch align-items-stretch gutters-col-lg-2 gutters-col-md-2 gutters-col-0 gutters-col-v-lg-2 gutters-col-v-md-2 gutters-col-v-2\">\n          <!---->\n          <div class=\"h-column h-column-container d-flex h-col-lg-auto h-col-md-auto h-col-auto style-1328-outer style-local-2935-c26-outer\">\n            <div data-colibri-id=\"2935-c26\" class=\"d-flex h-flex-basis h-column__inner h-px-lg-2 h-px-md-2 h-px-2 v-inner-lg-2 v-inner-md-2 v-inner-2 style-1328 style-local-2935-c26 position-relative\">\n              <!---->\n              <!---->\n              <div class=\"w-100 h-y-container h-column__content h-column__v-align flex-basis-100 align-self-lg-start align-self-md-start align-self-start\">\n                <!---->\n                <div data-colibri-id=\"2935-c27\" class=\"h-global-transition-all h-heading style-1329 style-local-2935-c27 position-relative h-element\">\n                  <!---->\n                  <div class=\"h-heading__outer style-1329 style-local-2935-c27\">\n                    <!---->\n                    <!---->\n                    <h2 class=\"\">IND\u00daSTRIAS E SERVI\u00c7OS DIVERSOS<\/h2>\n                  <\/div>\n                <\/div>\n                <div data-colibri-id=\"2935-c28\" class=\"h-lead h-text h-text-component style-1330 style-local-2935-c28 position-relative h-element\">\n                  <!---->\n                  <!---->\n                  <div class=\"\">\n                    <p>As classifica\u00e7\u00f5es e restri\u00e7\u00f5es a seguir apresentadas, obedecem ao disposto no \u201cAnexo 7- Adequa\u00e7\u00e3o de Atividades por Zoneamento\u201d, da Lei n\u00b0 230\/2019 , que instituiu o Plano Diretor vigente no munic\u00edpio de Indaial. Ressalta-se que neste\n                      informativo foram detalhadas algumas das atividades mais recorrentes, sendo que o conte\u00fado completo encontra-se dispon\u00edvel na referida Lei<\/p>\n                  <\/div>\n                <\/div>\n                <div data-colibri-id=\"2935-c29\" class=\"h-x-container style-1331 style-local-2935-c29 position-relative h-element\">\n                  <!---->\n                  <div class=\"h-x-container-inner style-dynamic-2935-c29-group style-1331-spacing style-local-2935-c29-spacing\"><span class=\"h-link__outer style-1332-outer style-local-2935-c30-outer d-inline-flex h-element\"><a h-use-smooth-scroll=\"true\" href=\"https:\/\/leismunicipais.com.br\/a1\/sc\/i\/indaial\/lei-complementar\/2019\/23\/230\/lei-complementar-n-230-2019-institui-o-novo-plano-diretor-e-zoneamento-do-municipio-de-indaial-estado-de-santa-catarina?q=230\" target=\"_blank\" data-colibri-id=\"2935-c30\" class=\"d-flex w-100 align-items-center h-link style-1332 style-local-2935-c30 position-relative\" rel=\"noopener noreferrer\"><!----><!----> <span>LEI COMPLEMENTAR 230\/2019<\/span><\/a>\n                    <\/span>\n                  <\/div>\n                <\/div>\n              <\/div>\n            <\/div>\n          <\/div>\n        <\/div>\n      <\/div>\n      <div data-colibri-id=\"2935-c10\" class=\"h-row-container gutters-row-lg-2 gutters-row-md-2 gutters-row-2 gutters-row-v-lg-2 gutters-row-v-md-2 gutters-row-v-2 style-1319 style-local-2935-c10 position-relative\">\n        <!---->\n        <div class=\"h-row justify-content-lg-center justify-content-md-center justify-content-center align-items-lg-stretch align-items-md-stretch align-items-stretch gutters-col-lg-2 gutters-col-md-2 gutters-col-2 gutters-col-v-lg-2 gutters-col-v-md-2 gutters-col-v-2\">\n          <!---->\n          <div class=\"h-column h-column-container d-flex h-col-lg-6 h-col-md-6 h-col-12 style-1320-outer style-local-2935-c11-outer\">\n            <div data-colibri-id=\"2935-c11\" class=\"d-flex h-flex-basis h-column__inner h-px-lg-0 h-px-md-0 h-px-2 v-inner-lg-0 v-inner-md-0 v-inner-2 style-1320 style-local-2935-c11 position-relative\">\n              <!---->\n              <!---->\n              <div class=\"w-100 h-y-container h-column__content h-column__v-align flex-basis-100 align-self-lg-start align-self-md-start align-self-start\">\n                <!---->\n                <div data-colibri-id=\"2935-c12\" class=\"h-row-container gutters-row-lg-1 gutters-row-md-1 gutters-row-0 gutters-row-v-lg-1 gutters-row-v-md-1 gutters-row-v-2 style-1321 style-local-2935-c12 position-relative\">\n                  <!---->\n                  <div class=\"h-row justify-content-lg-center justify-content-md-center justify-content-center align-items-lg-stretch align-items-md-stretch align-items-stretch gutters-col-lg-1 gutters-col-md-1 gutters-col-0 gutters-col-v-lg-1 gutters-col-v-md-1 gutters-col-v-2\">\n                    <!---->\n                    <div class=\"h-column h-column-container d-flex h-col-lg-auto h-col-md-auto h-col-auto style-1322-outer style-local-2935-c13-outer\">\n                      <div data-colibri-id=\"2935-c13\" class=\"d-flex h-flex-basis h-column__inner h-px-lg-1 h-px-md-1 h-px-1 v-inner-lg-1 v-inner-md-1 v-inner-1 style-1322 style-local-2935-c13 position-relative\">\n                        <!---->\n                        <!---->\n                        <div class=\"w-100 h-y-container h-column__content h-column__v-align flex-basis-auto align-self-lg-start align-self-md-start align-self-start\">\n                          <!---->\n                          <div data-colibri-id=\"2935-c14\" class=\"h-icon style-1323 style-local-2935-c14 position-relative h-element\">\n                            <!----><span class=\"h-svg-icon h-icon__icon style-1323-icon style-local-2935-c14-icon\"><!--Icon by Icons8 Line Awesome (https:\/\/icons8.com\/line-awesome)--><svg version=\"1.1\" xmlns=\"http:\/\/www.w3.org\/2000\/svg\" xmlns:xlink=\"http:\/\/www.w3.org\/1999\/xlink\" id=\"connectdevelop\" viewBox=\"0 0 512 545.5\"><path d=\"M146.5 99h219l4.5 8 100 174.5 4.5 8-4.5 8L370 472l-4.5 8h-219l-4.5-8L42 297.5l-4.5-8 4.5-8L142 107zm39 32l25 26 73-26h-98zm146 0L223 169.5l35 36.5zm-167 1.5l-.5 1V174l30.5-11zm184.5 3l-79.5 82 57 59L391 208zm-201 26L135 184l13-4.5v-18zm58.5 14L164 191v62l23.5 25 59.5-60.5zm-58.5 21l-25.5 9-1 2L148 236v-39.5zM113 222l-38.5 67.5 38 66L148 319v-59.5zm285 2l-60.5 64 38.5 39.5zm-140 5l-59.5 61 57.5 61 59.5-63zm152.5 13.5l-20.5 99 11 11.5 36.5-63.5zm-246.5 34v26l12.5-13zm162.5 23L267 363l8.5 9H367l5.5-25.5zm-139 2L164 325v47h72l9-9zm-39.5 40L120.5 370l1.5 2h26v-30.5zm238 19l-2.5 11.5h6.5l2.5-4.5zM131 388l17 29.5V388h-17zm33 0v57.5l1 2 56-59.5h-57zm79 0l-56.5 60h138l-56-60H243zm47.5 0l56 60 7-12 10-48h-73zm89.5 0l-.5 2.5 1.5-2.5h-1z\"><\/path><\/svg><\/span><\/div>\n                        <\/div>\n                      <\/div>\n                    <\/div>\n                    <div class=\"h-column h-column-container d-flex h-col-lg h-col-md h-col-auto style-1324-outer style-local-2935-c15-outer\">\n                      <div data-colibri-id=\"2935-c15\" class=\"d-flex h-flex-basis h-column__inner h-px-lg-1 h-px-md-1 h-px-1 v-inner-lg-1 v-inner-md-1 v-inner-1 style-1324 style-local-2935-c15 position-relative\">\n                        <!---->\n                        <!---->\n                        <div class=\"w-100 h-y-container h-column__content h-column__v-align flex-basis-100 align-self-lg-start align-self-md-start align-self-start\">\n                          <!---->\n                          <div data-colibri-id=\"2935-c16\" class=\"h-global-transition-all h-heading style-1325 style-local-2935-c16 position-relative h-element\">\n                            <!---->\n                            <div class=\"h-heading__outer style-1325 style-local-2935-c16\">\n                              <!---->\n                              <!---->\n                              <h5 class=\"\">INDUSTRIA MUITO LEVES OU DE BAIXO POTENCIAL POLUIDOR<\/h5>\n                            <\/div>\n                          <\/div>\n                          <div data-colibri-id=\"2935-c17\" class=\"h-text h-text-component style-1326 style-local-2935-c17 position-relative h-element\">\n                            <!---->\n                            <!---->\n                            <div class=\"\">\n                              <p>As atividades classificadas como Industriais Muito Leves ou Baixo Potencial Poluidor, tais como: fac\u00e7\u00e3o\/ confec\u00e7\u00e3o de pe\u00e7as do vestu\u00e1rio, servi\u00e7os de usinagem, soldas e semelhantes e fabrica\u00e7\u00e3o em geral, conforme a \u00e1rea em\n                                que estiverem situadas, dever\u00e3o observar hor\u00e1rio de funcionamento das 07:30 \u00e0s 19:00hs.<\/p>\n                              <p>Zoneamentos que possuem restri\u00e7\u00e3o de hor\u00e1rio das 07:30 \u00e0s 19:00hs:<\/p>\n                              <p> ARPP<\/p>\n                              <p> ARP1<\/p>\n                              <p> ARP2<\/p>\n                              <p> ARP3<\/p>\n                              <p> ATR1 \u2013 Somente Ind\u00fastrias muito leves, as demais s\u00e3o classificadas como \u201cInadequadas\u201d.<\/p>\n                              <p> ARP4 \u2013 Atividades Industriais s\u00e3o classificadas como \u201cINADEQUADAS\u201d neste zoneamento.<\/p>\n                              <p>\n                                <br>\n                              <\/p>\n                            <\/div>\n                          <\/div>\n                        <\/div>\n                      <\/div>\n                    <\/div>\n                  <\/div>\n                <\/div>\n              <\/div>\n            <\/div>\n          <\/div>\n          <div class=\"h-column h-column-container d-flex h-col-lg-6 h-col-md-6 h-col-12 style-1320-outer style-local-2935-c18-outer\">\n            <div data-colibri-id=\"2935-c18\" class=\"d-flex h-flex-basis h-column__inner h-px-lg-0 h-px-md-0 h-px-2 v-inner-lg-0 v-inner-md-0 v-inner-2 style-1320 style-local-2935-c18 position-relative\">\n              <!---->\n              <!---->\n              <div class=\"w-100 h-y-container h-column__content h-column__v-align flex-basis-100 align-self-lg-start align-self-md-start align-self-start\">\n                <!---->\n                <div data-colibri-id=\"2935-c19\" class=\"h-row-container gutters-row-lg-1 gutters-row-md-1 gutters-row-0 gutters-row-v-lg-1 gutters-row-v-md-1 gutters-row-v-2 style-1321 style-local-2935-c19 position-relative\">\n                  <!---->\n                  <div class=\"h-row justify-content-lg-center justify-content-md-center justify-content-center align-items-lg-stretch align-items-md-stretch align-items-stretch gutters-col-lg-1 gutters-col-md-1 gutters-col-0 gutters-col-v-lg-1 gutters-col-v-md-1 gutters-col-v-2\">\n                    <!---->\n                    <div class=\"h-column h-column-container d-flex h-col-lg-auto h-col-md-auto h-col-auto style-1322-outer style-local-2935-c20-outer\">\n                      <div data-colibri-id=\"2935-c20\" class=\"d-flex h-flex-basis h-column__inner h-px-lg-1 h-px-md-1 h-px-1 v-inner-lg-1 v-inner-md-1 v-inner-1 style-1322 style-local-2935-c20 position-relative\">\n                        <!---->\n                        <!---->\n                        <div class=\"w-100 h-y-container h-column__content h-column__v-align flex-basis-auto align-self-lg-start align-self-md-start align-self-start\">\n                          <!---->\n                          <div data-colibri-id=\"2935-c21\" class=\"h-icon style-1323 style-local-2935-c21 position-relative h-element\">\n                            <!----><span class=\"h-svg-icon h-icon__icon style-1323-icon style-local-2935-c21-icon\"><!--Icon by Icons8 Line Awesome (https:\/\/icons8.com\/line-awesome)--><svg version=\"1.1\" xmlns=\"http:\/\/www.w3.org\/2000\/svg\" xmlns:xlink=\"http:\/\/www.w3.org\/1999\/xlink\" id=\"codepen\" viewBox=\"0 0 512 545.5\"><path d=\"M256 77.5l9 6L457 212l7 4.5v143l-7 4.5-192 128.5-9 6-9-6L55 364l-7-4.5v-143l7-4.5L247 83.5zm-16 49l-147 99 64.5 43.5 82.5-55.5v-87zm32 0v87l82.5 55.5 64.5-43.5zm-16 115L186.5 288l69.5 46.5 69.5-46.5zM80 255v66l49-33zm352 0l-49 33 49 33v-66zm-274 52l-65 43.5 147 99v-87zm196 0l-82 55.5v87l147-99z\"><\/path><\/svg><\/span><\/div>\n                        <\/div>\n                      <\/div>\n                    <\/div>\n                    <div class=\"h-column h-column-container d-flex h-col-lg h-col-md h-col-auto style-1324-outer style-local-2935-c22-outer\">\n                      <div data-colibri-id=\"2935-c22\" class=\"d-flex h-flex-basis h-column__inner h-px-lg-1 h-px-md-1 h-px-1 v-inner-lg-1 v-inner-md-1 v-inner-1 style-1324 style-local-2935-c22 position-relative\">\n                        <!---->\n                        <!---->\n                        <div class=\"w-100 h-y-container h-column__content h-column__v-align flex-basis-100 align-self-lg-start align-self-md-start align-self-start\">\n                          <!---->\n                          <div data-colibri-id=\"2935-c23\" class=\"h-global-transition-all h-heading style-1325 style-local-2935-c23 position-relative h-element\">\n                            <!---->\n                            <div class=\"h-heading__outer style-1325 style-local-2935-c23\">\n                              <!---->\n                              <!---->\n                              <h5 class=\"\">SERVI\u00c7OS DIVERSOS<\/h5>\n                            <\/div>\n                          <\/div>\n                          <div data-colibri-id=\"2935-c24\" class=\"h-text h-text-component style-1326 style-local-2935-c24 position-relative h-element\">\n                            <!---->\n                            <!---->\n                            <div class=\"\">\n                              <p>Servi\u00e7os diversificados ou integrados de n\u00edvel urbano- S3, tais como: servi\u00e7os automotivos de oficinas com chapea\u00e7\u00e3o ou pintura por aspers\u00e3o, ret\u00edfica de motores, lavagem e lubrifica\u00e7\u00e3o, borracharia, entre outros, s\u00e3o atividades\n                                classificadas como \u201cINADEQUADAS\u201d nos seguintes zoneamentos:<\/p>\n                              <p>ATR2<\/p>\n                              <p> ACI<\/p>\n                              <p> AIF<\/p>\n                              <p> APL<\/p>\n                              <p> AIE \u2013 Tolerado somente aqueles de apoio \u00e0s atividades industriais.<\/p>\n                              <p>\n                                <br>\n                              <\/p>\n                            <\/div>\n                          <\/div>\n                        <\/div>\n                      <\/div>\n                    <\/div>\n                  <\/div>\n                <\/div>\n              <\/div>\n            <\/div>\n          <\/div>\n        <\/div>\n      <\/div>\n    <\/div>\n  <\/div>\n<\/div>","protected":false},"excerpt":{"rendered":"<p>QUANDO SE TRATAR DE EDIFICA\u00c7\u00c3O RESIDENCIAL MULTIFAMILIAR O respons\u00e1vel pela empresa dever\u00e1 encaminhar documento que comprove a aprova\u00e7\u00e3o dos demais cond\u00f4minos, no que se refere ao exerc\u00edcio da atividade no local. Detalhando as atividades a serem exercidas e hor\u00e1rio de funcionamento, com a aprova\u00e7\u00e3o do condom\u00ednio. Nos casos em que n\u00e3o houver exerc\u00edcio da atividade [&hellip;]<\/p>\n","protected":false},"author":1,"featured_media":0,"parent":0,"menu_order":0,"comment_status":"closed","ping_status":"closed","template":"page-templates\/full-width-page.php","meta":{"footnotes":""},"class_list":["post-2935","page","type-page","status-publish","hentry"],"_links":{"self":[{"href":"http:\/\/www.indaial.sc.gov.br\/empreendedor\/index.php\/wp-json\/wp\/v2\/pages\/2935","targetHints":{"allow":["GET"]}}],"collection":[{"href":"http:\/\/www.indaial.sc.gov.br\/empreendedor\/index.php\/wp-json\/wp\/v2\/pages"}],"about":[{"href":"http:\/\/www.indaial.sc.gov.br\/empreendedor\/index.php\/wp-json\/wp\/v2\/types\/page"}],"author":[{"embeddable":true,"href":"http:\/\/www.indaial.sc.gov.br\/empreendedor\/index.php\/wp-json\/wp\/v2\/users\/1"}],"replies":[{"embeddable":true,"href":"http:\/\/www.indaial.sc.gov.br\/empreendedor\/index.php\/wp-json\/wp\/v2\/comments?post=2935"}],"version-history":[{"count":4,"href":"http:\/\/www.indaial.sc.gov.br\/empreendedor\/index.php\/wp-json\/wp\/v2\/pages\/2935\/revisions"}],"predecessor-version":[{"id":2981,"href":"http:\/\/www.indaial.sc.gov.br\/empreendedor\/index.php\/wp-json\/wp\/v2\/pages\/2935\/revisions\/2981"}],"wp:attachment":[{"href":"http:\/\/www.indaial.sc.gov.br\/empreendedor\/index.php\/wp-json\/wp\/v2\/media?parent=2935"}],"curies":[{"name":"wp","href":"https:\/\/api.w.org\/{rel}","templated":true}]}}