{"id":3010,"date":"2020-09-23T08:52:53","date_gmt":"2020-09-23T11:52:53","guid":{"rendered":"http:\/\/www.indaial.sc.gov.br\/empreendedor\/?page_id=3010"},"modified":"2020-09-23T08:52:53","modified_gmt":"2020-09-23T11:52:53","slug":"como-consultar-os-protocolos-gerados-no-processo-digital","status":"publish","type":"page","link":"http:\/\/www.indaial.sc.gov.br\/empreendedor\/index.php\/como-consultar-os-protocolos-gerados-no-processo-digital\/","title":{"rendered":"Como consultar os protocolos gerados no Processo Digital"},"content":{"rendered":"\n<p>Acesse o site <a href=\"http:\/\/www.indaial.sc.gov.br\/\">www.indaial.sc.gov.br<\/a> e efetue o login no Auto Atendimento<\/p>\n\n\n\n<figure class=\"wp-block-image size-large\"><img fetchpriority=\"high\" decoding=\"async\" width=\"1024\" height=\"658\" src=\"http:\/\/www.indaial.sc.gov.br\/empreendedor\/wp-content\/uploads\/2020\/09\/image-1024x658.png\" alt=\"\" class=\"wp-image-3011\" srcset=\"http:\/\/www.indaial.sc.gov.br\/empreendedor\/wp-content\/uploads\/2020\/09\/image-1024x658.png 1024w, http:\/\/www.indaial.sc.gov.br\/empreendedor\/wp-content\/uploads\/2020\/09\/image-300x193.png 300w, http:\/\/www.indaial.sc.gov.br\/empreendedor\/wp-content\/uploads\/2020\/09\/image-768x494.png 768w, http:\/\/www.indaial.sc.gov.br\/empreendedor\/wp-content\/uploads\/2020\/09\/image.png 1168w\" sizes=\"(max-width: 1024px) 100vw, 1024px\" \/><\/figure>\n\n\n\n<p>&#8211; No Auto Atendimento, nos Servi\u00e7os Destaque, clique em Consulta de Processo Digital<\/p>\n\n\n\n<figure class=\"wp-block-image size-large\"><img decoding=\"async\" width=\"1024\" height=\"444\" src=\"http:\/\/www.indaial.sc.gov.br\/empreendedor\/wp-content\/uploads\/2020\/09\/image-1-1024x444.png\" alt=\"\" class=\"wp-image-3012\" srcset=\"http:\/\/www.indaial.sc.gov.br\/empreendedor\/wp-content\/uploads\/2020\/09\/image-1-1024x444.png 1024w, http:\/\/www.indaial.sc.gov.br\/empreendedor\/wp-content\/uploads\/2020\/09\/image-1-300x130.png 300w, http:\/\/www.indaial.sc.gov.br\/empreendedor\/wp-content\/uploads\/2020\/09\/image-1-768x333.png 768w, http:\/\/www.indaial.sc.gov.br\/empreendedor\/wp-content\/uploads\/2020\/09\/image-1.png 1182w\" sizes=\"(max-width: 1024px) 100vw, 1024px\" \/><\/figure>\n\n\n\n<p>&#8211; Ser\u00e3o apresentados os protocolos j\u00e1 gerados em nome do usu\u00e1rio, devendo-se selecionar o procolo desejado, clicar em impress\u00e3o e, na nova tela, clicar em Comprovante de Encerramento e Confirmar.<\/p>\n\n\n\n<figure class=\"wp-block-image size-large\"><img decoding=\"async\" width=\"868\" height=\"568\" src=\"http:\/\/www.indaial.sc.gov.br\/empreendedor\/wp-content\/uploads\/2020\/09\/image-2.png\" alt=\"\" class=\"wp-image-3013\" srcset=\"http:\/\/www.indaial.sc.gov.br\/empreendedor\/wp-content\/uploads\/2020\/09\/image-2.png 868w, http:\/\/www.indaial.sc.gov.br\/empreendedor\/wp-content\/uploads\/2020\/09\/image-2-300x196.png 300w, http:\/\/www.indaial.sc.gov.br\/empreendedor\/wp-content\/uploads\/2020\/09\/image-2-768x503.png 768w\" sizes=\"(max-width: 868px) 100vw, 868px\" \/><\/figure>\n","protected":false},"excerpt":{"rendered":"<p>Acesse o site www.indaial.sc.gov.br e efetue o login no Auto Atendimento &#8211; No Auto Atendimento, nos Servi\u00e7os Destaque, clique em Consulta de Processo Digital &#8211; Ser\u00e3o apresentados os protocolos j\u00e1 gerados em nome do usu\u00e1rio, devendo-se selecionar o procolo desejado, clicar em impress\u00e3o e, na nova tela, clicar em Comprovante de Encerramento e Confirmar.<\/p>\n","protected":false},"author":1,"featured_media":0,"parent":0,"menu_order":0,"comment_status":"closed","ping_status":"closed","template":"","meta":{"footnotes":""},"class_list":["post-3010","page","type-page","status-publish","hentry"],"_links":{"self":[{"href":"http:\/\/www.indaial.sc.gov.br\/empreendedor\/index.php\/wp-json\/wp\/v2\/pages\/3010","targetHints":{"allow":["GET"]}}],"collection":[{"href":"http:\/\/www.indaial.sc.gov.br\/empreendedor\/index.php\/wp-json\/wp\/v2\/pages"}],"about":[{"href":"http:\/\/www.indaial.sc.gov.br\/empreendedor\/index.php\/wp-json\/wp\/v2\/types\/page"}],"author":[{"embeddable":true,"href":"http:\/\/www.indaial.sc.gov.br\/empreendedor\/index.php\/wp-json\/wp\/v2\/users\/1"}],"replies":[{"embeddable":true,"href":"http:\/\/www.indaial.sc.gov.br\/empreendedor\/index.php\/wp-json\/wp\/v2\/comments?post=3010"}],"version-history":[{"count":1,"href":"http:\/\/www.indaial.sc.gov.br\/empreendedor\/index.php\/wp-json\/wp\/v2\/pages\/3010\/revisions"}],"predecessor-version":[{"id":3014,"href":"http:\/\/www.indaial.sc.gov.br\/empreendedor\/index.php\/wp-json\/wp\/v2\/pages\/3010\/revisions\/3014"}],"wp:attachment":[{"href":"http:\/\/www.indaial.sc.gov.br\/empreendedor\/index.php\/wp-json\/wp\/v2\/media?parent=3010"}],"curies":[{"name":"wp","href":"https:\/\/api.w.org\/{rel}","templated":true}]}}