{"id":4524,"date":"2021-03-11T10:31:24","date_gmt":"2021-03-11T13:31:24","guid":{"rendered":"http:\/\/www.indaial.sc.gov.br\/empreendedor\/?page_id=4524"},"modified":"2021-03-11T10:35:09","modified_gmt":"2021-03-11T13:35:09","slug":"como-emitir-nota-fiscal-de-servico-avulsa-pessoas-fisicas","status":"publish","type":"page","link":"http:\/\/www.indaial.sc.gov.br\/empreendedor\/index.php\/como-emitir-nota-fiscal-de-servico-avulsa-pessoas-fisicas\/","title":{"rendered":"Como emitir Nota Fiscal de Servi\u00e7o Avulsa &#8211; Pessoas F\u00edsicas"},"content":{"rendered":"\n<p>O servi\u00e7o de emiss\u00e3o de Notas Fiscais de Servi\u00e7o Avulsa deve ser utilizado apenas por <strong>pessoas f\u00edsicas<\/strong> que realizaram algum servi\u00e7o na cidade de Indaial ou possuem seu domic\u00edlio fiscal na cidade, sendo que <strong>pessoas jur\u00eddicas devem utilizar o sistema de emiss\u00e3o da <a href=\"http:\/\/www.indaial.sc.gov.br\/empreendedor\/index.php\/como-emitir-nfs-e-pessoas-juridicas\/\" target=\"_blank\" rel=\"noreferrer noopener\">Nota Fiscal de Servi\u00e7o Eletr\u00f4nica<\/a><\/strong>.<\/p>\n\n\n\n<p>Para utiliza\u00e7\u00e3o do servi\u00e7o ser\u00e1 necess\u00e1rio primeiro possuir o acesso ao Auto Atendimento do munic\u00edpio, veja como solicit\u00e1-lo clicando <a rel=\"noreferrer noopener\" href=\"http:\/\/www.indaial.sc.gov.br\/empreendedor\/index.php\/solicitacao-de-acesso-demais-contribuintes\/\" target=\"_blank\">aqui<\/a>. <strong><span style=\"color:#a30400\" class=\"has-inline-color\">Importante<\/span><\/strong>, no momento de solicitar o acesso selecione apenas a op\u00e7\u00e3o &#8220;Servi\u00e7os do Portal do Cidad\u00e3o&#8221;<\/p>\n\n\n\n<p>Destacamos tamb\u00e9m que a nota ficar\u00e1 dispon\u00edvel para impress\u00e3o apenas ap\u00f3s a baixa do pagamento no sistema, o que pode levar at\u00e9 3 dias \u00fateis.<\/p>\n\n\n\n<ul class=\"wp-block-list\"><li>Acesse o site <a href=\"http:\/\/www.indaial.sc.gov.br\/\">www.indaial.sc.gov.br<\/a> e fa\u00e7a seu login na op\u00e7\u00e3o Auto Atendimento<\/li><\/ul>\n\n\n\n<div class=\"wp-block-image\"><figure class=\"aligncenter size-large\"><img fetchpriority=\"high\" decoding=\"async\" width=\"700\" height=\"438\" src=\"http:\/\/www.indaial.sc.gov.br\/empreendedor\/wp-content\/uploads\/2021\/03\/image.png\" alt=\"\" class=\"wp-image-4525\" srcset=\"http:\/\/www.indaial.sc.gov.br\/empreendedor\/wp-content\/uploads\/2021\/03\/image.png 700w, http:\/\/www.indaial.sc.gov.br\/empreendedor\/wp-content\/uploads\/2021\/03\/image-300x188.png 300w\" sizes=\"(max-width: 700px) 100vw, 700px\" \/><\/figure><\/div>\n\n\n\n<ul class=\"wp-block-list\"><li>Na op\u00e7\u00e3o de busca no canto superior direito da tela procure por \u201cnota fiscal de servi\u00e7o avulsa\u201d, clique no resultado apresentado no lado esquerdo da tela.<\/li><\/ul>\n\n\n\n<div class=\"wp-block-image\"><figure class=\"aligncenter size-large\"><img decoding=\"async\" width=\"700\" height=\"438\" src=\"http:\/\/www.indaial.sc.gov.br\/empreendedor\/wp-content\/uploads\/2021\/03\/image-1.png\" alt=\"\" class=\"wp-image-4526\" srcset=\"http:\/\/www.indaial.sc.gov.br\/empreendedor\/wp-content\/uploads\/2021\/03\/image-1.png 700w, http:\/\/www.indaial.sc.gov.br\/empreendedor\/wp-content\/uploads\/2021\/03\/image-1-300x188.png 300w\" sizes=\"(max-width: 700px) 100vw, 700px\" \/><\/figure><\/div>\n\n\n\n<ul class=\"wp-block-list\"><li>Informe o CNPJ ou CPF do tomador do seu servi\u00e7o, caso seu cliente n\u00e3o esteja cadastrado nos envie um e-mail (<a href=\"mailto:empreendedor@indaial.sc.gov.br\">empreendedor@indaial.sc.gov.br<\/a>), contendo o nome, CPF\/CNPJ e endere\u00e7o, para que o cadastremos. Clique em \u201cItens da Nota\u201d na parte inferior, conforme indicado na imagem.<\/li><\/ul>\n\n\n\n<div class=\"wp-block-image\"><figure class=\"aligncenter size-large\"><img decoding=\"async\" width=\"700\" height=\"438\" src=\"http:\/\/www.indaial.sc.gov.br\/empreendedor\/wp-content\/uploads\/2021\/03\/image-2.png\" alt=\"\" class=\"wp-image-4527\" srcset=\"http:\/\/www.indaial.sc.gov.br\/empreendedor\/wp-content\/uploads\/2021\/03\/image-2.png 700w, http:\/\/www.indaial.sc.gov.br\/empreendedor\/wp-content\/uploads\/2021\/03\/image-2-300x188.png 300w\" sizes=\"(max-width: 700px) 100vw, 700px\" \/><\/figure><\/div>\n\n\n\n<ul class=\"wp-block-list\"><li>Preencha todos os campos obrigat\u00f3rios indicados em vermelho e posteriormente clique em confirmar<\/li><\/ul>\n\n\n\n<div class=\"wp-block-image\"><figure class=\"aligncenter size-large\"><img loading=\"lazy\" decoding=\"async\" width=\"700\" height=\"438\" src=\"http:\/\/www.indaial.sc.gov.br\/empreendedor\/wp-content\/uploads\/2021\/03\/image-3.png\" alt=\"\" class=\"wp-image-4528\" srcset=\"http:\/\/www.indaial.sc.gov.br\/empreendedor\/wp-content\/uploads\/2021\/03\/image-3.png 700w, http:\/\/www.indaial.sc.gov.br\/empreendedor\/wp-content\/uploads\/2021\/03\/image-3-300x188.png 300w\" sizes=\"(max-width: 700px) 100vw, 700px\" \/><\/figure><\/div>\n\n\n\n<ul class=\"wp-block-list\"><li>Emita a guia de pagamento neste momento clicando em sim, pois a mesma n\u00e3o poder\u00e1 ser emitida posteriormente e sua nota n\u00e3o estar\u00e1 dispon\u00edvel para impress\u00e3o sem o devido pagamento dos tributos.<\/li><\/ul>\n\n\n\n<div class=\"wp-block-image\"><figure class=\"aligncenter size-large\"><img loading=\"lazy\" decoding=\"async\" width=\"700\" height=\"438\" src=\"http:\/\/www.indaial.sc.gov.br\/empreendedor\/wp-content\/uploads\/2021\/03\/image-4.png\" alt=\"\" class=\"wp-image-4529\" srcset=\"http:\/\/www.indaial.sc.gov.br\/empreendedor\/wp-content\/uploads\/2021\/03\/image-4.png 700w, http:\/\/www.indaial.sc.gov.br\/empreendedor\/wp-content\/uploads\/2021\/03\/image-4-300x188.png 300w\" sizes=\"(max-width: 700px) 100vw, 700px\" \/><\/figure><\/div>\n\n\n\n<ul class=\"wp-block-list\"><li>Clique na op\u00e7\u00e3o notas emitidas, conforme indicado na imagem.<\/li><\/ul>\n\n\n\n<div class=\"wp-block-image\"><figure class=\"aligncenter size-large\"><img loading=\"lazy\" decoding=\"async\" width=\"700\" height=\"438\" src=\"http:\/\/www.indaial.sc.gov.br\/empreendedor\/wp-content\/uploads\/2021\/03\/image-5.png\" alt=\"\" class=\"wp-image-4530\" srcset=\"http:\/\/www.indaial.sc.gov.br\/empreendedor\/wp-content\/uploads\/2021\/03\/image-5.png 700w, http:\/\/www.indaial.sc.gov.br\/empreendedor\/wp-content\/uploads\/2021\/03\/image-5-300x188.png 300w\" sizes=\"(max-width: 700px) 100vw, 700px\" \/><\/figure><\/div>\n\n\n\n<ul class=\"wp-block-list\"><li>Selecione a nota desejada e clique em imprimir, lembrando que a op\u00e7\u00e3o de impress\u00e3o estar\u00e1 dispon\u00edvel apenas ap\u00f3s a baixa do pagamento no sistema do munic\u00edpio, o que costuma levar 3 dias \u00fateis.<\/li><\/ul>\n\n\n\n<div class=\"wp-block-image\"><figure class=\"aligncenter size-large\"><img loading=\"lazy\" decoding=\"async\" width=\"700\" height=\"438\" src=\"http:\/\/www.indaial.sc.gov.br\/empreendedor\/wp-content\/uploads\/2021\/03\/image-6.png\" alt=\"\" class=\"wp-image-4531\" srcset=\"http:\/\/www.indaial.sc.gov.br\/empreendedor\/wp-content\/uploads\/2021\/03\/image-6.png 700w, http:\/\/www.indaial.sc.gov.br\/empreendedor\/wp-content\/uploads\/2021\/03\/image-6-300x188.png 300w\" sizes=\"(max-width: 700px) 100vw, 700px\" \/><\/figure><\/div>\n\n\n\n<p><\/p>\n","protected":false},"excerpt":{"rendered":"<p>O servi\u00e7o de emiss\u00e3o de Notas Fiscais de Servi\u00e7o Avulsa deve ser utilizado apenas por pessoas f\u00edsicas que realizaram algum servi\u00e7o na cidade de Indaial ou possuem seu domic\u00edlio fiscal na cidade, sendo que pessoas jur\u00eddicas devem utilizar o sistema de emiss\u00e3o da Nota Fiscal de Servi\u00e7o Eletr\u00f4nica. Para utiliza\u00e7\u00e3o do servi\u00e7o ser\u00e1 necess\u00e1rio primeiro [&hellip;]<\/p>\n","protected":false},"author":1,"featured_media":0,"parent":0,"menu_order":0,"comment_status":"closed","ping_status":"closed","template":"","meta":{"footnotes":""},"class_list":["post-4524","page","type-page","status-publish","hentry"],"_links":{"self":[{"href":"http:\/\/www.indaial.sc.gov.br\/empreendedor\/index.php\/wp-json\/wp\/v2\/pages\/4524","targetHints":{"allow":["GET"]}}],"collection":[{"href":"http:\/\/www.indaial.sc.gov.br\/empreendedor\/index.php\/wp-json\/wp\/v2\/pages"}],"about":[{"href":"http:\/\/www.indaial.sc.gov.br\/empreendedor\/index.php\/wp-json\/wp\/v2\/types\/page"}],"author":[{"embeddable":true,"href":"http:\/\/www.indaial.sc.gov.br\/empreendedor\/index.php\/wp-json\/wp\/v2\/users\/1"}],"replies":[{"embeddable":true,"href":"http:\/\/www.indaial.sc.gov.br\/empreendedor\/index.php\/wp-json\/wp\/v2\/comments?post=4524"}],"version-history":[{"count":3,"href":"http:\/\/www.indaial.sc.gov.br\/empreendedor\/index.php\/wp-json\/wp\/v2\/pages\/4524\/revisions"}],"predecessor-version":[{"id":4535,"href":"http:\/\/www.indaial.sc.gov.br\/empreendedor\/index.php\/wp-json\/wp\/v2\/pages\/4524\/revisions\/4535"}],"wp:attachment":[{"href":"http:\/\/www.indaial.sc.gov.br\/empreendedor\/index.php\/wp-json\/wp\/v2\/media?parent=4524"}],"curies":[{"name":"wp","href":"https:\/\/api.w.org\/{rel}","templated":true}]}}