{"id":46,"date":"2020-02-26T09:03:04","date_gmt":"2020-02-26T12:03:04","guid":{"rendered":"http:\/\/www.indaial.sc.gov.br\/empreendedor\/?page_id=46"},"modified":"2020-02-26T09:58:07","modified_gmt":"2020-02-26T12:58:07","slug":"emissao-de-alvara","status":"publish","type":"page","link":"http:\/\/www.indaial.sc.gov.br\/empreendedor\/index.php\/emissao-de-alvara\/","title":{"rendered":"Emiss\u00e3o de Alvar\u00e1"},"content":{"rendered":"\n<p>O Alvar\u00e1 municipal pode ser emitido pelo site do munic\u00edpio ou pessoalmente na Sala do Empreendedor, sendo que, as empresas MEI est\u00e3o isentas do seu pagamento e as demais empresas devem acessar o servi\u00e7o de emiss\u00e3o ap\u00f3s a baixa do pagamento no sistema que costuma levar 3 dias \u00fateis.<\/p>\n\n\n\n<p><a href=\"https:\/\/indaial.atende.net\/?pg=autoatendimento#!\/tipo\/servico\/valor\/37\/padrao\/1\/load\/1\">Emiss\u00e3o de Alvar\u00e1<\/a><\/p>\n","protected":false},"excerpt":{"rendered":"<p>O Alvar\u00e1 municipal pode ser emitido pelo site do munic\u00edpio ou pessoalmente na Sala do Empreendedor, sendo que, as empresas MEI est\u00e3o isentas do seu pagamento e as demais empresas devem acessar o servi\u00e7o de emiss\u00e3o ap\u00f3s a baixa do pagamento no sistema que costuma levar 3 dias \u00fateis. Emiss\u00e3o de Alvar\u00e1<\/p>\n","protected":false},"author":1,"featured_media":0,"parent":0,"menu_order":0,"comment_status":"closed","ping_status":"closed","template":"","meta":{"footnotes":""},"class_list":["post-46","page","type-page","status-publish","hentry"],"_links":{"self":[{"href":"http:\/\/www.indaial.sc.gov.br\/empreendedor\/index.php\/wp-json\/wp\/v2\/pages\/46","targetHints":{"allow":["GET"]}}],"collection":[{"href":"http:\/\/www.indaial.sc.gov.br\/empreendedor\/index.php\/wp-json\/wp\/v2\/pages"}],"about":[{"href":"http:\/\/www.indaial.sc.gov.br\/empreendedor\/index.php\/wp-json\/wp\/v2\/types\/page"}],"author":[{"embeddable":true,"href":"http:\/\/www.indaial.sc.gov.br\/empreendedor\/index.php\/wp-json\/wp\/v2\/users\/1"}],"replies":[{"embeddable":true,"href":"http:\/\/www.indaial.sc.gov.br\/empreendedor\/index.php\/wp-json\/wp\/v2\/comments?post=46"}],"version-history":[{"count":2,"href":"http:\/\/www.indaial.sc.gov.br\/empreendedor\/index.php\/wp-json\/wp\/v2\/pages\/46\/revisions"}],"predecessor-version":[{"id":50,"href":"http:\/\/www.indaial.sc.gov.br\/empreendedor\/index.php\/wp-json\/wp\/v2\/pages\/46\/revisions\/50"}],"wp:attachment":[{"href":"http:\/\/www.indaial.sc.gov.br\/empreendedor\/index.php\/wp-json\/wp\/v2\/media?parent=46"}],"curies":[{"name":"wp","href":"https:\/\/api.w.org\/{rel}","templated":true}]}}