{"id":4788,"date":"2021-05-18T14:21:57","date_gmt":"2021-05-18T17:21:57","guid":{"rendered":"http:\/\/www.indaial.sc.gov.br\/empreendedor\/?page_id=4788"},"modified":"2024-10-17T08:19:17","modified_gmt":"2024-10-17T11:19:17","slug":"compra-indaial","status":"publish","type":"page","link":"http:\/\/www.indaial.sc.gov.br\/empreendedor\/index.php\/compra-indaial\/","title":{"rendered":"Compra Indaial"},"content":{"rendered":"\r\n<div class=\"wp-block-cover has-background-dim\"><img fetchpriority=\"high\" decoding=\"async\" width=\"1350\" height=\"650\" class=\"wp-block-cover__image-background wp-image-5008\" alt=\"\" src=\"http:\/\/www.indaial.sc.gov.br\/empreendedor\/wp-content\/uploads\/2021\/05\/PontedosArcos.jpg\" style=\"object-position:51% 51%\" data-object-fit=\"cover\" data-object-position=\"51% 51%\" srcset=\"http:\/\/www.indaial.sc.gov.br\/empreendedor\/wp-content\/uploads\/2021\/05\/PontedosArcos.jpg 1350w, http:\/\/www.indaial.sc.gov.br\/empreendedor\/wp-content\/uploads\/2021\/05\/PontedosArcos-300x144.jpg 300w, http:\/\/www.indaial.sc.gov.br\/empreendedor\/wp-content\/uploads\/2021\/05\/PontedosArcos-1024x493.jpg 1024w, http:\/\/www.indaial.sc.gov.br\/empreendedor\/wp-content\/uploads\/2021\/05\/PontedosArcos-768x370.jpg 768w\" sizes=\"(max-width: 1350px) 100vw, 1350px\" \/><div class=\"wp-block-cover__inner-container is-layout-flow wp-block-cover-is-layout-flow\">\r\n<p class=\"has-text-align-center has-large-font-size\"><strong>Confira como vender para o munic\u00edpio de Indaial<\/strong><\/p>\r\n<\/div><\/div>\r\n\r\n\r\n\r\n<div style=\"height:86px\" aria-hidden=\"true\" class=\"wp-block-spacer\"><\/div>\r\n\r\n\r\n\r\n<div class=\"wp-block-group alignwide padding: 50 has-colibri-color-5-background-color has-background\"><div class=\"wp-block-group__inner-container is-layout-flow wp-block-group-is-layout-flow\">\r\n<div class=\"wp-block-columns alignwide is-layout-flex wp-container-core-columns-is-layout-9d6595d7 wp-block-columns-is-layout-flex\">\r\n<div class=\"wp-block-column is-vertically-aligned-top is-layout-flow wp-block-column-is-layout-flow\">\r\n<div class=\"wp-block-image\"><figure class=\"aligncenter size-large\"><img decoding=\"async\" width=\"64\" height=\"64\" src=\"http:\/\/www.indaial.sc.gov.br\/empreendedor\/wp-content\/uploads\/2021\/05\/iconfinder_content-form-contract-article-paper_3209382.png\" alt=\"\" class=\"wp-image-4967\"\/><\/figure><\/div>\r\n\r\n\r\n\r\n<h5 class=\"has-text-align-center wp-block-heading\">Cadastro de Fornecedor<\/h5>\r\n\r\n\r\n\r\n<p>Cadastre sua empresa como fornecedor do munic\u00edpio de Indaial para receber maiores informa\u00e7\u00f5es sobre as licita\u00e7\u00f5es municipais<\/p>\r\n\r\n\r\n\r\n<div class=\"wp-block-buttons is-content-justification-center is-layout-flex wp-block-buttons-is-layout-flex\">\r\n<div class=\"wp-block-button\"><a class=\"wp-block-button__link has-text-color has-background\" href=\"http:\/\/www.indaial.sc.gov.br\/empreendedor\/index.php\/cadastro-de-fornecedores\/\" style=\"border-radius:2px;background-color:#ba0c49;color:#fffffa\" target=\"_blank\" rel=\"noreferrer noopener\">Clique aqui<\/a><\/div>\r\n<\/div>\r\n<\/div>\r\n\r\n\r\n\r\n<div class=\"wp-block-column is-layout-flow wp-block-column-is-layout-flow\">\r\n<div class=\"wp-block-image\"><figure class=\"aligncenter size-large\"><img decoding=\"async\" width=\"64\" height=\"64\" src=\"http:\/\/www.indaial.sc.gov.br\/empreendedor\/wp-content\/uploads\/2021\/05\/iconfinder_web_clipboard_4681651.png\" alt=\"\" class=\"wp-image-4968\"\/><\/figure><\/div>\r\n\r\n\r\n\r\n<h5 class=\"has-text-align-center wp-block-heading\">Licita\u00e7\u00f5es<\/h5>\r\n\r\n\r\n\r\n<p>Acompanhe as licita\u00e7oes que ir\u00e3o ocorrer em nossa cidade e programe-se para fornecer ao munic\u00edpio<\/p>\r\n\r\n\r\n\r\n<div class=\"wp-block-buttons is-content-justification-center is-layout-flex wp-block-buttons-is-layout-flex\">\r\n<div class=\"wp-block-button\"><a class=\"wp-block-button__link has-text-color has-background\" href=\"https:\/\/indaial.atende.net\/?pg=autoatendimento#!\/tipo\/servico\/valor\/8\/padrao\/1\/load\/1\" style=\"border-radius:2px;background-color:#ba0c49;color:#fffffa\" target=\"_blank\" rel=\"noreferrer noopener\">Clique aqui<\/a><\/div>\r\n<\/div>\r\n<\/div>\r\n\r\n\r\n\r\n<div class=\"wp-block-column is-layout-flow wp-block-column-is-layout-flow\">\r\n<div class=\"wp-block-image\"><figure class=\"aligncenter size-large\"><img loading=\"lazy\" decoding=\"async\" width=\"64\" height=\"64\" src=\"http:\/\/www.indaial.sc.gov.br\/empreendedor\/wp-content\/uploads\/2021\/05\/iconfinder_manual-book-information-guide-handbook_3802013.png\" alt=\"\" class=\"wp-image-4971\"\/><\/figure><\/div>\r\n\r\n\r\n\r\n<h5 class=\"has-text-align-center wp-block-heading\">Cartilha de Compras<\/h5>\r\n\r\n\r\n\r\n<p>Quer saber mais sobre o processo de licita\u00e7\u00f5es, conhe\u00e7a nossa cartilha de compras e saiba mais sobre o processo<\/p>\r\n\r\n\r\n\r\n<div class=\"wp-block-buttons is-content-justification-center is-layout-flex wp-block-buttons-is-layout-flex\">\r\n<div class=\"wp-block-button\"><a class=\"wp-block-button__link has-text-color has-background\" href=\"http:\/\/www.indaial.sc.gov.br\/empreendedor\/index.php\/como-participar-de-licitacoes\/\" style=\"border-radius:2px;background-color:#ba0c49;color:#fffffa\" target=\"_blank\" rel=\"noreferrer noopener\">Clique aqui<\/a><\/div>\r\n<\/div>\r\n<\/div>\r\n\r\n\r\n\r\n<div class=\"wp-block-column is-layout-flow wp-block-column-is-layout-flow\">\r\n<div class=\"wp-block-image\"><figure class=\"aligncenter size-large\"><img loading=\"lazy\" decoding=\"async\" width=\"64\" height=\"64\" src=\"http:\/\/www.indaial.sc.gov.br\/empreendedor\/wp-content\/uploads\/2021\/05\/iconfinder_certificate-guarantee-award-document-assurance_3209368.png\" alt=\"\" class=\"wp-image-4991\"\/><\/figure><\/div>\r\n\r\n\r\n\r\n<h5 class=\"has-text-align-center wp-block-heading\">Documenta\u00e7\u00e3o<\/h5>\r\n\r\n\r\n\r\n<p>Verifique a rela\u00e7\u00e3o de documentos que costumam ser exigidos nas licita\u00e7\u00f5es municipais<\/p>\r\n\r\n\r\n\r\n<div class=\"wp-block-buttons is-content-justification-center is-layout-flex wp-block-buttons-is-layout-flex\">\r\n<div class=\"wp-block-button\"><a class=\"wp-block-button__link has-text-color has-background\" href=\"http:\/\/www.indaial.sc.gov.br\/empreendedor\/index.php\/licitacoes-documentos\/\" style=\"border-radius:2px;background-color:#ba0c49;color:#fffffa\" target=\"_blank\" rel=\"noreferrer noopener\">Clique aqui<\/a><\/div>\r\n<\/div>\r\n<\/div>\r\n<\/div>\r\n\r\n\r\n\r\n<div style=\"height:65px\" aria-hidden=\"true\" class=\"wp-block-spacer\"><\/div>\r\n\r\n\r\n\r\n<div class=\"wp-block-media-text alignwide is-stacked-on-mobile has-colibri-color-6-color has-text-color\" style=\"grid-template-columns:26% auto\"><figure class=\"wp-block-media-text__media\"><img loading=\"lazy\" decoding=\"async\" width=\"300\" height=\"300\" src=\"http:\/\/www.indaial.sc.gov.br\/empreendedor\/wp-content\/uploads\/2021\/06\/Analise-de-Risco-1-300x300.png\" alt=\"\" class=\"wp-image-5218 size-medium\" srcset=\"http:\/\/www.indaial.sc.gov.br\/empreendedor\/wp-content\/uploads\/2021\/06\/Analise-de-Risco-1-300x300.png 300w, http:\/\/www.indaial.sc.gov.br\/empreendedor\/wp-content\/uploads\/2021\/06\/Analise-de-Risco-1-1024x1024.png 1024w, http:\/\/www.indaial.sc.gov.br\/empreendedor\/wp-content\/uploads\/2021\/06\/Analise-de-Risco-1-150x150.png 150w, http:\/\/www.indaial.sc.gov.br\/empreendedor\/wp-content\/uploads\/2021\/06\/Analise-de-Risco-1-768x768.png 768w, http:\/\/www.indaial.sc.gov.br\/empreendedor\/wp-content\/uploads\/2021\/06\/Analise-de-Risco-1.png 1080w\" sizes=\"(max-width: 300px) 100vw, 300px\" \/><\/figure><div class=\"wp-block-media-text__content\">\r\n<h4 class=\"wp-block-heading\">Responda um formul\u00e1rio para confirmar se sua empresa est\u00e1 preparada para participar de licita\u00e7\u00f5es.<\/h4>\r\n\r\n\r\n\r\n<div class=\"wp-block-file\"><a href=\"http:\/\/www.indaial.sc.gov.br\/empreendedor\/wp-content\/uploads\/2021\/06\/Avaliacao-de-Risco.png\">Avaliacao de Risco<\/a><a href=\"http:\/\/www.indaial.sc.gov.br\/empreendedor\/wp-content\/uploads\/2021\/06\/Avaliacao-de-Risco.png\" class=\"wp-block-file__button\" download>Baixar<\/a><\/div>\r\n<\/div><\/div>\r\n<\/div><\/div>\r\n\r\n\r\n\r\n<div style=\"height:39px\" aria-hidden=\"true\" class=\"wp-block-spacer\"><\/div>\r\n\r\n\r\n\r\n<h2 class=\"wp-block-heading\">Outros Servi\u00e7os<\/h2>\r\n\r\n\r\n\r\n<div style=\"height:20px\" aria-hidden=\"true\" class=\"wp-block-spacer\"><\/div>\r\n\r\n\r\n\r\n<div class=\"wp-block-media-text alignwide is-stacked-on-mobile is-image-fill\" style=\"grid-template-columns:43% auto\"><figure class=\"wp-block-media-text__media\" style=\"background-image:url(http:\/\/www.indaial.sc.gov.br\/empreendedor\/wp-content\/uploads\/2020\/01\/DJI_0076-1024x768.jpg);background-position:50% 50%\"><img loading=\"lazy\" decoding=\"async\" width=\"1024\" height=\"768\" src=\"http:\/\/www.indaial.sc.gov.br\/empreendedor\/wp-content\/uploads\/2020\/01\/DJI_0076-1024x768.jpg\" alt=\"\" class=\"wp-image-31 size-full\" srcset=\"http:\/\/www.indaial.sc.gov.br\/empreendedor\/wp-content\/uploads\/2020\/01\/DJI_0076-1024x768.jpg 1024w, http:\/\/www.indaial.sc.gov.br\/empreendedor\/wp-content\/uploads\/2020\/01\/DJI_0076-300x225.jpg 300w, http:\/\/www.indaial.sc.gov.br\/empreendedor\/wp-content\/uploads\/2020\/01\/DJI_0076-768x576.jpg 768w, http:\/\/www.indaial.sc.gov.br\/empreendedor\/wp-content\/uploads\/2020\/01\/DJI_0076-1536x1152.jpg 1536w, http:\/\/www.indaial.sc.gov.br\/empreendedor\/wp-content\/uploads\/2020\/01\/DJI_0076-2048x1536.jpg 2048w\" sizes=\"(max-width: 1024px) 100vw, 1024px\" \/><\/figure><div class=\"wp-block-media-text__content\">\r\n<h4 class=\"has-text-align-center wp-block-heading\"><\/h4>\r\n\r\n\r\n\r\n<div class=\"wp-block-buttons is-content-justification-left is-layout-flex wp-block-buttons-is-layout-flex\">\r\n<div class=\"wp-block-button has-custom-width wp-block-button__width-50\"><a class=\"wp-block-button__link\" href=\"https:\/\/indaial.atende.net\/?pg=autoatendimento#!\/tipo\/servico\/valor\/7\/padrao\/1\/load\/0\/\" target=\"_blank\" rel=\"noreferrer noopener\">Consulta Empenhos do Fornecedor<\/a><\/div>\r\n<\/div>\r\n\r\n\r\n\r\n<h4 class=\"has-text-align-center wp-block-heading\"><\/h4>\r\n\r\n\r\n\r\n<div class=\"wp-block-buttons is-content-justification-left is-layout-flex wp-block-buttons-is-layout-flex\">\r\n<div class=\"wp-block-button has-custom-width wp-block-button__width-50\"><a class=\"wp-block-button__link\" href=\"https:\/\/indaial.atende.net\/?pg=autoatendimento#!\/tipo\/servico\/valor\/5\/padrao\/1\/load\/0\/\" target=\"_blank\" rel=\"noreferrer noopener\">Consulta de Valores a Receber<\/a><\/div>\r\n<\/div>\r\n\r\n\r\n\r\n<h4 class=\"has-text-align-center wp-block-heading\"><\/h4>\r\n\r\n\r\n\r\n<div class=\"wp-block-buttons is-content-justification-left is-layout-flex wp-block-buttons-is-layout-flex\">\r\n<div class=\"wp-block-button has-custom-width wp-block-button__width-50\"><a class=\"wp-block-button__link\" href=\"https:\/\/indaial.atende.net\/?pg=autoatendimento#!\/tipo\/servico\/valor\/87\/padrao\/1\/load\/0\/\" target=\"_blank\" rel=\"noreferrer noopener\">Cota\u00e7\u00e3o de Planilha de Pre\u00e7os<\/a><\/div>\r\n<\/div>\r\n\r\n\r\n\r\n<h4 class=\"has-text-align-center wp-block-heading\"><\/h4>\r\n\r\n\r\n\r\n<div class=\"wp-block-buttons is-content-justification-left is-layout-flex wp-block-buttons-is-layout-flex\">\r\n<div class=\"wp-block-button has-custom-width wp-block-button__width-50\"><a class=\"wp-block-button__link\" href=\"https:\/\/indaial.atende.net\/?pg=autoatendimento#!\/tipo\/servico\/valor\/9\/padrao\/1\/load\/0\/\" target=\"_blank\" rel=\"noreferrer noopener\">Enviar Proposta de Licita\u00e7\u00f5es<\/a><\/div>\r\n<\/div>\r\n\r\n\r\n\r\n<h4 class=\"has-text-align-center wp-block-heading\"><\/h4>\r\n\r\n\r\n\r\n<div class=\"wp-block-buttons is-content-justification-left is-layout-flex wp-block-buttons-is-layout-flex\">\r\n<div class=\"wp-block-button has-custom-width wp-block-button__width-50\"><a class=\"wp-block-button__link\" href=\"https:\/\/indaial.atende.net\/?pg=autoatendimento#!\/tipo\/servico\/valor\/4\/padrao\/1\/load\/0\/\" target=\"_blank\" rel=\"noreferrer noopener\">Consulta Valores Retidos<\/a><\/div>\r\n<\/div>\r\n<\/div><\/div>\r\n","protected":false},"excerpt":{"rendered":"<p>Cadastro de Fornecedor Cadastre sua empresa como fornecedor do munic\u00edpio de Indaial para receber maiores informa\u00e7\u00f5es sobre as licita\u00e7\u00f5es municipais Licita\u00e7\u00f5es Acompanhe as licita\u00e7oes que ir\u00e3o ocorrer em nossa cidade e programe-se para fornecer ao munic\u00edpio Cartilha de Compras Quer saber mais sobre o processo de licita\u00e7\u00f5es, conhe\u00e7a nossa cartilha de compras e saiba mais [&hellip;]<\/p>\n","protected":false},"author":1,"featured_media":0,"parent":0,"menu_order":0,"comment_status":"closed","ping_status":"closed","template":"","meta":{"footnotes":""},"class_list":["post-4788","page","type-page","status-publish","hentry"],"_links":{"self":[{"href":"http:\/\/www.indaial.sc.gov.br\/empreendedor\/index.php\/wp-json\/wp\/v2\/pages\/4788","targetHints":{"allow":["GET"]}}],"collection":[{"href":"http:\/\/www.indaial.sc.gov.br\/empreendedor\/index.php\/wp-json\/wp\/v2\/pages"}],"about":[{"href":"http:\/\/www.indaial.sc.gov.br\/empreendedor\/index.php\/wp-json\/wp\/v2\/types\/page"}],"author":[{"embeddable":true,"href":"http:\/\/www.indaial.sc.gov.br\/empreendedor\/index.php\/wp-json\/wp\/v2\/users\/1"}],"replies":[{"embeddable":true,"href":"http:\/\/www.indaial.sc.gov.br\/empreendedor\/index.php\/wp-json\/wp\/v2\/comments?post=4788"}],"version-history":[{"count":20,"href":"http:\/\/www.indaial.sc.gov.br\/empreendedor\/index.php\/wp-json\/wp\/v2\/pages\/4788\/revisions"}],"predecessor-version":[{"id":6764,"href":"http:\/\/www.indaial.sc.gov.br\/empreendedor\/index.php\/wp-json\/wp\/v2\/pages\/4788\/revisions\/6764"}],"wp:attachment":[{"href":"http:\/\/www.indaial.sc.gov.br\/empreendedor\/index.php\/wp-json\/wp\/v2\/media?parent=4788"}],"curies":[{"name":"wp","href":"https:\/\/api.w.org\/{rel}","templated":true}]}}