{"id":51,"date":"2020-02-26T10:15:29","date_gmt":"2020-02-26T13:15:29","guid":{"rendered":"http:\/\/www.indaial.sc.gov.br\/empreendedor\/?page_id=51"},"modified":"2020-02-26T10:15:29","modified_gmt":"2020-02-26T13:15:29","slug":"emissao-de-guias-alvara-iss","status":"publish","type":"page","link":"http:\/\/www.indaial.sc.gov.br\/empreendedor\/index.php\/emissao-de-guias-alvara-iss\/","title":{"rendered":"Emiss\u00e3o de Guias Alvar\u00e1\/ISS"},"content":{"rendered":"\n<p>As empresa e aut\u00f4nomos sujeitos a cobran\u00e7a do Alvar\u00e1 de Funcionamento, Alvar\u00e1 Sanit\u00e1rio e ISS Anual podem realizar a emiss\u00e3o das guias pelo portal do munic\u00edpio.<\/p>\n\n\n\n<p><a href=\"https:\/\/indaial.atende.net\/?pg=autoatendimento#!\/tipo\/servico\/valor\/46\/padrao\/1\/load\/1\">Emiss\u00e3o de Guias Alvar\u00e1\/ISS<\/a><\/p>\n","protected":false},"excerpt":{"rendered":"<p>As empresa e aut\u00f4nomos sujeitos a cobran\u00e7a do Alvar\u00e1 de Funcionamento, Alvar\u00e1 Sanit\u00e1rio e ISS Anual podem realizar a emiss\u00e3o das guias pelo portal do munic\u00edpio. Emiss\u00e3o de Guias Alvar\u00e1\/ISS<\/p>\n","protected":false},"author":1,"featured_media":0,"parent":0,"menu_order":0,"comment_status":"closed","ping_status":"closed","template":"","meta":{"footnotes":""},"class_list":["post-51","page","type-page","status-publish","hentry"],"_links":{"self":[{"href":"http:\/\/www.indaial.sc.gov.br\/empreendedor\/index.php\/wp-json\/wp\/v2\/pages\/51","targetHints":{"allow":["GET"]}}],"collection":[{"href":"http:\/\/www.indaial.sc.gov.br\/empreendedor\/index.php\/wp-json\/wp\/v2\/pages"}],"about":[{"href":"http:\/\/www.indaial.sc.gov.br\/empreendedor\/index.php\/wp-json\/wp\/v2\/types\/page"}],"author":[{"embeddable":true,"href":"http:\/\/www.indaial.sc.gov.br\/empreendedor\/index.php\/wp-json\/wp\/v2\/users\/1"}],"replies":[{"embeddable":true,"href":"http:\/\/www.indaial.sc.gov.br\/empreendedor\/index.php\/wp-json\/wp\/v2\/comments?post=51"}],"version-history":[{"count":1,"href":"http:\/\/www.indaial.sc.gov.br\/empreendedor\/index.php\/wp-json\/wp\/v2\/pages\/51\/revisions"}],"predecessor-version":[{"id":52,"href":"http:\/\/www.indaial.sc.gov.br\/empreendedor\/index.php\/wp-json\/wp\/v2\/pages\/51\/revisions\/52"}],"wp:attachment":[{"href":"http:\/\/www.indaial.sc.gov.br\/empreendedor\/index.php\/wp-json\/wp\/v2\/media?parent=51"}],"curies":[{"name":"wp","href":"https:\/\/api.w.org\/{rel}","templated":true}]}}