{"id":5299,"date":"2021-07-21T08:35:33","date_gmt":"2021-07-21T11:35:33","guid":{"rendered":"http:\/\/www.indaial.sc.gov.br\/empreendedor\/?page_id=5299"},"modified":"2023-05-30T13:58:37","modified_gmt":"2023-05-30T16:58:37","slug":"informacoes-vigilancia-sanitaria","status":"publish","type":"page","link":"http:\/\/www.indaial.sc.gov.br\/empreendedor\/index.php\/informacoes-vigilancia-sanitaria\/","title":{"rendered":"Informa\u00e7\u00f5es do Setor de Vigil\u00e2ncia Sanit\u00e1ria #2"},"content":{"rendered":"\n<h3 class=\"has-text-align-center wp-block-heading\">Separamos as principais informa\u00e7\u00f5es e exig\u00eancias do Vigil\u00e2ncia Sanit\u00e1ria para empreender na cidade de Indaial !!!<\/h3>\n\n\n\n<div style=\"height:15px\" aria-hidden=\"true\" class=\"wp-block-spacer\"><\/div>\n\n\n\n<p>&#8220;Entende-se, por vigil\u00e2ncia sanit\u00e1ria, um conjunto de a\u00e7\u00f5es capaz de eliminar, diminuir ou prevenir riscos \u00e0 sa\u00fade e de intervir nos problemas sanit\u00e1rios decorrentes do meio ambiente, da produ\u00e7\u00e3o e circula\u00e7\u00e3o de bens e da presta\u00e7\u00e3o de servi\u00e7os de interesse da sa\u00fade, abrangendo: o controle de bens de consumo que, direta ou indiretamente, se relacionem com a sa\u00fade, compreendidas todas as etapas e processos, da produ\u00e7\u00e3o ao consumo; e o controle da presta\u00e7\u00e3o de servi\u00e7os que se relacionam direta ou indiretamente com a sa\u00fade&#8221;<\/p>\n\n\n\n<div style=\"height:55px\" aria-hidden=\"true\" class=\"wp-block-spacer\"><\/div>\n\n\n\n<div class=\"wp-block-image\"><figure class=\"alignleft size-full is-resized\"><img fetchpriority=\"high\" decoding=\"async\" src=\"http:\/\/www.indaial.sc.gov.br\/empreendedor\/wp-content\/uploads\/2021\/07\/Auto-Inspecao-Site.jpeg\" alt=\"\" class=\"wp-image-5308\" width=\"1280\" height=\"234\" srcset=\"http:\/\/www.indaial.sc.gov.br\/empreendedor\/wp-content\/uploads\/2021\/07\/Auto-Inspecao-Site.jpeg 1280w, http:\/\/www.indaial.sc.gov.br\/empreendedor\/wp-content\/uploads\/2021\/07\/Auto-Inspecao-Site-300x55.jpeg 300w, http:\/\/www.indaial.sc.gov.br\/empreendedor\/wp-content\/uploads\/2021\/07\/Auto-Inspecao-Site-1024x187.jpeg 1024w, http:\/\/www.indaial.sc.gov.br\/empreendedor\/wp-content\/uploads\/2021\/07\/Auto-Inspecao-Site-768x140.jpeg 768w\" sizes=\"(max-width: 1280px) 100vw, 1280px\" \/><\/figure><\/div>\n\n\n\n<figure class=\"wp-block-table\"><table><tbody><tr><td><\/td><td><\/td><\/tr><\/tbody><\/table><\/figure>\n\n\n\n<div class=\"wp-block-file alignleft\"><a id=\"wp-block-file--media-0396f484-de57-4c41-aa1e-380a88a42e34\" href=\"http:\/\/www.indaial.sc.gov.br\/empreendedor\/wp-content\/uploads\/2021\/07\/SC_Autoinspecao_Estetica.xlsx\">Auto inspe\u00e7\u00e3o Setor de Estetica<\/a><a href=\"http:\/\/www.indaial.sc.gov.br\/empreendedor\/wp-content\/uploads\/2021\/07\/SC_Autoinspecao_Estetica.xlsx\" class=\"wp-block-file__button\" download aria-describedby=\"wp-block-file--media-0396f484-de57-4c41-aa1e-380a88a42e34\">Baixar<\/a><\/div>\n\n\n\n<div class=\"wp-block-file alignleft\"><a id=\"wp-block-file--media-1e44fb86-36a9-446b-bf0d-34ba1528fc2c\" href=\"http:\/\/www.indaial.sc.gov.br\/empreendedor\/wp-content\/uploads\/2021\/07\/SC_Autoinspecao_Alimentos.xlsx\">Auto inspe\u00e7\u00e3o Setor de Alimentos<\/a><a href=\"http:\/\/www.indaial.sc.gov.br\/empreendedor\/wp-content\/uploads\/2021\/07\/SC_Autoinspecao_Alimentos.xlsx\" class=\"wp-block-file__button\" download aria-describedby=\"wp-block-file--media-1e44fb86-36a9-446b-bf0d-34ba1528fc2c\">Baixar<\/a><\/div>\n\n\n\n<p><\/p>\n\n\n\n<figure class=\"wp-block-pullquote is-style-default\"><blockquote><p>FABRICA\u00c7\u00c3O \/ COM\u00c9RCIO DE ALIMENTOS<\/p><\/blockquote><\/figure>\n\n\n\n<div class=\"wp-block-group alignwide\"><div class=\"wp-block-group__inner-container is-layout-flow wp-block-group-is-layout-flow\">\n<div class=\"wp-block-columns alignwide is-layout-flex wp-container-core-columns-is-layout-9d6595d7 wp-block-columns-is-layout-flex\">\n<div class=\"wp-block-column is-layout-flow wp-block-column-is-layout-flow\">\n<div class=\"wp-block-image\"><figure class=\"aligncenter size-large\"><img decoding=\"async\" width=\"128\" height=\"128\" src=\"http:\/\/www.indaial.sc.gov.br\/empreendedor\/wp-content\/uploads\/2021\/05\/iconfinder_cafe-food_and_restaurant-commerce_and_shopping-architecture_and_city-coffee_shop-store-buildings_4057638.png\" alt=\"\" class=\"wp-image-5044\"\/><\/figure><\/div>\n\n\n\n<h5 class=\"wp-block-heading\">Com atendimento ao p\u00fablico para consumo no local<\/h5>\n\n\n\n<p>Bares, lanchonetes, restaurantes, etc\u2026<\/p>\n\n\n\n<div class=\"wp-block-buttons is-layout-flex wp-block-buttons-is-layout-flex\">\n<div class=\"wp-block-button is-style-fill\"><a class=\"wp-block-button__link has-colibri-color-5-color has-colibri-color-6-background-color has-text-color has-background\" href=\"http:\/\/www.indaial.sc.gov.br\/empreendedor\/index.php\/fabricacao-de-alimentos-com-atendimento-ao-publico-para-consumo-no-local\/\" style=\"border-radius:50px\" target=\"_blank\" rel=\"noreferrer noopener\">Clique aqui<\/a><\/div>\n<\/div>\n<\/div>\n\n\n\n<div class=\"wp-block-column is-layout-flow wp-block-column-is-layout-flow\">\n<div class=\"wp-block-image\"><figure class=\"aligncenter size-large\"><img decoding=\"async\" width=\"128\" height=\"128\" src=\"http:\/\/www.indaial.sc.gov.br\/empreendedor\/wp-content\/uploads\/2021\/05\/iconfinder_Streamline-18_185038.png\" alt=\"\" class=\"wp-image-5045\"\/><\/figure><\/div>\n\n\n\n<h5 class=\"wp-block-heading\">Sem atendimento ao p\u00fablico (na sua resid\u00eancia)<\/h5>\n\n\n\n<p>Fabrica\u00e7\u00e3o de doces, salgados, marmitas, etc.<\/p>\n\n\n\n<div class=\"wp-block-buttons is-layout-flex wp-block-buttons-is-layout-flex\">\n<div class=\"wp-block-button is-style-fill\"><a class=\"wp-block-button__link has-colibri-color-5-color has-colibri-color-6-background-color has-text-color has-background\" href=\"http:\/\/www.indaial.sc.gov.br\/empreendedor\/index.php\/fabricacao-de-alimentos-sem-atendimento-ao-publico-na-sua-residencia\/\" style=\"border-radius:50px\" target=\"_blank\" rel=\"noreferrer noopener\">Clique aqui<\/a><\/div>\n<\/div>\n<\/div>\n\n\n\n<div class=\"wp-block-column is-layout-flow wp-block-column-is-layout-flow\">\n<div class=\"wp-block-image\"><figure class=\"aligncenter size-large\"><img loading=\"lazy\" decoding=\"async\" width=\"128\" height=\"128\" src=\"http:\/\/www.indaial.sc.gov.br\/empreendedor\/wp-content\/uploads\/2021\/05\/iconfinder_comerce_delivery_shop_business-04_4544852-2.png\" alt=\"\" class=\"wp-image-5051\"\/><\/figure><\/div>\n\n\n\n<h5 class=\"wp-block-heading\">Sem atendimento ao p\u00fablico (em espa\u00e7o comercial)<\/h5>\n\n\n\n<p>Pizzarias, fabrica\u00e7\u00e3o de lanches,&nbsp; etc, sem consumo no local<\/p>\n\n\n\n<div class=\"wp-block-buttons is-layout-flex wp-block-buttons-is-layout-flex\">\n<div class=\"wp-block-button is-style-fill\"><a class=\"wp-block-button__link has-colibri-color-5-color has-colibri-color-6-background-color has-text-color has-background\" href=\"http:\/\/www.indaial.sc.gov.br\/empreendedor\/index.php\/fabricacao-de-alimentos-sem-atendimento-ao-publico-em-espaco-comercial\/\" style=\"border-radius:50px\" target=\"_blank\" rel=\"noreferrer noopener\">Clique aqui<\/a><\/div>\n<\/div>\n<\/div>\n\n\n\n<div class=\"wp-block-column is-layout-flow wp-block-column-is-layout-flow\">\n<div class=\"wp-block-image\"><figure class=\"aligncenter size-large\"><img loading=\"lazy\" decoding=\"async\" width=\"128\" height=\"128\" src=\"http:\/\/www.indaial.sc.gov.br\/empreendedor\/wp-content\/uploads\/2021\/05\/iconfinder_daily_delivery_5120882.png\" alt=\"\" class=\"wp-image-5052\"\/><\/figure><\/div>\n\n\n\n<h5 class=\"wp-block-heading\">Food Truck<\/h5>\n\n\n\n<p>Carrinhos ou Trailer de cachorro quente, pipoca, lanches, etc.<\/p>\n\n\n\n<div class=\"wp-block-buttons is-layout-flex wp-block-buttons-is-layout-flex\">\n<div class=\"wp-block-button is-style-fill\"><a class=\"wp-block-button__link has-colibri-color-5-color has-colibri-color-6-background-color has-text-color has-background\" href=\"http:\/\/www.indaial.sc.gov.br\/empreendedor\/index.php\/fabricacao-de-alimentos-food-truck\/\" style=\"border-radius:50px\" target=\"_blank\" rel=\"noreferrer noopener\">Clique aqui<\/a><\/div>\n<\/div>\n<\/div>\n<\/div>\n<\/div><\/div>\n\n\n\n<div style=\"height:10px\" aria-hidden=\"true\" class=\"wp-block-spacer\"><\/div>\n\n\n\n<figure class=\"wp-block-pullquote is-style-default\"><blockquote><p>SERVI\u00c7OS DE INTERESSE DA SA\u00daDE<\/p><\/blockquote><\/figure>\n\n\n\n<div class=\"wp-block-group alignwide\"><div class=\"wp-block-group__inner-container is-layout-flow wp-block-group-is-layout-flow\">\n<div class=\"wp-block-columns alignwide is-layout-flex wp-container-core-columns-is-layout-9d6595d7 wp-block-columns-is-layout-flex\">\n<div class=\"wp-block-column is-layout-flow wp-block-column-is-layout-flow\">\n<div class=\"wp-block-image\"><figure class=\"aligncenter size-large\"><img loading=\"lazy\" decoding=\"async\" width=\"128\" height=\"128\" src=\"http:\/\/www.indaial.sc.gov.br\/empreendedor\/wp-content\/uploads\/2021\/05\/iconfinder_Hairdresser_1_753894.png\" alt=\"\" class=\"wp-image-5055\"\/><\/figure><\/div>\n\n\n\n<h5 class=\"wp-block-heading\">Sal\u00f5es de beleza<\/h5>\n\n\n\n<p>Cabeleireiras, manicures, esteticistas, etc<\/p>\n\n\n\n<div class=\"wp-block-buttons is-layout-flex wp-block-buttons-is-layout-flex\">\n<div class=\"wp-block-button is-style-fill\"><a class=\"wp-block-button__link has-colibri-color-5-color has-colibri-color-6-background-color has-text-color has-background\" href=\"http:\/\/www.indaial.sc.gov.br\/empreendedor\/index.php\/servicos-de-interesse-da-saude-saloes-de-beleza\/\" style=\"border-radius:50px\" target=\"_blank\" rel=\"noreferrer noopener\">Clique aqui<\/a><\/div>\n<\/div>\n<\/div>\n\n\n\n<div class=\"wp-block-column is-layout-flow wp-block-column-is-layout-flow\">\n<div class=\"wp-block-image\"><figure class=\"aligncenter size-large\"><img loading=\"lazy\" decoding=\"async\" width=\"128\" height=\"128\" src=\"http:\/\/www.indaial.sc.gov.br\/empreendedor\/wp-content\/uploads\/2021\/05\/iconfinder_icon-ios7-people-outline_211792.png\" alt=\"\" class=\"wp-image-5060\"\/><\/figure><\/div>\n\n\n\n<h5 class=\"wp-block-heading\">Tatuagem e Piercng<\/h5>\n\n\n\n<p>Locais para coloca\u00e7\u00e3o de pircing, tatuagem.<\/p>\n\n\n\n<div class=\"wp-block-buttons is-layout-flex wp-block-buttons-is-layout-flex\">\n<div class=\"wp-block-button is-style-fill\"><a class=\"wp-block-button__link has-colibri-color-5-color has-colibri-color-6-background-color has-text-color has-background\" href=\"http:\/\/www.indaial.sc.gov.br\/empreendedor\/index.php\/servicos-de-interesse-da-saude-tatuagem-e-piercng\/\" style=\"border-radius:50px\" target=\"_blank\" rel=\"noreferrer noopener\">Clique aqui<\/a><\/div>\n<\/div>\n<\/div>\n\n\n\n<div class=\"wp-block-column is-layout-flow wp-block-column-is-layout-flow\">\n<div class=\"wp-block-image\"><figure class=\"aligncenter size-large\"><img loading=\"lazy\" decoding=\"async\" width=\"128\" height=\"128\" src=\"http:\/\/www.indaial.sc.gov.br\/empreendedor\/wp-content\/uploads\/2021\/05\/iconfinder_Take_exercise_4042280.png\" alt=\"\" class=\"wp-image-5057\"\/><\/figure><\/div>\n\n\n\n<h5 class=\"wp-block-heading\">Academias e atividades de condicionamento f\u00edsico<\/h5>\n\n\n\n<p>Academias, personal training, professores de educa\u00e7\u00e3o f\u00edsicas, com local de atendimento.<\/p>\n\n\n\n<div class=\"wp-block-buttons is-layout-flex wp-block-buttons-is-layout-flex\">\n<div class=\"wp-block-button is-style-fill\"><a class=\"wp-block-button__link has-colibri-color-5-color has-colibri-color-6-background-color has-text-color has-background\" href=\"http:\/\/www.indaial.sc.gov.br\/empreendedor\/index.php\/servicos-de-interesse-da-saude-academias-e-atividades-de-condicionamento-fisico\/\" style=\"border-radius:50px\" target=\"_blank\" rel=\"noreferrer noopener\">Clique aqui<\/a><\/div>\n<\/div>\n<\/div>\n\n\n\n<div class=\"wp-block-column is-layout-flow wp-block-column-is-layout-flow\">\n<div class=\"wp-block-image\"><figure class=\"aligncenter size-large\"><img loading=\"lazy\" decoding=\"async\" width=\"128\" height=\"128\" src=\"http:\/\/www.indaial.sc.gov.br\/empreendedor\/wp-content\/uploads\/2021\/05\/iconfinder_84_171443.png\" alt=\"\" class=\"wp-image-5058\"\/><\/figure><\/div>\n\n\n\n<h5 class=\"wp-block-heading\">Tabacarias<\/h5>\n\n\n\n<p>Locais para consumo de produtos derivados do tabaco<\/p>\n\n\n\n<div class=\"wp-block-buttons is-layout-flex wp-block-buttons-is-layout-flex\">\n<div class=\"wp-block-button is-style-fill\"><a class=\"wp-block-button__link has-colibri-color-5-color has-colibri-color-6-background-color has-text-color has-background\" href=\"http:\/\/www.indaial.sc.gov.br\/empreendedor\/index.php\/servicos-de-interesse-da-saude-tabacarias\/\" style=\"border-radius:50px\" target=\"_blank\" rel=\"noreferrer noopener\">Clique aqui<\/a><\/div>\n<\/div>\n<\/div>\n<\/div>\n<\/div><\/div>\n\n\n\n<div class=\"wp-block-group alignwide\"><div class=\"wp-block-group__inner-container is-layout-flow wp-block-group-is-layout-flow\">\n<div class=\"wp-block-columns alignwide is-layout-flex wp-container-core-columns-is-layout-9d6595d7 wp-block-columns-is-layout-flex\">\n<div class=\"wp-block-column is-layout-flow wp-block-column-is-layout-flow\">\n<figure class=\"wp-block-image size-large\"><img loading=\"lazy\" decoding=\"async\" width=\"128\" height=\"128\" src=\"http:\/\/www.indaial.sc.gov.br\/empreendedor\/wp-content\/uploads\/2021\/05\/iconfinder_Pet_shop_3775239-1.png\" alt=\"\" class=\"wp-image-5063\"\/><\/figure>\n\n\n\n<h5 class=\"wp-block-heading\">Pet shop \u2013 Banho e Tosa<\/h5>\n\n\n\n<p>Banho e tosa de animais dom\u00e9sticos<\/p>\n\n\n\n<div class=\"wp-block-buttons is-layout-flex wp-block-buttons-is-layout-flex\">\n<div class=\"wp-block-button is-style-fill\"><a class=\"wp-block-button__link has-colibri-color-5-color has-colibri-color-6-background-color has-text-color has-background\" href=\"http:\/\/www.indaial.sc.gov.br\/empreendedor\/index.php\/servicos-de-interesse-da-saude-pet-shop-banho-e-tosa\/\" style=\"border-radius:50px\" target=\"_blank\" rel=\"noreferrer noopener\">Clique aqui<\/a><\/div>\n<\/div>\n<\/div>\n<\/div>\n<\/div><\/div>\n\n\n\n<div style=\"height:57px\" aria-hidden=\"true\" class=\"wp-block-spacer\"><\/div>\n\n\n\n<div class=\"wp-block-media-text alignwide is-stacked-on-mobile is-image-fill\"><figure class=\"wp-block-media-text__media\" style=\"background-image:url(http:\/\/www.indaial.sc.gov.br\/empreendedor\/wp-content\/uploads\/2020\/03\/colibri-image-128-1024x683.png);background-position:50% 50%\"><img loading=\"lazy\" decoding=\"async\" width=\"1024\" height=\"683\" src=\"http:\/\/www.indaial.sc.gov.br\/empreendedor\/wp-content\/uploads\/2020\/03\/colibri-image-128-1024x683.png\" alt=\"\" class=\"wp-image-465 size-full\" srcset=\"http:\/\/www.indaial.sc.gov.br\/empreendedor\/wp-content\/uploads\/2020\/03\/colibri-image-128-1024x683.png 1024w, http:\/\/www.indaial.sc.gov.br\/empreendedor\/wp-content\/uploads\/2020\/03\/colibri-image-128-300x200.png 300w, http:\/\/www.indaial.sc.gov.br\/empreendedor\/wp-content\/uploads\/2020\/03\/colibri-image-128-768x512.png 768w, http:\/\/www.indaial.sc.gov.br\/empreendedor\/wp-content\/uploads\/2020\/03\/colibri-image-128-1536x1024.png 1536w, http:\/\/www.indaial.sc.gov.br\/empreendedor\/wp-content\/uploads\/2020\/03\/colibri-image-128.png 1920w\" sizes=\"(max-width: 1024px) 100vw, 1024px\" \/><\/figure><div class=\"wp-block-media-text__content\">\n<p class=\"has-large-font-size\">Informa\u00e7\u00f5es \u00fateis<\/p>\n\n\n\n<p>Para obter a carteira de sa\u00fade de manipulador de alimentos, voc\u00ea deve se dirigir \u00e0 Vigil\u00e2ncia com documento de identifica\u00e7\u00e3o e foto 3&#215;4. <\/p>\n\n\n\n<p>A realiza\u00e7\u00e3o do curso online de &#8220;Boas Pr\u00e1ticas na Manipula\u00e7\u00e3o de Alimentos&#8221; \u00e9 recomendada, voc\u00ea pode fazer a inscri\u00e7\u00e3o clicando <a rel=\"noreferrer noopener\" href=\"http:\/\/www.sebrae.com.br\/sites\/PortalSebrae\/cursosonline\/bpsa-boas-praticas-nos-servicos-de-alimentacao,d470b8a6a28bb610VgnVCM1000004c00210aRCRD\" data-type=\"URL\" data-id=\"http:\/\/www.sebrae.com.br\/sites\/PortalSebrae\/cursosonline\/bpsa-boas-praticas-nos-servicos-de-alimentacao,d470b8a6a28bb610VgnVCM1000004c00210aRCRD\" target=\"_blank\">aqui<\/a>. <\/p>\n\n\n\n<p>No caso de d\u00favidas entre em contato com a Vigil\u00e2ncia Sanit\u00e1ria:<\/p>\n\n\n\n<p>Rua Marechal Deodoro da Fonseca, N\u00ba 675 &#8211; Bairro: Tapaj\u00f3s Indaial\/SC &#8211;&nbsp;CEP: 89080-126. Telefone: (47) 3306-5540 ou 3306-5567 &#8211; E-mail: vigilancia@indaial.sc.gov.br<\/p>\n<\/div><\/div>\n","protected":false},"excerpt":{"rendered":"<p>Separamos as principais informa\u00e7\u00f5es e exig\u00eancias do Vigil\u00e2ncia Sanit\u00e1ria para empreender na cidade de Indaial !!! &#8220;Entende-se, por vigil\u00e2ncia sanit\u00e1ria, um conjunto de a\u00e7\u00f5es capaz de eliminar, diminuir ou prevenir riscos \u00e0 sa\u00fade e de intervir nos problemas sanit\u00e1rios decorrentes do meio ambiente, da produ\u00e7\u00e3o e circula\u00e7\u00e3o de bens e da presta\u00e7\u00e3o de servi\u00e7os de [&hellip;]<\/p>\n","protected":false},"author":1,"featured_media":0,"parent":0,"menu_order":0,"comment_status":"closed","ping_status":"closed","template":"","meta":{"footnotes":""},"class_list":["post-5299","page","type-page","status-publish","hentry"],"_links":{"self":[{"href":"http:\/\/www.indaial.sc.gov.br\/empreendedor\/index.php\/wp-json\/wp\/v2\/pages\/5299","targetHints":{"allow":["GET"]}}],"collection":[{"href":"http:\/\/www.indaial.sc.gov.br\/empreendedor\/index.php\/wp-json\/wp\/v2\/pages"}],"about":[{"href":"http:\/\/www.indaial.sc.gov.br\/empreendedor\/index.php\/wp-json\/wp\/v2\/types\/page"}],"author":[{"embeddable":true,"href":"http:\/\/www.indaial.sc.gov.br\/empreendedor\/index.php\/wp-json\/wp\/v2\/users\/1"}],"replies":[{"embeddable":true,"href":"http:\/\/www.indaial.sc.gov.br\/empreendedor\/index.php\/wp-json\/wp\/v2\/comments?post=5299"}],"version-history":[{"count":24,"href":"http:\/\/www.indaial.sc.gov.br\/empreendedor\/index.php\/wp-json\/wp\/v2\/pages\/5299\/revisions"}],"predecessor-version":[{"id":6628,"href":"http:\/\/www.indaial.sc.gov.br\/empreendedor\/index.php\/wp-json\/wp\/v2\/pages\/5299\/revisions\/6628"}],"wp:attachment":[{"href":"http:\/\/www.indaial.sc.gov.br\/empreendedor\/index.php\/wp-json\/wp\/v2\/media?parent=5299"}],"curies":[{"name":"wp","href":"https:\/\/api.w.org\/{rel}","templated":true}]}}