{"id":57,"date":"2020-02-26T10:26:14","date_gmt":"2020-02-26T13:26:14","guid":{"rendered":"http:\/\/www.indaial.sc.gov.br\/empreendedor\/?page_id=57"},"modified":"2020-02-26T10:26:14","modified_gmt":"2020-02-26T13:26:14","slug":"protocolo-on-line","status":"publish","type":"page","link":"http:\/\/www.indaial.sc.gov.br\/empreendedor\/index.php\/protocolo-on-line\/","title":{"rendered":"Protocolo On-Line"},"content":{"rendered":"\n<p>O servi\u00e7o de  Emiss\u00e3o de Protocolo pode ser acessado para o envio de documentos de forma on-line ao munic\u00edpio, estando dispon\u00edvel, dentro outros o envio de:<br>&#8211; Documenta\u00e7\u00e3o para Abertura, Altera\u00e7\u00e3o, Baixa ou Desativa\u00e7\u00e3o de Empresas e Aut\u00f4nomos.<\/p>\n\n\n\n<p><a href=\"https:\/\/indaial.atende.net\/?pg=autoatendimento#!\/tipo\/servico\/valor\/26\/padrao\/1\/load\/1\"> Emiss\u00e3o de Protocolo<\/a><\/p>\n","protected":false},"excerpt":{"rendered":"<p>O servi\u00e7o de Emiss\u00e3o de Protocolo pode ser acessado para o envio de documentos de forma on-line ao munic\u00edpio, estando dispon\u00edvel, dentro outros o envio de:&#8211; Documenta\u00e7\u00e3o para Abertura, Altera\u00e7\u00e3o, Baixa ou Desativa\u00e7\u00e3o de Empresas e Aut\u00f4nomos. Emiss\u00e3o de Protocolo<\/p>\n","protected":false},"author":1,"featured_media":0,"parent":0,"menu_order":0,"comment_status":"closed","ping_status":"closed","template":"","meta":{"footnotes":""},"class_list":["post-57","page","type-page","status-publish","hentry"],"_links":{"self":[{"href":"http:\/\/www.indaial.sc.gov.br\/empreendedor\/index.php\/wp-json\/wp\/v2\/pages\/57","targetHints":{"allow":["GET"]}}],"collection":[{"href":"http:\/\/www.indaial.sc.gov.br\/empreendedor\/index.php\/wp-json\/wp\/v2\/pages"}],"about":[{"href":"http:\/\/www.indaial.sc.gov.br\/empreendedor\/index.php\/wp-json\/wp\/v2\/types\/page"}],"author":[{"embeddable":true,"href":"http:\/\/www.indaial.sc.gov.br\/empreendedor\/index.php\/wp-json\/wp\/v2\/users\/1"}],"replies":[{"embeddable":true,"href":"http:\/\/www.indaial.sc.gov.br\/empreendedor\/index.php\/wp-json\/wp\/v2\/comments?post=57"}],"version-history":[{"count":1,"href":"http:\/\/www.indaial.sc.gov.br\/empreendedor\/index.php\/wp-json\/wp\/v2\/pages\/57\/revisions"}],"predecessor-version":[{"id":58,"href":"http:\/\/www.indaial.sc.gov.br\/empreendedor\/index.php\/wp-json\/wp\/v2\/pages\/57\/revisions\/58"}],"wp:attachment":[{"href":"http:\/\/www.indaial.sc.gov.br\/empreendedor\/index.php\/wp-json\/wp\/v2\/media?parent=57"}],"curies":[{"name":"wp","href":"https:\/\/api.w.org\/{rel}","templated":true}]}}