{"id":5989,"date":"2021-10-18T08:41:41","date_gmt":"2021-10-18T11:41:41","guid":{"rendered":"http:\/\/www.indaial.sc.gov.br\/empreendedor\/?page_id=5989"},"modified":"2021-10-18T09:08:59","modified_gmt":"2021-10-18T12:08:59","slug":"declaracao-de-servicos-tomados-nao-estabelecidos","status":"publish","type":"page","link":"http:\/\/www.indaial.sc.gov.br\/empreendedor\/index.php\/declaracao-de-servicos-tomados-nao-estabelecidos\/","title":{"rendered":"Declara\u00e7\u00e3o de Servi\u00e7os Tomados &#8211; Empresas n\u00e3o estabelecidas em Indaial"},"content":{"rendered":"\n<p>As empresas que n\u00e3o possuem sede em Indaial e precisam declarar servi\u00e7os tomados na cidade para o recolhemento de ISS para Indaial devem realizar a declara\u00e7\u00e3o do servi\u00e7o na <a rel=\"noreferrer noopener\" href=\"https:\/\/indaial.atende.net\/autoatendimento\/servicos\/acesso-ao-sistema-de-escrita-fiscal\/detalhar\/1\" data-type=\"URL\" data-id=\"https:\/\/indaial.atende.net\/autoatendimento\/servicos\/acesso-ao-sistema-de-escrita-fiscal\/detalhar\/1\" target=\"_blank\">Escrita Fiscal<\/a> do site do munic\u00edpio para ent\u00e3o emitir a guia para o recolhimento do imposto<\/p>\n\n\n\n<p>Importante: A declara\u00e7\u00e3o deve ser realizada com o login da empresa respons\u00e1vel pelo recolhimento do ISS o contador n\u00e3o conseguir\u00e1 a efetuar com sua senha, caso a empresa ainda n\u00e3o possui acesso ela deve solicit\u00e1-lo no proprio site na op\u00e7\u00e3o <a rel=\"noreferrer noopener\" href=\"https:\/\/indaial.atende.net\/autoatendimento\/servicos\/solicitacao-de-acesso\" data-type=\"URL\" data-id=\"https:\/\/indaial.atende.net\/autoatendimento\/servicos\/solicitacao-de-acesso\" target=\"_blank\">Cadastre-se &#8211; Solicita\u00e7\u00e3o de Acesso<\/a> selecionando a op\u00e7\u00e3o de declarante eventual.<\/p>\n\n\n\n<p>Veja como em: <a href=\"http:\/\/www.indaial.sc.gov.br\/empreendedor\/index.php\/solicitacao-de-acesso-demais-contribuintes\/\" data-type=\"URL\" data-id=\"http:\/\/www.indaial.sc.gov.br\/empreendedor\/index.php\/solicitacao-de-acesso-demais-contribuintes\/\" target=\"_blank\" rel=\"noreferrer noopener\">Como solicitar acesso \u2013 Demais contribuintes<\/a><\/p>\n\n\n\n<p>A declara\u00e7\u00e3o deve ser protocolada sempre at\u00e9 o dia 10 do m\u00eas subsequente a emiss\u00e3o da NFS, e o recolhimento do ISS, quando a empresa n\u00e3o for optante pelo Simples Nacional, dever\u00e1 ser feito at\u00e9 o dia 15.<\/p>\n\n\n\n<p>Para realizar a declara\u00e7\u00e3o a empresa dever\u00e1 realizar os seguintes passos:<\/p>\n\n\n\n<ul class=\"wp-block-list\"><li> Acessar o site do munic\u00edpio \u2013 <a href=\"http:\/\/www.indaial.sc.gov.br\/\">www.indaial.sc.gov.br<\/a><\/li><li> Logar na op\u00e7\u00e3o de Auto Atendimento com a senha da empresa <\/li><\/ul>\n\n\n\n<figure class=\"wp-block-image size-large\"><img fetchpriority=\"high\" decoding=\"async\" width=\"1024\" height=\"649\" src=\"http:\/\/www.indaial.sc.gov.br\/empreendedor\/wp-content\/uploads\/2020\/03\/image-6-1024x649.png\" alt=\"\" class=\"wp-image-255\" srcset=\"http:\/\/www.indaial.sc.gov.br\/empreendedor\/wp-content\/uploads\/2020\/03\/image-6-1024x649.png 1024w, http:\/\/www.indaial.sc.gov.br\/empreendedor\/wp-content\/uploads\/2020\/03\/image-6-300x190.png 300w, http:\/\/www.indaial.sc.gov.br\/empreendedor\/wp-content\/uploads\/2020\/03\/image-6-768x487.png 768w, http:\/\/www.indaial.sc.gov.br\/empreendedor\/wp-content\/uploads\/2020\/03\/image-6.png 1434w\" sizes=\"(max-width: 1024px) 100vw, 1024px\" \/><\/figure>\n\n\n\n<ul class=\"wp-block-list\"><li> Acessar a op\u00e7\u00e3o de Escrita Fiscal no canto superior Esquerdo<\/li><\/ul>\n\n\n\n<figure class=\"wp-block-image size-large\"><img decoding=\"async\" width=\"1024\" height=\"460\" src=\"http:\/\/www.indaial.sc.gov.br\/empreendedor\/wp-content\/uploads\/2020\/03\/image-7-1024x460.png\" alt=\"\" class=\"wp-image-256\" srcset=\"http:\/\/www.indaial.sc.gov.br\/empreendedor\/wp-content\/uploads\/2020\/03\/image-7-1024x460.png 1024w, http:\/\/www.indaial.sc.gov.br\/empreendedor\/wp-content\/uploads\/2020\/03\/image-7-300x135.png 300w, http:\/\/www.indaial.sc.gov.br\/empreendedor\/wp-content\/uploads\/2020\/03\/image-7-768x345.png 768w, http:\/\/www.indaial.sc.gov.br\/empreendedor\/wp-content\/uploads\/2020\/03\/image-7.png 1055w\" sizes=\"(max-width: 1024px) 100vw, 1024px\" \/><\/figure>\n\n\n\n<ul class=\"wp-block-list\"><li> Caso seja necess\u00e1rio, digitar novamente o Login e senha da empresa na op\u00e7\u00e3o que ser\u00e1 apresentada na tela, \u00e9 importante mencionar que o acesso ao Auto Atendimento do munic\u00edpio pode ser realizado com uma senha e o acesso a Escrita Fiscal pode ter outra senha, j\u00e1 que este \u00faltimo \u00e9 comum a todas as cidades que utilizam o sistema IPM, sendo a mesma senha utilizada para todas as cidades.<\/li><\/ul>\n\n\n\n<figure class=\"wp-block-image size-large\"><img decoding=\"async\" width=\"1024\" height=\"458\" src=\"http:\/\/www.indaial.sc.gov.br\/empreendedor\/wp-content\/uploads\/2020\/03\/image-8-1024x458.png\" alt=\"\" class=\"wp-image-257\" srcset=\"http:\/\/www.indaial.sc.gov.br\/empreendedor\/wp-content\/uploads\/2020\/03\/image-8-1024x458.png 1024w, http:\/\/www.indaial.sc.gov.br\/empreendedor\/wp-content\/uploads\/2020\/03\/image-8-300x134.png 300w, http:\/\/www.indaial.sc.gov.br\/empreendedor\/wp-content\/uploads\/2020\/03\/image-8-768x344.png 768w, http:\/\/www.indaial.sc.gov.br\/empreendedor\/wp-content\/uploads\/2020\/03\/image-8.png 1448w\" sizes=\"(max-width: 1024px) 100vw, 1024px\" \/><\/figure>\n\n\n\n<ul class=\"wp-block-list\"><li> Ao acessar a Escrita Fiscal dever\u00e1 ser apresentada em uma nova tela, caso isso n\u00e3o ocorra e o sistema n\u00e3o informe que a senha esta incorreta \u00e9 necess\u00e1rio desbloquear a pop-up.<\/li><\/ul>\n\n\n\n<ul class=\"wp-block-list\"><li>Na nova tela \u00e9 importante verificar se a cidade de atua\u00e7\u00e3o apresentada na parte inferior esquerda da tela \u00e9 a cidade de Indaial, caso seja o contador dever\u00e1 clicar no menu Declara\u00e7\u00e3o de Servi\u00e7o \u2192 Eventual \u2192 Prestado ou Tomado \u2192 Homologado.<\/li><\/ul>\n\n\n\n<figure class=\"wp-block-image size-large\"><img loading=\"lazy\" decoding=\"async\" width=\"1024\" height=\"860\" src=\"http:\/\/www.indaial.sc.gov.br\/empreendedor\/wp-content\/uploads\/2020\/03\/image-9-1024x860.png\" alt=\"\" class=\"wp-image-258\" srcset=\"http:\/\/www.indaial.sc.gov.br\/empreendedor\/wp-content\/uploads\/2020\/03\/image-9-1024x860.png 1024w, http:\/\/www.indaial.sc.gov.br\/empreendedor\/wp-content\/uploads\/2020\/03\/image-9-300x252.png 300w, http:\/\/www.indaial.sc.gov.br\/empreendedor\/wp-content\/uploads\/2020\/03\/image-9-768x645.png 768w, http:\/\/www.indaial.sc.gov.br\/empreendedor\/wp-content\/uploads\/2020\/03\/image-9.png 1152w\" sizes=\"(max-width: 1024px) 100vw, 1024px\" \/><\/figure>\n\n\n\n<figure class=\"wp-block-image size-full\"><img loading=\"lazy\" decoding=\"async\" width=\"926\" height=\"535\" src=\"http:\/\/www.indaial.sc.gov.br\/empreendedor\/wp-content\/uploads\/2021\/10\/image.png\" alt=\"\" class=\"wp-image-5991\" srcset=\"http:\/\/www.indaial.sc.gov.br\/empreendedor\/wp-content\/uploads\/2021\/10\/image.png 926w, http:\/\/www.indaial.sc.gov.br\/empreendedor\/wp-content\/uploads\/2021\/10\/image-300x173.png 300w, http:\/\/www.indaial.sc.gov.br\/empreendedor\/wp-content\/uploads\/2021\/10\/image-768x444.png 768w\" sizes=\"(max-width: 926px) 100vw, 926px\" \/><\/figure>\n\n\n\n<ul class=\"wp-block-list\"><li>Na nova tela apresentada a empresa pode clicar em consultar sem informar qualquer dado nas op\u00e7\u00f5es de pesquisa para que lhe sejam apresentados todos as compet\u00eancia do exer\u00edcio<\/li><\/ul>\n\n\n\n<ul class=\"wp-block-list\"><li>Para realizar a declara\u00e7\u00e3o a empresa dever\u00e1 clicar no bot\u00e3o Declarar (primeiro \u00edcone na coluna a\u00e7\u00e3o).<\/li><\/ul>\n\n\n\n<figure class=\"wp-block-image size-large\"><img loading=\"lazy\" decoding=\"async\" width=\"1024\" height=\"297\" src=\"http:\/\/www.indaial.sc.gov.br\/empreendedor\/wp-content\/uploads\/2021\/10\/image-1-1024x297.png\" alt=\"\" class=\"wp-image-5992\" srcset=\"http:\/\/www.indaial.sc.gov.br\/empreendedor\/wp-content\/uploads\/2021\/10\/image-1-1024x297.png 1024w, http:\/\/www.indaial.sc.gov.br\/empreendedor\/wp-content\/uploads\/2021\/10\/image-1-300x87.png 300w, http:\/\/www.indaial.sc.gov.br\/empreendedor\/wp-content\/uploads\/2021\/10\/image-1-768x223.png 768w, http:\/\/www.indaial.sc.gov.br\/empreendedor\/wp-content\/uploads\/2021\/10\/image-1-1536x445.png 1536w, http:\/\/www.indaial.sc.gov.br\/empreendedor\/wp-content\/uploads\/2021\/10\/image-1.png 1894w\" sizes=\"(max-width: 1024px) 100vw, 1024px\" \/><\/figure>\n\n\n\n<ul class=\"wp-block-list\"><li>Na nova tela poder\u00e1 consultar a notas j\u00e1 declaradas clicando no \u00edcone de lupa na linha Documentos Declarados, caso precise poder\u00e1 declarar as notas emitidas, caso a nota ainda n\u00e3o esteja lan\u00e7ada a empresa dever\u00e1 preencher todas as informa\u00e7\u00f5es destacadas em vermelho e posteriormente clicar no bot\u00e3o confirmar localizado na parte inferior esquerda da tela.<\/li><\/ul>\n\n\n\n<figure class=\"wp-block-image size-large\"><img loading=\"lazy\" decoding=\"async\" width=\"1024\" height=\"492\" src=\"http:\/\/www.indaial.sc.gov.br\/empreendedor\/wp-content\/uploads\/2021\/10\/image-4-1024x492.png\" alt=\"\" class=\"wp-image-5997\" srcset=\"http:\/\/www.indaial.sc.gov.br\/empreendedor\/wp-content\/uploads\/2021\/10\/image-4-1024x492.png 1024w, http:\/\/www.indaial.sc.gov.br\/empreendedor\/wp-content\/uploads\/2021\/10\/image-4-300x144.png 300w, http:\/\/www.indaial.sc.gov.br\/empreendedor\/wp-content\/uploads\/2021\/10\/image-4-768x369.png 768w, http:\/\/www.indaial.sc.gov.br\/empreendedor\/wp-content\/uploads\/2021\/10\/image-4-1536x738.png 1536w, http:\/\/www.indaial.sc.gov.br\/empreendedor\/wp-content\/uploads\/2021\/10\/image-4.png 1868w\" sizes=\"(max-width: 1024px) 100vw, 1024px\" \/><\/figure>\n\n\n\n<ul class=\"wp-block-list\"><li>Por fim a empresa deve clicar no \u00edcone protocolar localizado na parte superior direita da tela para que ent\u00e3os eja disponibilizada a op\u00e7\u00e3o de impress\u00e3o da guia.<\/li><\/ul>\n\n\n\n<figure class=\"wp-block-image size-large\"><img loading=\"lazy\" decoding=\"async\" width=\"1024\" height=\"492\" src=\"http:\/\/www.indaial.sc.gov.br\/empreendedor\/wp-content\/uploads\/2021\/10\/image-6-1024x492.png\" alt=\"\" class=\"wp-image-6000\" srcset=\"http:\/\/www.indaial.sc.gov.br\/empreendedor\/wp-content\/uploads\/2021\/10\/image-6-1024x492.png 1024w, http:\/\/www.indaial.sc.gov.br\/empreendedor\/wp-content\/uploads\/2021\/10\/image-6-300x144.png 300w, http:\/\/www.indaial.sc.gov.br\/empreendedor\/wp-content\/uploads\/2021\/10\/image-6-768x369.png 768w, http:\/\/www.indaial.sc.gov.br\/empreendedor\/wp-content\/uploads\/2021\/10\/image-6-1536x738.png 1536w, http:\/\/www.indaial.sc.gov.br\/empreendedor\/wp-content\/uploads\/2021\/10\/image-6.png 1868w\" sizes=\"(max-width: 1024px) 100vw, 1024px\" \/><\/figure>\n","protected":false},"excerpt":{"rendered":"<p>As empresas que n\u00e3o possuem sede em Indaial e precisam declarar servi\u00e7os tomados na cidade para o recolhemento de ISS para Indaial devem realizar a declara\u00e7\u00e3o do servi\u00e7o na Escrita Fiscal do site do munic\u00edpio para ent\u00e3o emitir a guia para o recolhimento do imposto Importante: A declara\u00e7\u00e3o deve ser realizada com o login da [&hellip;]<\/p>\n","protected":false},"author":1,"featured_media":0,"parent":0,"menu_order":0,"comment_status":"closed","ping_status":"closed","template":"","meta":{"footnotes":""},"class_list":["post-5989","page","type-page","status-publish","hentry"],"_links":{"self":[{"href":"http:\/\/www.indaial.sc.gov.br\/empreendedor\/index.php\/wp-json\/wp\/v2\/pages\/5989","targetHints":{"allow":["GET"]}}],"collection":[{"href":"http:\/\/www.indaial.sc.gov.br\/empreendedor\/index.php\/wp-json\/wp\/v2\/pages"}],"about":[{"href":"http:\/\/www.indaial.sc.gov.br\/empreendedor\/index.php\/wp-json\/wp\/v2\/types\/page"}],"author":[{"embeddable":true,"href":"http:\/\/www.indaial.sc.gov.br\/empreendedor\/index.php\/wp-json\/wp\/v2\/users\/1"}],"replies":[{"embeddable":true,"href":"http:\/\/www.indaial.sc.gov.br\/empreendedor\/index.php\/wp-json\/wp\/v2\/comments?post=5989"}],"version-history":[{"count":4,"href":"http:\/\/www.indaial.sc.gov.br\/empreendedor\/index.php\/wp-json\/wp\/v2\/pages\/5989\/revisions"}],"predecessor-version":[{"id":6001,"href":"http:\/\/www.indaial.sc.gov.br\/empreendedor\/index.php\/wp-json\/wp\/v2\/pages\/5989\/revisions\/6001"}],"wp:attachment":[{"href":"http:\/\/www.indaial.sc.gov.br\/empreendedor\/index.php\/wp-json\/wp\/v2\/media?parent=5989"}],"curies":[{"name":"wp","href":"https:\/\/api.w.org\/{rel}","templated":true}]}}