{"id":6252,"date":"2022-02-28T10:39:37","date_gmt":"2022-02-28T13:39:37","guid":{"rendered":"http:\/\/www.indaial.sc.gov.br\/empreendedor\/?page_id=6252"},"modified":"2022-02-28T11:46:14","modified_gmt":"2022-02-28T14:46:14","slug":"baixa-de-cadastro-municipal-pj","status":"publish","type":"page","link":"http:\/\/www.indaial.sc.gov.br\/empreendedor\/index.php\/baixa-de-cadastro-municipal-pj\/","title":{"rendered":"Baixa de Cadastro Municipal &#8211; Empresas"},"content":{"rendered":"\n<p>A empresa que encerrar suas atividades e efetivar a baixa de seu CNPJ dever\u00e1 encaminhar pedido de baixa junto ao munic\u00edpio para que seu cadastro municipal tamb\u00e9m seja baixado, para tanto dever\u00e1 enviar, pelo Auto Atendimento (<a href=\"https:\/\/indaial.atende.net\/?pg=autoatendimento#!\/tipo\/servico\/valor\/111\/padrao\/2\/load\/1\" target=\"_blank\" rel=\"noreferrer noopener\">Emiss\u00e3o de Protocolos<\/a>) ou entregar na Sala do Empreendedor, os seguintes documentos:<\/p>\n\n\n\n<ul class=\"wp-block-list\"><li>FAC Municipal &#8211; preenchida com a senha do contador na Escrita Fiscal (<a rel=\"noreferrer noopener\" aria-label=\" (abre numa nova aba)\" href=\"https:\/\/indaial.atende.net\/?pg=autoatendimento#!\/tipo\/servico\/valor\/84\/padrao\/1\/load\/1\" target=\"_blank\">Escrita Fiscal<\/a>) ou Requerimento de Baixa (modelo abaixo);<\/li><li>Comprovante de Baixa (ex.: CNPJ Baixado, Distrato Social, Altera\u00e7\u00e3o que altera a empresa de endere\u00e7o ou extingue a filial).<\/li><\/ul>\n\n\n\n<p>Obs.: Caso a empresa n\u00e3o possa, ou queira, baixar seu CNPJ, poder\u00e1 solicitar a Desativa\u00e7\u00e3o de seu cadastro para evitar a cobran\u00e7a de alvar\u00e1s no per\u00edodo em que n\u00e3o estiver funcionando (<a href=\"http:\/\/www.indaial.sc.gov.br\/empreendedor\/index.php\/desativacao-de-cadastro\/\" target=\"_blank\" rel=\"noreferrer noopener\" aria-label=\" (abre numa nova aba)\">Desativa\u00e7\u00e3o de Cadastro<\/a>).<\/p>\n\n\n\n<p>Importante: o contador dever\u00e1 logar com a senha da contabilidade e selecionar seu cliente antes de acessar a op\u00e7\u00e3o de \u201cEmiss\u00e3o de Protocolo\u201d, caso contr\u00e1rio o protocolo ser\u00e1 gerado em nome da contabilidade e n\u00e3o de seu cliente.<\/p>\n\n\n\n<p><\/p>\n\n\n\n<p class=\"has-text-align-center\"><strong>MODELO <\/strong>REQUERIMENTO DE BAIXA<\/p>\n\n\n\n<p>Nome\/Raz\u00e3o:<br>Endere\u00e7o:<br>Cep:<br>CPF\/CNPJ:<\/p>\n\n\n\n<p>XXXXXX pessoa Jur\u00eddica, atrav\u00e9s do respons\u00e1vel, solicita a baixa no Cadastro Municipal de Contribuintes &#8211; CMC desta prefeitura, uma vez que deixou de exercer suas atividades em XX\/XX\/XXX.<br><br><\/p>\n\n\n\n<p>Nestes Termos,<br>Pede Deferimento<br><br><\/p>\n\n\n\n<p class=\"has-text-align-right\">Indaial\/SC, XX\/XX\/XXXX<\/p>\n\n\n\n<p class=\"has-text-align-center\">XXXXXXXXXXXXXXXXXXXXXXXXXXXXX<br>RESPONS\u00c1VEL LEGAL<\/p>\n","protected":false},"excerpt":{"rendered":"<p>A empresa que encerrar suas atividades e efetivar a baixa de seu CNPJ dever\u00e1 encaminhar pedido de baixa junto ao munic\u00edpio para que seu cadastro municipal tamb\u00e9m seja baixado, para tanto dever\u00e1 enviar, pelo Auto Atendimento (Emiss\u00e3o de Protocolos) ou entregar na Sala do Empreendedor, os seguintes documentos: FAC Municipal &#8211; preenchida com a senha [&hellip;]<\/p>\n","protected":false},"author":1,"featured_media":0,"parent":0,"menu_order":0,"comment_status":"closed","ping_status":"closed","template":"","meta":{"footnotes":""},"class_list":["post-6252","page","type-page","status-publish","hentry"],"_links":{"self":[{"href":"http:\/\/www.indaial.sc.gov.br\/empreendedor\/index.php\/wp-json\/wp\/v2\/pages\/6252","targetHints":{"allow":["GET"]}}],"collection":[{"href":"http:\/\/www.indaial.sc.gov.br\/empreendedor\/index.php\/wp-json\/wp\/v2\/pages"}],"about":[{"href":"http:\/\/www.indaial.sc.gov.br\/empreendedor\/index.php\/wp-json\/wp\/v2\/types\/page"}],"author":[{"embeddable":true,"href":"http:\/\/www.indaial.sc.gov.br\/empreendedor\/index.php\/wp-json\/wp\/v2\/users\/1"}],"replies":[{"embeddable":true,"href":"http:\/\/www.indaial.sc.gov.br\/empreendedor\/index.php\/wp-json\/wp\/v2\/comments?post=6252"}],"version-history":[{"count":3,"href":"http:\/\/www.indaial.sc.gov.br\/empreendedor\/index.php\/wp-json\/wp\/v2\/pages\/6252\/revisions"}],"predecessor-version":[{"id":6290,"href":"http:\/\/www.indaial.sc.gov.br\/empreendedor\/index.php\/wp-json\/wp\/v2\/pages\/6252\/revisions\/6290"}],"wp:attachment":[{"href":"http:\/\/www.indaial.sc.gov.br\/empreendedor\/index.php\/wp-json\/wp\/v2\/media?parent=6252"}],"curies":[{"name":"wp","href":"https:\/\/api.w.org\/{rel}","templated":true}]}}