{"id":6266,"date":"2022-02-28T10:51:26","date_gmt":"2022-02-28T13:51:26","guid":{"rendered":"http:\/\/www.indaial.sc.gov.br\/empreendedor\/?page_id=6266"},"modified":"2022-02-28T11:28:06","modified_gmt":"2022-02-28T14:28:06","slug":"informar-irregularidade-cadastral","status":"publish","type":"page","link":"http:\/\/www.indaial.sc.gov.br\/empreendedor\/index.php\/informar-irregularidade-cadastral\/","title":{"rendered":"Informar Irregularidade Cadastral"},"content":{"rendered":"\n<p>Caso voc\u00ea tenha algum cliente com dados cadastrados incorretamente em Indaial voc\u00ea pode solicitar a corre\u00e7\u00e3o dos mesmos em algumas situa\u00e7\u00f5es:<\/p>\n\n\n\n<ul class=\"wp-block-list\"><li>Sendo uma empresa de outro munic\u00edpio qualquer dado pode ser atualizado, importante mencionar que o pedido somente ser\u00e1 aceito se os dados incorretos estiverem alterados no CNPJ do cliente.<\/li><\/ul>\n\n\n\n<ul class=\"wp-block-list\"><li>Sendo uma empresa de Indaial este servi\u00e7o pode ser utilizado apenas para informar a altera\u00e7\u00e3o de e-mail, telefone ou nome fantasia. Outros dados como raz\u00e3o social, endere\u00e7o e atividade devem ser alterados pelo contador, temos um passo a passo <a href=\"http:\/\/www.indaial.sc.gov.br\/empreendedor\/index.php\/como-alterar-sua-empresa\/\" data-type=\"page\" data-id=\"2716\">COMO ALTERAR O CADASTRO DE SUA EMPRESA<\/a>.<\/li><\/ul>\n\n\n\n<p>Caso seja MEI e n\u00e3o tenha contador a altera\u00e7\u00e3o de endere\u00e7o e atividade, ap\u00f3s ser realizada no site do MEI &#8211; www.gov.br\/mei em <a href=\"https:\/\/www.gov.br\/empresas-e-negocios\/pt-br\/empreendedor\/servicos-para-mei\/atualizacao-cadastral-de-mei\/solicitar-1\">Atualiza\u00e7\u00e3o Cadastral<\/a>, as mesmas podem ser comunicadas em nosso processo digital, podendo ser utilizado os mesmos passos descritos em <a href=\"http:\/\/www.indaial.sc.gov.br\/empreendedor\/index.php\/cadastro-municipal-de-mei-sem-contador\/\" data-type=\"page\" data-id=\"4565\">CADASTRO OU ALTERA\u00c7\u00c3O MUNICIPAL MEI &#8211; SEM CONTADOR<\/a>.<\/p>\n\n\n\n<p><\/p>\n\n\n\n<p>Para utilizar o servi\u00e7o o contador ou o usu\u00e1rio do sistema de NFS-e dever\u00e1 logar na Escrita Fiscal ou na NFS-e e ent\u00e3o:<\/p>\n\n\n\n<p>Acessar o menu: Globais -> Cadastro -> Pessoa\/Endere\u00e7o -> Pessoa<\/p>\n\n\n\n<figure class=\"wp-block-image size-full\"><img fetchpriority=\"high\" decoding=\"async\" width=\"973\" height=\"482\" src=\"http:\/\/www.indaial.sc.gov.br\/empreendedor\/wp-content\/uploads\/2022\/02\/image.png\" alt=\"\" class=\"wp-image-6275\" srcset=\"http:\/\/www.indaial.sc.gov.br\/empreendedor\/wp-content\/uploads\/2022\/02\/image.png 973w, http:\/\/www.indaial.sc.gov.br\/empreendedor\/wp-content\/uploads\/2022\/02\/image-300x149.png 300w, http:\/\/www.indaial.sc.gov.br\/empreendedor\/wp-content\/uploads\/2022\/02\/image-768x380.png 768w\" sizes=\"(max-width: 973px) 100vw, 973px\" \/><\/figure>\n\n\n\n<p><\/p>\n\n\n\n<p>Preencher o Filtro e Consultar, sugerimos alterar o filtro para o n\u00famero do CPF ou CNPJ pois o nome pode estar digitado incorretamente<\/p>\n\n\n\n<figure class=\"wp-block-image size-full\"><img decoding=\"async\" width=\"965\" height=\"281\" src=\"http:\/\/www.indaial.sc.gov.br\/empreendedor\/wp-content\/uploads\/2022\/02\/image-1.png\" alt=\"\" class=\"wp-image-6276\" srcset=\"http:\/\/www.indaial.sc.gov.br\/empreendedor\/wp-content\/uploads\/2022\/02\/image-1.png 965w, http:\/\/www.indaial.sc.gov.br\/empreendedor\/wp-content\/uploads\/2022\/02\/image-1-300x87.png 300w, http:\/\/www.indaial.sc.gov.br\/empreendedor\/wp-content\/uploads\/2022\/02\/image-1-768x224.png 768w\" sizes=\"(max-width: 965px) 100vw, 965px\" \/><\/figure>\n\n\n\n<p><\/p>\n\n\n\n<p>Ser\u00e1 apresentado os dados do cliente na linha abaixo da consulta sendo necess\u00e1rio clicar no \u00edcone &#8220;Informar Irregularidade Cadastral&#8221; no lado direito da tela para alterar as informa\u00e7\u00f5es necess\u00e1rias<\/p>\n\n\n\n<figure class=\"wp-block-image size-full\"><img decoding=\"async\" width=\"961\" height=\"172\" src=\"http:\/\/www.indaial.sc.gov.br\/empreendedor\/wp-content\/uploads\/2022\/02\/image-2.png\" alt=\"\" class=\"wp-image-6277\" srcset=\"http:\/\/www.indaial.sc.gov.br\/empreendedor\/wp-content\/uploads\/2022\/02\/image-2.png 961w, http:\/\/www.indaial.sc.gov.br\/empreendedor\/wp-content\/uploads\/2022\/02\/image-2-300x54.png 300w, http:\/\/www.indaial.sc.gov.br\/empreendedor\/wp-content\/uploads\/2022\/02\/image-2-768x137.png 768w\" sizes=\"(max-width: 961px) 100vw, 961px\" \/><\/figure>\n\n\n\n<p><\/p>\n\n\n\n<p>Alterar todos os dados incorretor e confirmar<\/p>\n\n\n\n<figure class=\"wp-block-image size-full\"><img loading=\"lazy\" decoding=\"async\" width=\"576\" height=\"608\" src=\"http:\/\/www.indaial.sc.gov.br\/empreendedor\/wp-content\/uploads\/2022\/02\/image-3.png\" alt=\"\" class=\"wp-image-6278\" srcset=\"http:\/\/www.indaial.sc.gov.br\/empreendedor\/wp-content\/uploads\/2022\/02\/image-3.png 576w, http:\/\/www.indaial.sc.gov.br\/empreendedor\/wp-content\/uploads\/2022\/02\/image-3-284x300.png 284w\" sizes=\"(max-width: 576px) 100vw, 576px\" \/><\/figure>\n\n\n\n<p><\/p>\n\n\n\n<p>Neste momento ser\u00e1 informado o qual a cidade respons\u00e1vel pela an\u00e1lise, sendo Indaial o pedido consutma ser analisado em at\u00e9 1 dia \u00fatil.<\/p>\n","protected":false},"excerpt":{"rendered":"<p>Caso voc\u00ea tenha algum cliente com dados cadastrados incorretamente em Indaial voc\u00ea pode solicitar a corre\u00e7\u00e3o dos mesmos em algumas situa\u00e7\u00f5es: Sendo uma empresa de outro munic\u00edpio qualquer dado pode ser atualizado, importante mencionar que o pedido somente ser\u00e1 aceito se os dados incorretos estiverem alterados no CNPJ do cliente. Sendo uma empresa de Indaial [&hellip;]<\/p>\n","protected":false},"author":1,"featured_media":0,"parent":0,"menu_order":0,"comment_status":"closed","ping_status":"closed","template":"","meta":{"footnotes":""},"class_list":["post-6266","page","type-page","status-publish","hentry"],"_links":{"self":[{"href":"http:\/\/www.indaial.sc.gov.br\/empreendedor\/index.php\/wp-json\/wp\/v2\/pages\/6266","targetHints":{"allow":["GET"]}}],"collection":[{"href":"http:\/\/www.indaial.sc.gov.br\/empreendedor\/index.php\/wp-json\/wp\/v2\/pages"}],"about":[{"href":"http:\/\/www.indaial.sc.gov.br\/empreendedor\/index.php\/wp-json\/wp\/v2\/types\/page"}],"author":[{"embeddable":true,"href":"http:\/\/www.indaial.sc.gov.br\/empreendedor\/index.php\/wp-json\/wp\/v2\/users\/1"}],"replies":[{"embeddable":true,"href":"http:\/\/www.indaial.sc.gov.br\/empreendedor\/index.php\/wp-json\/wp\/v2\/comments?post=6266"}],"version-history":[{"count":3,"href":"http:\/\/www.indaial.sc.gov.br\/empreendedor\/index.php\/wp-json\/wp\/v2\/pages\/6266\/revisions"}],"predecessor-version":[{"id":6288,"href":"http:\/\/www.indaial.sc.gov.br\/empreendedor\/index.php\/wp-json\/wp\/v2\/pages\/6266\/revisions\/6288"}],"wp:attachment":[{"href":"http:\/\/www.indaial.sc.gov.br\/empreendedor\/index.php\/wp-json\/wp\/v2\/media?parent=6266"}],"curies":[{"name":"wp","href":"https:\/\/api.w.org\/{rel}","templated":true}]}}