{"id":6298,"date":"2022-02-28T13:55:26","date_gmt":"2022-02-28T16:55:26","guid":{"rendered":"http:\/\/www.indaial.sc.gov.br\/empreendedor\/?page_id=6298"},"modified":"2022-02-28T14:01:01","modified_gmt":"2022-02-28T17:01:01","slug":"cadastro-viabilidade-de-autonomos","status":"publish","type":"page","link":"http:\/\/www.indaial.sc.gov.br\/empreendedor\/index.php\/cadastro-viabilidade-de-autonomos\/","title":{"rendered":"Cadastro\/viabilidade de aut\u00f4nomos"},"content":{"rendered":"\n<p>Os profissionais aut\u00f4nomos que tenham um endere\u00e7o de atendimento ao p\u00fablico dever\u00e3o solicitar, antes de seu cadastro a viabilidade do endere\u00e7o, o pedido deve ser efetuado mesmo que no endere\u00e7o existam outros profissionais aut\u00f4nomos, estando dispensados apenas profissionais que atendam dentro de cl\u00ednicas (CNPJ) que j\u00e1 estejam devidamente cadastradas<\/p>\n\n\n\n<p><\/p>\n\n\n\n<p>Caso se trata de um engenheiro ou outro profissional que n\u00e3o seja de Indaial e que precise recolher o ISS para o encaminhamento de um projeto no sistema Aprova Digital, solicitamos o contato com a fiscaliza\u00e7\u00e3o tribut\u00e1ria pelo telefone 3306 5539 para maiores informa\u00e7\u00f5es.<\/p>\n\n\n\n<p><\/p>\n\n\n\n<p>Para o cadastro no munic\u00edpio ser\u00e1 necess\u00e1rio apresentar na Sala do Empreendedor ou enviar os seguintes documentos pelo <a href=\"https:\/\/indaial.atende.net\/autoatendimento\/servicos\/e-sala-do-empreendedor-processo-digital\">processo digital<\/a>:<\/p>\n\n\n\n<ul class=\"wp-block-list\"><li>Viabilidade do endere\u00e7o (quando necess\u00e1rio)<\/li><li>C\u00f3pia da carteirinha de classe<\/li><li>C\u00f3pia de algum documentos pessoal (CNH ou Identidade)<\/li><li>Comprovante de endere\u00e7o residencial<\/li><li>Comprovante do endere\u00e7o profissional (podendo ser contrato de aluguel)<\/li><\/ul>\n\n\n\n<p><\/p>\n\n\n\n<p>Caso seja necess\u00e1rio solicitar a viabilidade o mesmo \u00e9 analisado, em m\u00e9dia, em 3 dias \u00fateis, e o pedido deve ser realizado no site: <a href=\"https:\/\/gcim.ciga.sc.gov.br\/viabilidade\/cadastro\">https:\/\/gcim.ciga.sc.gov.br\/viabilidade\/cadastro<\/a> <\/p>\n\n\n\n<p><\/p>\n\n\n\n<h2 class=\"has-text-align-center wp-block-heading\"><strong>Passo a passo para o encaminhamento da viabilidade:<\/strong><\/h2>\n\n\n\n<p>&#8211; Selecionar Indaial e primeiro estabelecimento ou altera\u00e7\u00e3o de acordo com o caso<\/p>\n\n\n\n<p>&#8211; Clicar em Pr\u00f3ximo<\/p>\n\n\n\n<figure class=\"wp-block-image size-full\"><img fetchpriority=\"high\" decoding=\"async\" width=\"926\" height=\"492\" src=\"http:\/\/www.indaial.sc.gov.br\/empreendedor\/wp-content\/uploads\/2022\/02\/image-5.png\" alt=\"\" class=\"wp-image-6300\" srcset=\"http:\/\/www.indaial.sc.gov.br\/empreendedor\/wp-content\/uploads\/2022\/02\/image-5.png 926w, http:\/\/www.indaial.sc.gov.br\/empreendedor\/wp-content\/uploads\/2022\/02\/image-5-300x159.png 300w, http:\/\/www.indaial.sc.gov.br\/empreendedor\/wp-content\/uploads\/2022\/02\/image-5-768x408.png 768w\" sizes=\"(max-width: 926px) 100vw, 926px\" \/><\/figure>\n\n\n\n<p><\/p>\n\n\n\n<p>&#8211; Deixar as informa\u00e7\u00f5es de contadores em branco e clicar em pr\u00f3ximos<\/p>\n\n\n\n<figure class=\"wp-block-image size-full\"><img decoding=\"async\" width=\"853\" height=\"365\" src=\"http:\/\/www.indaial.sc.gov.br\/empreendedor\/wp-content\/uploads\/2022\/02\/image-6.png\" alt=\"\" class=\"wp-image-6301\" srcset=\"http:\/\/www.indaial.sc.gov.br\/empreendedor\/wp-content\/uploads\/2022\/02\/image-6.png 853w, http:\/\/www.indaial.sc.gov.br\/empreendedor\/wp-content\/uploads\/2022\/02\/image-6-300x128.png 300w, http:\/\/www.indaial.sc.gov.br\/empreendedor\/wp-content\/uploads\/2022\/02\/image-6-768x329.png 768w\" sizes=\"(max-width: 853px) 100vw, 853px\" \/><\/figure>\n\n\n\n<p><\/p>\n\n\n\n<p>&#8211; Preencher apenas os campos obrigat\u00f3rios<\/p>\n\n\n\n<p>&#8211; No campo inscri\u00e7\u00e3o imobiliaria colocar 0 pois n\u00e3o \u00e9 utilizado pelos fiscais<\/p>\n\n\n\n<p>&#8211; Nas atividasdes, mesmo se tratando de autonomo, o sistema exige que seja informada a profiss\u00e3o e um cnae, na descri\u00e7\u00e3o colocar apenas a profiss\u00e3o<\/p>\n\n\n\n<figure class=\"wp-block-image size-full\"><img decoding=\"async\" width=\"787\" height=\"447\" src=\"http:\/\/www.indaial.sc.gov.br\/empreendedor\/wp-content\/uploads\/2022\/02\/image-7.png\" alt=\"\" class=\"wp-image-6302\" srcset=\"http:\/\/www.indaial.sc.gov.br\/empreendedor\/wp-content\/uploads\/2022\/02\/image-7.png 787w, http:\/\/www.indaial.sc.gov.br\/empreendedor\/wp-content\/uploads\/2022\/02\/image-7-300x170.png 300w, http:\/\/www.indaial.sc.gov.br\/empreendedor\/wp-content\/uploads\/2022\/02\/image-7-768x436.png 768w\" sizes=\"(max-width: 787px) 100vw, 787px\" \/><\/figure>\n\n\n\n<p>&#8211; Na \u00faltima tela os campos podem ser deixados em branco pois os fiscais vem fazendo a vistoria quando necess\u00e1rio<\/p>\n\n\n\n<figure class=\"wp-block-image size-full\"><img loading=\"lazy\" decoding=\"async\" width=\"577\" height=\"519\" src=\"http:\/\/www.indaial.sc.gov.br\/empreendedor\/wp-content\/uploads\/2022\/02\/image-8.png\" alt=\"\" class=\"wp-image-6303\" srcset=\"http:\/\/www.indaial.sc.gov.br\/empreendedor\/wp-content\/uploads\/2022\/02\/image-8.png 577w, http:\/\/www.indaial.sc.gov.br\/empreendedor\/wp-content\/uploads\/2022\/02\/image-8-300x270.png 300w\" sizes=\"(max-width: 577px) 100vw, 577px\" \/><\/figure>\n","protected":false},"excerpt":{"rendered":"<p>Os profissionais aut\u00f4nomos que tenham um endere\u00e7o de atendimento ao p\u00fablico dever\u00e3o solicitar, antes de seu cadastro a viabilidade do endere\u00e7o, o pedido deve ser efetuado mesmo que no endere\u00e7o existam outros profissionais aut\u00f4nomos, estando dispensados apenas profissionais que atendam dentro de cl\u00ednicas (CNPJ) que j\u00e1 estejam devidamente cadastradas Caso se trata de um engenheiro [&hellip;]<\/p>\n","protected":false},"author":1,"featured_media":0,"parent":0,"menu_order":0,"comment_status":"closed","ping_status":"closed","template":"","meta":{"footnotes":""},"class_list":["post-6298","page","type-page","status-publish","hentry"],"_links":{"self":[{"href":"http:\/\/www.indaial.sc.gov.br\/empreendedor\/index.php\/wp-json\/wp\/v2\/pages\/6298","targetHints":{"allow":["GET"]}}],"collection":[{"href":"http:\/\/www.indaial.sc.gov.br\/empreendedor\/index.php\/wp-json\/wp\/v2\/pages"}],"about":[{"href":"http:\/\/www.indaial.sc.gov.br\/empreendedor\/index.php\/wp-json\/wp\/v2\/types\/page"}],"author":[{"embeddable":true,"href":"http:\/\/www.indaial.sc.gov.br\/empreendedor\/index.php\/wp-json\/wp\/v2\/users\/1"}],"replies":[{"embeddable":true,"href":"http:\/\/www.indaial.sc.gov.br\/empreendedor\/index.php\/wp-json\/wp\/v2\/comments?post=6298"}],"version-history":[{"count":4,"href":"http:\/\/www.indaial.sc.gov.br\/empreendedor\/index.php\/wp-json\/wp\/v2\/pages\/6298\/revisions"}],"predecessor-version":[{"id":6316,"href":"http:\/\/www.indaial.sc.gov.br\/empreendedor\/index.php\/wp-json\/wp\/v2\/pages\/6298\/revisions\/6316"}],"wp:attachment":[{"href":"http:\/\/www.indaial.sc.gov.br\/empreendedor\/index.php\/wp-json\/wp\/v2\/media?parent=6298"}],"curies":[{"name":"wp","href":"https:\/\/api.w.org\/{rel}","templated":true}]}}