{"id":6397,"date":"2022-03-31T09:45:13","date_gmt":"2022-03-31T12:45:13","guid":{"rendered":"http:\/\/www.indaial.sc.gov.br\/empreendedor\/?page_id=6397"},"modified":"2022-04-01T15:39:27","modified_gmt":"2022-04-01T18:39:27","slug":"obter-mais-confiabilidade-na-conta-de-acesso","status":"publish","type":"page","link":"http:\/\/www.indaial.sc.gov.br\/empreendedor\/index.php\/obter-mais-confiabilidade-na-conta-de-acesso\/","title":{"rendered":"Obter Mais confiabilidade na Conta de Acesso GOVBR"},"content":{"rendered":"\n<p>Os N\u00edveis de Autentica\u00e7\u00e3o tem como principal caracter\u00edstica ser um recurso de seguran\u00e7a da informa\u00e7\u00e3o da identidade, que permitem flexibilidade para realiza\u00e7\u00e3o do acesso. Possuem a divis\u00e3o: N\u00edvel B\u00e1sico &#8211; Bronze N\u00edvel Verificado &#8211; Prata N\u00edvel Comprovado &#8211; Ouro<\/p>\n\n\n\n<p><\/p>\n\n\n\n<p>Os Selos de Confiabilidade est\u00e3o presentes em cada n\u00edvel de autentica\u00e7\u00e3o e consistem em orientar para qualifica\u00e7\u00e3o das contas com a obten\u00e7\u00e3o dos atributos autoritativos do cidad\u00e3o a partir das bases oficias de governo, por meio das quais permitir\u00e3o a utiliza\u00e7\u00e3o da credencial de acesso em sistemas internos dos clientes e servi\u00e7os providos diretamente ao cidad\u00e3o. Poss\u00edvel uso para os n\u00edvels e os selos \u00e9 o aumento da confian\u00e7a cadastral pelos servi\u00e7os para aplicar controle de acesso \u00e0s funcionalidades mais cr\u00edticas. O mapeamento entre n\u00edvel e selo ser\u00e1 apresentado para determinar como sistema integrado dever\u00e1 receber a conta do cidad\u00e3o.<\/p>\n\n\n\n<p><\/p>\n\n\n\n<p>Caso ainda n\u00e3o tenha a conta veja como criar a sua clicando <a href=\"http:\/\/www.indaial.sc.gov.br\/empreendedor\/index.php\/como-criar-acesso-a-conta-gov-br\/\" data-type=\"page\" data-id=\"6395\">aqui<\/a><\/p>\n\n\n\n<hr class=\"wp-block-separator\"\/>\n\n\n\n<p><\/p>\n\n\n\n<h2 class=\"wp-block-heading\">Como aumentar o n\u00edvel de confiabilidade<\/h2>\n\n\n\n<p>Para que voc\u00ea possa aumentar seu n\u00edvel de seguran\u00e7a existem diversas op\u00e7\u00f5es como:<\/p>\n\n\n\n<p><\/p>\n\n\n\n<h3 class=\"wp-block-heading\"><strong>N\u00edvel Verificado &#8211; Prata<\/strong><\/h3>\n\n\n\n<ul class=\"wp-block-list\"><li><strong>Selo Internet Banking<\/strong>: Valida\u00e7\u00e3o do cadastro do cidad\u00e3o por meio da plataforma de Internet Banking dos bancos conveniados.&nbsp;<a href=\"http:\/\/faq-login-unico.servicos.gov.br\/en\/latest\/_perguntasdafaq\/comoadquirirselointernetbanking.html\" target=\"_blank\" rel=\"noreferrer noopener\">Orienta\u00e7\u00f5es para aquisi\u00e7\u00e3o do Selo Internet Banking<\/a>.<\/li><li><strong>Selo Valida\u00e7\u00e3o Facial<\/strong>: Valida\u00e7\u00e3o do cadastro do cidad\u00e3o por meio de biometria facial. A base utilizada para compara\u00e7\u00e3o \u00e9 a da Carteira Nacional de Habilita\u00e7\u00e3o (Minist\u00e9rio da Infraestrutura \/ Denatran).&nbsp;<a href=\"http:\/\/faq-login-unico.servicos.gov.br\/en\/latest\/_perguntasdafaq\/comoadquirirvalidacaofacial.html\" target=\"_blank\" rel=\"noreferrer noopener\">Orienta\u00e7\u00f5es para aquisi\u00e7\u00e3o do Selo Valida\u00e7\u00e3o Facial<\/a>.<\/li><li><strong>Selo Internet Banking (Banco do Brasil <strong>&#8211; Banrisul &#8211; Bradesco &#8211; BRB &#8211; Caixa &#8211; Sicoob &#8211; Santander<\/strong>)<\/strong>: Valida\u00e7\u00e3o do cadastro do cidad\u00e3o por meio da plataforma de Internet Banking do Banco do Brasil.&nbsp;<a href=\"http:\/\/faq-login-unico.servicos.gov.br\/en\/latest\/_perguntasdafaq\/comoadquirircadastroviainternetbankingbancoscredenciados.html\" target=\"_blank\" rel=\"noreferrer noopener\">Orienta\u00e7\u00f5es para aquisi\u00e7\u00e3o do Selo Internet Banking do Bancos Credenciados<\/a>.<\/li><\/ul>\n\n\n\n<p><\/p>\n\n\n\n<h3 class=\"wp-block-heading\"><strong>N\u00edvel Verificado &#8211; Ouro<\/strong><\/h3>\n\n\n\n<ul class=\"wp-block-list\"><li><strong><strong>Selo de Certificado Digital de Pessoa F\u00edsica<\/strong>: Valida\u00e7\u00e3o do cadastro do cidad\u00e3o por meio da utiliza\u00e7\u00e3o de certificado digital de pessoal f\u00edsica.\u00a0<a href=\"http:\/\/faq-login-unico.servicos.gov.br\/en\/latest\/_perguntasdafaq\/comoadquirircertificadodigitalpessoafisica.html\">Orienta\u00e7\u00f5es para aquisi\u00e7\u00e3o do Selo de Certificado Digital de Pessoa F\u00edsica<\/a>.<\/strong><\/li><\/ul>\n","protected":false},"excerpt":{"rendered":"<p>Os N\u00edveis de Autentica\u00e7\u00e3o tem como principal caracter\u00edstica ser um recurso de seguran\u00e7a da informa\u00e7\u00e3o da identidade, que permitem flexibilidade para realiza\u00e7\u00e3o do acesso. Possuem a divis\u00e3o: N\u00edvel B\u00e1sico &#8211; Bronze N\u00edvel Verificado &#8211; Prata N\u00edvel Comprovado &#8211; Ouro Os Selos de Confiabilidade est\u00e3o presentes em cada n\u00edvel de autentica\u00e7\u00e3o e consistem em orientar para [&hellip;]<\/p>\n","protected":false},"author":1,"featured_media":0,"parent":0,"menu_order":0,"comment_status":"closed","ping_status":"closed","template":"","meta":{"footnotes":""},"class_list":["post-6397","page","type-page","status-publish","hentry"],"_links":{"self":[{"href":"http:\/\/www.indaial.sc.gov.br\/empreendedor\/index.php\/wp-json\/wp\/v2\/pages\/6397","targetHints":{"allow":["GET"]}}],"collection":[{"href":"http:\/\/www.indaial.sc.gov.br\/empreendedor\/index.php\/wp-json\/wp\/v2\/pages"}],"about":[{"href":"http:\/\/www.indaial.sc.gov.br\/empreendedor\/index.php\/wp-json\/wp\/v2\/types\/page"}],"author":[{"embeddable":true,"href":"http:\/\/www.indaial.sc.gov.br\/empreendedor\/index.php\/wp-json\/wp\/v2\/users\/1"}],"replies":[{"embeddable":true,"href":"http:\/\/www.indaial.sc.gov.br\/empreendedor\/index.php\/wp-json\/wp\/v2\/comments?post=6397"}],"version-history":[{"count":8,"href":"http:\/\/www.indaial.sc.gov.br\/empreendedor\/index.php\/wp-json\/wp\/v2\/pages\/6397\/revisions"}],"predecessor-version":[{"id":6423,"href":"http:\/\/www.indaial.sc.gov.br\/empreendedor\/index.php\/wp-json\/wp\/v2\/pages\/6397\/revisions\/6423"}],"wp:attachment":[{"href":"http:\/\/www.indaial.sc.gov.br\/empreendedor\/index.php\/wp-json\/wp\/v2\/media?parent=6397"}],"curies":[{"name":"wp","href":"https:\/\/api.w.org\/{rel}","templated":true}]}}