{"id":876,"date":"2020-03-16T18:55:08","date_gmt":"2020-03-16T21:55:08","guid":{"rendered":"http:\/\/www.indaial.sc.gov.br\/empreendedor\/?page_id=876"},"modified":"2020-03-19T17:38:08","modified_gmt":"2020-03-19T20:38:08","slug":"como-preencher-a-fac","status":"publish","type":"page","link":"http:\/\/www.indaial.sc.gov.br\/empreendedor\/index.php\/como-preencher-a-fac\/","title":{"rendered":"Como Preencher a FAC"},"content":{"rendered":"\n<p>Os contadores para que possam realizar o cadastro, altera\u00e7\u00e3o ou baixa de seus clientes devem realizar o preenchimento da FAC na Escrita Fiscal do munic\u00edpio, para tanto deve seguir os seguintes passos.<\/p>\n\n\n\n<ul class=\"wp-block-list\"><li>Acessar o site do munic\u00edpio: <a href=\"http:\/\/www.indaial.sc.gov.br\" target=\"_blank\" rel=\"noreferrer noopener\" aria-label=\"www.indaial.sc.gov.br (abre numa nova aba)\">www.indaial.sc.gov.br<\/a>;<\/li><li>Logar com a senha de contador no Auto Atendimento;<\/li><\/ul>\n\n\n\n<figure class=\"wp-block-image size-large\"><img fetchpriority=\"high\" decoding=\"async\" width=\"1024\" height=\"744\" src=\"http:\/\/www.indaial.sc.gov.br\/empreendedor\/wp-content\/uploads\/2020\/03\/image-15-1024x744.png\" alt=\"\" class=\"wp-image-878\" srcset=\"http:\/\/www.indaial.sc.gov.br\/empreendedor\/wp-content\/uploads\/2020\/03\/image-15-1024x744.png 1024w, http:\/\/www.indaial.sc.gov.br\/empreendedor\/wp-content\/uploads\/2020\/03\/image-15-300x218.png 300w, http:\/\/www.indaial.sc.gov.br\/empreendedor\/wp-content\/uploads\/2020\/03\/image-15-768x558.png 768w, http:\/\/www.indaial.sc.gov.br\/empreendedor\/wp-content\/uploads\/2020\/03\/image-15.png 1166w\" sizes=\"(max-width: 1024px) 100vw, 1024px\" \/><\/figure>\n\n\n\n<ul class=\"wp-block-list\"><li>Acessar a Escrita Fiscal no canto superior esquerdo;<\/li><\/ul>\n\n\n\n<figure class=\"wp-block-image size-large\"><img decoding=\"async\" width=\"1024\" height=\"629\" src=\"http:\/\/www.indaial.sc.gov.br\/empreendedor\/wp-content\/uploads\/2020\/03\/image-16-1024x629.png\" alt=\"\" class=\"wp-image-880\" srcset=\"http:\/\/www.indaial.sc.gov.br\/empreendedor\/wp-content\/uploads\/2020\/03\/image-16-1024x629.png 1024w, http:\/\/www.indaial.sc.gov.br\/empreendedor\/wp-content\/uploads\/2020\/03\/image-16-300x184.png 300w, http:\/\/www.indaial.sc.gov.br\/empreendedor\/wp-content\/uploads\/2020\/03\/image-16-768x472.png 768w, http:\/\/www.indaial.sc.gov.br\/empreendedor\/wp-content\/uploads\/2020\/03\/image-16.png 1170w\" sizes=\"(max-width: 1024px) 100vw, 1024px\" \/><\/figure>\n\n\n\n<ul class=\"wp-block-list\"><li>Acesse o menu FAC &#8211; Manuten\u00e7\u00e3o;<\/li><\/ul>\n\n\n\n<figure class=\"wp-block-image size-large\"><img decoding=\"async\" width=\"766\" height=\"454\" src=\"http:\/\/www.indaial.sc.gov.br\/empreendedor\/wp-content\/uploads\/2020\/03\/image-17.png\" alt=\"\" class=\"wp-image-882\" srcset=\"http:\/\/www.indaial.sc.gov.br\/empreendedor\/wp-content\/uploads\/2020\/03\/image-17.png 766w, http:\/\/www.indaial.sc.gov.br\/empreendedor\/wp-content\/uploads\/2020\/03\/image-17-300x178.png 300w\" sizes=\"(max-width: 766px) 100vw, 766px\" \/><\/figure>\n\n\n\n<ul class=\"wp-block-list\"><li>Clicar no bot\u00e3o direito &#8211; Incluir<\/li><\/ul>\n\n\n\n<figure class=\"wp-block-image size-large\"><img loading=\"lazy\" decoding=\"async\" width=\"1024\" height=\"152\" src=\"http:\/\/www.indaial.sc.gov.br\/empreendedor\/wp-content\/uploads\/2020\/03\/image-19-1024x152.png\" alt=\"\" class=\"wp-image-884\" srcset=\"http:\/\/www.indaial.sc.gov.br\/empreendedor\/wp-content\/uploads\/2020\/03\/image-19-1024x152.png 1024w, http:\/\/www.indaial.sc.gov.br\/empreendedor\/wp-content\/uploads\/2020\/03\/image-19-300x44.png 300w, http:\/\/www.indaial.sc.gov.br\/empreendedor\/wp-content\/uploads\/2020\/03\/image-19-768x114.png 768w, http:\/\/www.indaial.sc.gov.br\/empreendedor\/wp-content\/uploads\/2020\/03\/image-19-1536x228.png 1536w, http:\/\/www.indaial.sc.gov.br\/empreendedor\/wp-content\/uploads\/2020\/03\/image-19.png 1915w\" sizes=\"(max-width: 1024px) 100vw, 1024px\" \/><\/figure>\n\n\n\n<ul class=\"wp-block-list\"><li>Selecionar o tipo de FAC;<\/li><\/ul>\n\n\n\n<figure class=\"wp-block-image size-large\"><img loading=\"lazy\" decoding=\"async\" width=\"777\" height=\"278\" src=\"http:\/\/www.indaial.sc.gov.br\/empreendedor\/wp-content\/uploads\/2020\/03\/image-24.png\" alt=\"\" class=\"wp-image-898\" srcset=\"http:\/\/www.indaial.sc.gov.br\/empreendedor\/wp-content\/uploads\/2020\/03\/image-24.png 777w, http:\/\/www.indaial.sc.gov.br\/empreendedor\/wp-content\/uploads\/2020\/03\/image-24-300x107.png 300w, http:\/\/www.indaial.sc.gov.br\/empreendedor\/wp-content\/uploads\/2020\/03\/image-24-768x275.png 768w\" sizes=\"(max-width: 777px) 100vw, 777px\" \/><\/figure>\n\n\n\n<ul class=\"wp-block-list\"><li>Preencher em todas as abas, no m\u00ednimo, todos os campos em vermelho e, ao final, clicar em confirmar para que a FAC seja gravada;<\/li><\/ul>\n\n\n\n<figure class=\"wp-block-image size-large\"><img loading=\"lazy\" decoding=\"async\" width=\"762\" height=\"801\" src=\"http:\/\/www.indaial.sc.gov.br\/empreendedor\/wp-content\/uploads\/2020\/03\/image-25.png\" alt=\"\" class=\"wp-image-899\" srcset=\"http:\/\/www.indaial.sc.gov.br\/empreendedor\/wp-content\/uploads\/2020\/03\/image-25.png 762w, http:\/\/www.indaial.sc.gov.br\/empreendedor\/wp-content\/uploads\/2020\/03\/image-25-285x300.png 285w\" sizes=\"(max-width: 762px) 100vw, 762px\" \/><\/figure>\n\n\n\n<ul class=\"wp-block-list\"><li>Retornar ao menu FAC \/ Manuten\u00e7\u00e3o;<\/li><li>Na nova tela clicar em consultar;<\/li><li>Ser\u00e3o apresentadas as FAC\u00b4s j\u00e1 preenchidas, devendo ent\u00e3o ser impressa a FAC desejada clicando na impressora localizada na coluna a\u00e7\u00f5es no lado direito da tela.<\/li><\/ul>\n\n\n\n<figure class=\"wp-block-image size-large\"><img loading=\"lazy\" decoding=\"async\" width=\"1024\" height=\"160\" src=\"http:\/\/www.indaial.sc.gov.br\/empreendedor\/wp-content\/uploads\/2020\/03\/image-26-1024x160.png\" alt=\"\" class=\"wp-image-900\" srcset=\"http:\/\/www.indaial.sc.gov.br\/empreendedor\/wp-content\/uploads\/2020\/03\/image-26-1024x160.png 1024w, http:\/\/www.indaial.sc.gov.br\/empreendedor\/wp-content\/uploads\/2020\/03\/image-26-300x47.png 300w, http:\/\/www.indaial.sc.gov.br\/empreendedor\/wp-content\/uploads\/2020\/03\/image-26-768x120.png 768w, http:\/\/www.indaial.sc.gov.br\/empreendedor\/wp-content\/uploads\/2020\/03\/image-26-1536x240.png 1536w, http:\/\/www.indaial.sc.gov.br\/empreendedor\/wp-content\/uploads\/2020\/03\/image-26.png 1897w\" sizes=\"(max-width: 1024px) 100vw, 1024px\" \/><\/figure>\n\n\n\n<ul class=\"wp-block-list\"><li>Por fim a documenta\u00e7\u00e3o de <a href=\"http:\/\/www.indaial.sc.gov.br\/empreendedor\/index.php\/como-abrir-sua-empresa\/\" target=\"_blank\" rel=\"noreferrer noopener\" aria-label=\" (abre numa nova aba)\">cadastro <\/a>ou <a href=\"http:\/\/www.indaial.sc.gov.br\/empreendedor\/index.php\/alteracao-de-endereco-e-ou-atividade-de-empresas\/\" target=\"_blank\" rel=\"noreferrer noopener\" aria-label=\"altera\u00e7\u00e3o  (abre numa nova aba)\">altera\u00e7\u00e3o <\/a>deve ser enviada na op\u00e7\u00e3o <a href=\"http:\/\/www.indaial.sc.gov.br\/empreendedor\/index.php\/protocolo-on-line\/\" target=\"_blank\" rel=\"noreferrer noopener\" aria-label=\"Emiss\u00e3o de Protocolo (abre numa nova aba)\">Emiss\u00e3o de Protocolo<\/a><\/li><\/ul>\n\n\n\n<p>Importante: Ap\u00f3s a an\u00e1lise da FAC e demais documentos enviados, sendo a mesma deferida, o contador dever\u00e1 emitir as guias de pagamento dos alvar\u00e1s na op\u00e7\u00e3o <a href=\"http:\/\/www.indaial.sc.gov.br\/empreendedor\/index.php\/emissao-de-guias-alvara-iss\/\" target=\"_blank\" rel=\"noreferrer noopener\" aria-label=\"Emiss\u00e3o de Guias ISS\/Alvar\u00e1 (abre numa nova aba)\">Emiss\u00e3o de Guias ISS\/Alvar\u00e1<\/a>, no caso de cadastro novo, e posteriormente poder\u00e1 ser emitido o alvar\u00e1 de funcionamento na op\u00e7\u00e3o <a href=\"http:\/\/www.indaial.sc.gov.br\/empreendedor\/index.php\/emissao-de-alvara\/\" target=\"_blank\" rel=\"noreferrer noopener\" aria-label=\"Emiss\u00e3o de Alvar\u00e1 (abre numa nova aba)\">Emiss\u00e3o de Alvar\u00e1<\/a>.<\/p>\n","protected":false},"excerpt":{"rendered":"<p>Os contadores para que possam realizar o cadastro, altera\u00e7\u00e3o ou baixa de seus clientes devem realizar o preenchimento da FAC na Escrita Fiscal do munic\u00edpio, para tanto deve seguir os seguintes passos. Acessar o site do munic\u00edpio: www.indaial.sc.gov.br; Logar com a senha de contador no Auto Atendimento; Acessar a Escrita Fiscal no canto superior esquerdo; [&hellip;]<\/p>\n","protected":false},"author":1,"featured_media":0,"parent":0,"menu_order":0,"comment_status":"closed","ping_status":"closed","template":"","meta":{"footnotes":""},"class_list":["post-876","page","type-page","status-publish","hentry"],"_links":{"self":[{"href":"http:\/\/www.indaial.sc.gov.br\/empreendedor\/index.php\/wp-json\/wp\/v2\/pages\/876","targetHints":{"allow":["GET"]}}],"collection":[{"href":"http:\/\/www.indaial.sc.gov.br\/empreendedor\/index.php\/wp-json\/wp\/v2\/pages"}],"about":[{"href":"http:\/\/www.indaial.sc.gov.br\/empreendedor\/index.php\/wp-json\/wp\/v2\/types\/page"}],"author":[{"embeddable":true,"href":"http:\/\/www.indaial.sc.gov.br\/empreendedor\/index.php\/wp-json\/wp\/v2\/users\/1"}],"replies":[{"embeddable":true,"href":"http:\/\/www.indaial.sc.gov.br\/empreendedor\/index.php\/wp-json\/wp\/v2\/comments?post=876"}],"version-history":[{"count":8,"href":"http:\/\/www.indaial.sc.gov.br\/empreendedor\/index.php\/wp-json\/wp\/v2\/pages\/876\/revisions"}],"predecessor-version":[{"id":1057,"href":"http:\/\/www.indaial.sc.gov.br\/empreendedor\/index.php\/wp-json\/wp\/v2\/pages\/876\/revisions\/1057"}],"wp:attachment":[{"href":"http:\/\/www.indaial.sc.gov.br\/empreendedor\/index.php\/wp-json\/wp\/v2\/media?parent=876"}],"curies":[{"name":"wp","href":"https:\/\/api.w.org\/{rel}","templated":true}]}}