{"id":949,"date":"2020-03-17T11:58:47","date_gmt":"2020-03-17T14:58:47","guid":{"rendered":"http:\/\/www.indaial.sc.gov.br\/empreendedor\/?page_id=949"},"modified":"2024-05-08T10:38:10","modified_gmt":"2024-05-08T13:38:10","slug":"como-emitir-nfs-e-pessoas-juridicas","status":"publish","type":"page","link":"http:\/\/www.indaial.sc.gov.br\/empreendedor\/index.php\/como-emitir-nfs-e-pessoas-juridicas\/","title":{"rendered":"Como emitir NFS-e &#8211; Pessoas Jur\u00eddicas"},"content":{"rendered":"\n<p>As pessoas jur\u00eddicas estabelecidas em Indaial podem efetuar a emiss\u00e3o de sua nota de servi\u00e7o pelo <a rel=\"noreferrer noopener\" aria-label=\"site  (abre numa nova aba)\" href=\"http:\/\/www.nfs-e.net\" target=\"_blank\">site <\/a>ou aplicativo (buscar por NFS-e e baixar o APP da IPM). Os MEIs dever\u00e3o acessar o <a href=\"https:\/\/www.gov.br\/empresas-e-negocios\/pt-br\/empreendedor\/servicos-para-mei\/nota-fiscal\/nota-fiscal-de-servico-eletronica-nfs-e\">emissor nacional<\/a>.<\/p>\n\n\n\n<p>Obs.: As pessoas f\u00edsicas devem emitr a Nota Fiscal de Servi\u00e7o Avulsa (NFS-a), confira como clicando <a href=\"http:\/\/www.indaial.sc.gov.br\/empreendedor\/index.php\/como-emitir-nota-fiscal-de-servico-avulsa-pessoas-fisicas\/\" data-type=\"page\" data-id=\"4524\" target=\"_blank\" rel=\"noreferrer noopener\">aqui<\/a>.<\/p>\n\n\n\n<p>Para emiss\u00e3o da NFS-e devem ser seguidos os seguintes passos:<\/p>\n\n\n\n<ul class=\"wp-block-list\">\n<li>Acessar o site <a href=\"http:\/\/www.nfs-e.net\" target=\"_blank\" rel=\"noreferrer noopener\" aria-label=\" (abre numa nova aba)\">www.nfs-e.net<\/a><\/li>\n\n\n\n<li>Informar o CNPJ e a senha (caso a empresa n\u00e3o tenha acesso dever\u00e1 o <a href=\"http:\/\/www.indaial.sc.gov.br\/empreendedor\/index.php\/solicitacao-de-acesso-demais-contribuintes\/\">solicitar pelo portal<\/a> ou comparecer a Sala do Empreendedor)<\/li>\n<\/ul>\n\n\n\n<figure class=\"wp-block-image size-large\"><img fetchpriority=\"high\" decoding=\"async\" width=\"988\" height=\"531\" src=\"http:\/\/www.indaial.sc.gov.br\/empreendedor\/wp-content\/uploads\/2020\/03\/image-29.png\" alt=\"\" class=\"wp-image-950\" srcset=\"http:\/\/www.indaial.sc.gov.br\/empreendedor\/wp-content\/uploads\/2020\/03\/image-29.png 988w, http:\/\/www.indaial.sc.gov.br\/empreendedor\/wp-content\/uploads\/2020\/03\/image-29-300x161.png 300w, http:\/\/www.indaial.sc.gov.br\/empreendedor\/wp-content\/uploads\/2020\/03\/image-29-768x413.png 768w\" sizes=\"(max-width: 988px) 100vw, 988px\" \/><\/figure>\n\n\n\n<ul class=\"wp-block-list\">\n<li>Na nova tela, caso a tela pra preenchimento da nota n\u00e3o seja apresentada automaticamente, ser\u00e1 necess\u00e1rio clicar no menu Nota Fiscal &#8211; Emiss\u00e3o<\/li>\n<\/ul>\n\n\n\n<figure class=\"wp-block-image size-large\"><img decoding=\"async\" width=\"639\" height=\"152\" src=\"http:\/\/www.indaial.sc.gov.br\/empreendedor\/wp-content\/uploads\/2020\/03\/image-30.png\" alt=\"\" class=\"wp-image-953\" srcset=\"http:\/\/www.indaial.sc.gov.br\/empreendedor\/wp-content\/uploads\/2020\/03\/image-30.png 639w, http:\/\/www.indaial.sc.gov.br\/empreendedor\/wp-content\/uploads\/2020\/03\/image-30-300x71.png 300w\" sizes=\"(max-width: 639px) 100vw, 639px\" \/><\/figure>\n\n\n\n<ul class=\"wp-block-list\">\n<li>Na tela da nota todos os campos em vermelho devem ser preenchidos obrigatoriamente<\/li>\n\n\n\n<li>Destacamos a op\u00e7\u00e3o de copiar nota, assim, caso j\u00e1 tenha ocorrido a emiss\u00e3o de uma nota este poder\u00e1 ser copiada sendo necess\u00e1rio preencher apenas os campos n\u00e3o preenchidos de forma autom\u00e1tica.<\/li>\n\n\n\n<li>Ap\u00f3s o preenchimentos dos campos obrigat\u00f3rios \u00e9 necess\u00e1rio clicar em &#8220;Salvar\/Adicionar Servi\u00e7o&#8221; para que o valor seja acrescentando a nota, sendo poss\u00edvel incluir mais servi\u00e7os na mesma nota caso seja necess\u00e1rio.<\/li>\n<\/ul>\n\n\n\n<figure class=\"wp-block-image size-full is-resized\"><img decoding=\"async\" width=\"1024\" height=\"764\" src=\"http:\/\/www.indaial.sc.gov.br\/empreendedor\/wp-content\/uploads\/2024\/05\/TELA.png\" alt=\"\" class=\"wp-image-6738\" style=\"width:841px;height:auto\" srcset=\"http:\/\/www.indaial.sc.gov.br\/empreendedor\/wp-content\/uploads\/2024\/05\/TELA.png 1024w, http:\/\/www.indaial.sc.gov.br\/empreendedor\/wp-content\/uploads\/2024\/05\/TELA-300x224.png 300w, http:\/\/www.indaial.sc.gov.br\/empreendedor\/wp-content\/uploads\/2024\/05\/TELA-768x573.png 768w\" sizes=\"(max-width: 1024px) 100vw, 1024px\" \/><\/figure>\n\n\n\n<ul class=\"wp-block-list\">\n<li>Com todos os campos preenchido ser\u00e1 necess\u00e1rio clicar a op\u00e7\u00e3o &#8220;Emitir NFS-e&#8221; localizada no canto inferior esquerdo da tela.<\/li>\n<\/ul>\n\n\n\n<figure class=\"wp-block-image size-large\"><img loading=\"lazy\" decoding=\"async\" width=\"1024\" height=\"498\" src=\"http:\/\/www.indaial.sc.gov.br\/empreendedor\/wp-content\/uploads\/2020\/03\/image-32-1024x498.png\" alt=\"\" class=\"wp-image-957\" srcset=\"http:\/\/www.indaial.sc.gov.br\/empreendedor\/wp-content\/uploads\/2020\/03\/image-32-1024x498.png 1024w, http:\/\/www.indaial.sc.gov.br\/empreendedor\/wp-content\/uploads\/2020\/03\/image-32-300x146.png 300w, http:\/\/www.indaial.sc.gov.br\/empreendedor\/wp-content\/uploads\/2020\/03\/image-32-768x373.png 768w, http:\/\/www.indaial.sc.gov.br\/empreendedor\/wp-content\/uploads\/2020\/03\/image-32-1536x747.png 1536w, http:\/\/www.indaial.sc.gov.br\/empreendedor\/wp-content\/uploads\/2020\/03\/image-32.png 1539w\" sizes=\"(max-width: 1024px) 100vw, 1024px\" \/><\/figure>\n\n\n\n<ul class=\"wp-block-list\">\n<li>Ser\u00e1 apresentada uma nova tela para confer\u00eancia de dados, sendo necess\u00e1rio clicar novamente na op\u00e7\u00e3o &#8220;Emitir NFS-e&#8221; para que a nota seja efetivamente salva.<\/li>\n<\/ul>\n\n\n\n<figure class=\"wp-block-image size-large\"><img loading=\"lazy\" decoding=\"async\" width=\"964\" height=\"501\" src=\"http:\/\/www.indaial.sc.gov.br\/empreendedor\/wp-content\/uploads\/2020\/03\/image-33.png\" alt=\"\" class=\"wp-image-958\" srcset=\"http:\/\/www.indaial.sc.gov.br\/empreendedor\/wp-content\/uploads\/2020\/03\/image-33.png 964w, http:\/\/www.indaial.sc.gov.br\/empreendedor\/wp-content\/uploads\/2020\/03\/image-33-300x156.png 300w, http:\/\/www.indaial.sc.gov.br\/empreendedor\/wp-content\/uploads\/2020\/03\/image-33-768x399.png 768w\" sizes=\"(max-width: 964px) 100vw, 964px\" \/><\/figure>\n\n\n\n<ul class=\"wp-block-list\">\n<li>O sistema retornar\u00e1 para a tela anterior apresentando a nota emitida, permitindo que esta seja impressa e\/ou enviada por e-mail.<\/li>\n<\/ul>\n\n\n\n<figure class=\"wp-block-image size-large\"><img loading=\"lazy\" decoding=\"async\" width=\"1024\" height=\"260\" src=\"http:\/\/www.indaial.sc.gov.br\/empreendedor\/wp-content\/uploads\/2020\/03\/image-34-1024x260.png\" alt=\"\" class=\"wp-image-959\" srcset=\"http:\/\/www.indaial.sc.gov.br\/empreendedor\/wp-content\/uploads\/2020\/03\/image-34-1024x260.png 1024w, http:\/\/www.indaial.sc.gov.br\/empreendedor\/wp-content\/uploads\/2020\/03\/image-34-300x76.png 300w, http:\/\/www.indaial.sc.gov.br\/empreendedor\/wp-content\/uploads\/2020\/03\/image-34-768x195.png 768w, http:\/\/www.indaial.sc.gov.br\/empreendedor\/wp-content\/uploads\/2020\/03\/image-34.png 1505w\" sizes=\"(max-width: 1024px) 100vw, 1024px\" \/><\/figure>\n","protected":false},"excerpt":{"rendered":"<p>As pessoas jur\u00eddicas estabelecidas em Indaial podem efetuar a emiss\u00e3o de sua nota de servi\u00e7o pelo site ou aplicativo (buscar por NFS-e e baixar o APP da IPM). Os MEIs dever\u00e3o acessar o emissor nacional. Obs.: As pessoas f\u00edsicas devem emitr a Nota Fiscal de Servi\u00e7o Avulsa (NFS-a), confira como clicando aqui. Para emiss\u00e3o da [&hellip;]<\/p>\n","protected":false},"author":1,"featured_media":0,"parent":0,"menu_order":0,"comment_status":"closed","ping_status":"closed","template":"","meta":{"footnotes":""},"class_list":["post-949","page","type-page","status-publish","hentry"],"_links":{"self":[{"href":"http:\/\/www.indaial.sc.gov.br\/empreendedor\/index.php\/wp-json\/wp\/v2\/pages\/949","targetHints":{"allow":["GET"]}}],"collection":[{"href":"http:\/\/www.indaial.sc.gov.br\/empreendedor\/index.php\/wp-json\/wp\/v2\/pages"}],"about":[{"href":"http:\/\/www.indaial.sc.gov.br\/empreendedor\/index.php\/wp-json\/wp\/v2\/types\/page"}],"author":[{"embeddable":true,"href":"http:\/\/www.indaial.sc.gov.br\/empreendedor\/index.php\/wp-json\/wp\/v2\/users\/1"}],"replies":[{"embeddable":true,"href":"http:\/\/www.indaial.sc.gov.br\/empreendedor\/index.php\/wp-json\/wp\/v2\/comments?post=949"}],"version-history":[{"count":15,"href":"http:\/\/www.indaial.sc.gov.br\/empreendedor\/index.php\/wp-json\/wp\/v2\/pages\/949\/revisions"}],"predecessor-version":[{"id":6739,"href":"http:\/\/www.indaial.sc.gov.br\/empreendedor\/index.php\/wp-json\/wp\/v2\/pages\/949\/revisions\/6739"}],"wp:attachment":[{"href":"http:\/\/www.indaial.sc.gov.br\/empreendedor\/index.php\/wp-json\/wp\/v2\/media?parent=949"}],"curies":[{"name":"wp","href":"https:\/\/api.w.org\/{rel}","templated":true}]}}