{"id":969,"date":"2020-03-17T14:15:45","date_gmt":"2020-03-17T17:15:45","guid":{"rendered":"http:\/\/www.indaial.sc.gov.br\/empreendedor\/?page_id=969"},"modified":"2020-03-17T14:16:09","modified_gmt":"2020-03-17T17:16:09","slug":"como-emitir-as-guias-do-alvara","status":"publish","type":"page","link":"http:\/\/www.indaial.sc.gov.br\/empreendedor\/index.php\/como-emitir-as-guias-do-alvara\/","title":{"rendered":"Como emitir as guias do Alvar\u00e1"},"content":{"rendered":"\n<p>As contabilidade, bem como os contribuinte do munic\u00edpio podem emitir suas guias para pagamento do alvar\u00e1, assim como o pr\u00f3prio alvar\u00e1, no portal do munic\u00edpio, para tanto dever\u00e3o seguir os seguintes passos.<\/p>\n\n\n\n<ul class=\"wp-block-list\"><li>Acessar o site do munic\u00edpio <a href=\"http:\/\/www.indaial.sc.gov.br,\">www.indaial.sc.gov.br<\/a><\/li><li>Logar no auto atendimento, caso n\u00e3o tenha acesso \u00e9 necess\u00e1rio primeiro solicitar o acesso como <a href=\"http:\/\/www.indaial.sc.gov.br\/empreendedor\/index.php\/solicitacao-de-acesso-contadores-2\/\" target=\"_blank\" rel=\"noreferrer noopener\" aria-label=\" (abre numa nova aba)\">contador <\/a>ou <a href=\"http:\/\/www.indaial.sc.gov.br\/empreendedor\/index.php\/solicitacao-de-acesso-demais-contribuintes\/\" target=\"_blank\" rel=\"noreferrer noopener\" aria-label=\" (abre numa nova aba)\">demais contribuintes<\/a><\/li><\/ul>\n\n\n\n<figure class=\"wp-block-image size-large\"><img fetchpriority=\"high\" decoding=\"async\" width=\"1024\" height=\"815\" src=\"http:\/\/www.indaial.sc.gov.br\/empreendedor\/wp-content\/uploads\/2020\/03\/image-37-1024x815.png\" alt=\"\" class=\"wp-image-972\" srcset=\"http:\/\/www.indaial.sc.gov.br\/empreendedor\/wp-content\/uploads\/2020\/03\/image-37-1024x815.png 1024w, http:\/\/www.indaial.sc.gov.br\/empreendedor\/wp-content\/uploads\/2020\/03\/image-37-300x239.png 300w, http:\/\/www.indaial.sc.gov.br\/empreendedor\/wp-content\/uploads\/2020\/03\/image-37-768x611.png 768w, http:\/\/www.indaial.sc.gov.br\/empreendedor\/wp-content\/uploads\/2020\/03\/image-37.png 1151w\" sizes=\"(max-width: 1024px) 100vw, 1024px\" \/><\/figure>\n\n\n\n<ul class=\"wp-block-list\"><li>Na nova tela clicar em Selecionar Cliente no canto superior direito<\/li><\/ul>\n\n\n\n<figure class=\"wp-block-image size-large\"><img decoding=\"async\" width=\"1024\" height=\"289\" src=\"http:\/\/www.indaial.sc.gov.br\/empreendedor\/wp-content\/uploads\/2020\/03\/image-38-1024x289.png\" alt=\"\" class=\"wp-image-973\" srcset=\"http:\/\/www.indaial.sc.gov.br\/empreendedor\/wp-content\/uploads\/2020\/03\/image-38-1024x289.png 1024w, http:\/\/www.indaial.sc.gov.br\/empreendedor\/wp-content\/uploads\/2020\/03\/image-38-300x85.png 300w, http:\/\/www.indaial.sc.gov.br\/empreendedor\/wp-content\/uploads\/2020\/03\/image-38-768x217.png 768w, http:\/\/www.indaial.sc.gov.br\/empreendedor\/wp-content\/uploads\/2020\/03\/image-38.png 1158w\" sizes=\"(max-width: 1024px) 100vw, 1024px\" \/><\/figure>\n\n\n\n<ul class=\"wp-block-list\"><li>Com o cliente selecionar na op\u00e7\u00e3o de busca procurar pela palavra &#8220;alvar\u00e1&#8221;<\/li><li>Ser\u00e3o apresentados os resultados da busca devendo primeiro ser acessada a op\u00e7\u00e3o de &#8220;<a href=\"http:\/\/www.indaial.sc.gov.br\/empreendedor\/index.php\/emissao-de-guias-alvara-iss\/\" target=\"_blank\" rel=\"noreferrer noopener\" aria-label=\" (abre numa nova aba)\">Emiss\u00e3o de guias ISS\/Alvar\u00e1<\/a>&#8221; e ap\u00f3s tr\u00eas dias \u00fateis do pagamento poder\u00e1 ser acessada a op\u00e7\u00e3o de &#8220;Emiss\u00e3o de Alvar\u00e1&#8221;. <\/li><\/ul>\n\n\n\n<figure class=\"wp-block-image size-large\"><img decoding=\"async\" width=\"1024\" height=\"255\" src=\"http:\/\/www.indaial.sc.gov.br\/empreendedor\/wp-content\/uploads\/2020\/03\/image-39-1024x255.png\" alt=\"\" class=\"wp-image-974\" srcset=\"http:\/\/www.indaial.sc.gov.br\/empreendedor\/wp-content\/uploads\/2020\/03\/image-39-1024x255.png 1024w, http:\/\/www.indaial.sc.gov.br\/empreendedor\/wp-content\/uploads\/2020\/03\/image-39-300x75.png 300w, http:\/\/www.indaial.sc.gov.br\/empreendedor\/wp-content\/uploads\/2020\/03\/image-39-768x192.png 768w, http:\/\/www.indaial.sc.gov.br\/empreendedor\/wp-content\/uploads\/2020\/03\/image-39.png 1227w\" sizes=\"(max-width: 1024px) 100vw, 1024px\" \/><\/figure>\n","protected":false},"excerpt":{"rendered":"<p>As contabilidade, bem como os contribuinte do munic\u00edpio podem emitir suas guias para pagamento do alvar\u00e1, assim como o pr\u00f3prio alvar\u00e1, no portal do munic\u00edpio, para tanto dever\u00e3o seguir os seguintes passos. Acessar o site do munic\u00edpio www.indaial.sc.gov.br Logar no auto atendimento, caso n\u00e3o tenha acesso \u00e9 necess\u00e1rio primeiro solicitar o acesso como contador ou [&hellip;]<\/p>\n","protected":false},"author":1,"featured_media":0,"parent":0,"menu_order":0,"comment_status":"closed","ping_status":"closed","template":"","meta":{"footnotes":""},"class_list":["post-969","page","type-page","status-publish","hentry"],"_links":{"self":[{"href":"http:\/\/www.indaial.sc.gov.br\/empreendedor\/index.php\/wp-json\/wp\/v2\/pages\/969","targetHints":{"allow":["GET"]}}],"collection":[{"href":"http:\/\/www.indaial.sc.gov.br\/empreendedor\/index.php\/wp-json\/wp\/v2\/pages"}],"about":[{"href":"http:\/\/www.indaial.sc.gov.br\/empreendedor\/index.php\/wp-json\/wp\/v2\/types\/page"}],"author":[{"embeddable":true,"href":"http:\/\/www.indaial.sc.gov.br\/empreendedor\/index.php\/wp-json\/wp\/v2\/users\/1"}],"replies":[{"embeddable":true,"href":"http:\/\/www.indaial.sc.gov.br\/empreendedor\/index.php\/wp-json\/wp\/v2\/comments?post=969"}],"version-history":[{"count":2,"href":"http:\/\/www.indaial.sc.gov.br\/empreendedor\/index.php\/wp-json\/wp\/v2\/pages\/969\/revisions"}],"predecessor-version":[{"id":976,"href":"http:\/\/www.indaial.sc.gov.br\/empreendedor\/index.php\/wp-json\/wp\/v2\/pages\/969\/revisions\/976"}],"wp:attachment":[{"href":"http:\/\/www.indaial.sc.gov.br\/empreendedor\/index.php\/wp-json\/wp\/v2\/media?parent=969"}],"curies":[{"name":"wp","href":"https:\/\/api.w.org\/{rel}","templated":true}]}}